{"id":69692,"date":"2016-05-10T14:42:52","date_gmt":"2016-05-10T12:42:52","guid":{"rendered":"https:\/\/www.daliform.com\/?page_id=69692"},"modified":"2024-08-02T10:47:50","modified_gmt":"2024-08-02T08:47:50","slug":"rejilla-para-terrenos-ecuestres","status":"publish","type":"page","link":"https:\/\/www.daliform.com\/es\/rejilla-para-terrenos-ecuestres\/","title":{"rendered":"Easy Ride"},"content":{"rendered":"<p>[vc_row][vc_column width=\u00bb1\/4&#8243;][vc_single_image image=\u00bb63806&#8243; img_size=\u00bblarge\u00bb][\/vc_column][vc_column width=\u00bb3\/4&#8243;][vc_column_text]<\/p>\n<h5 style=\"text-align: justify;\">Easy Ride es la rejilla realizada con material pl\u00e1stico reciclado, ecocompatible y estabilizado con anti UV, que permite mejorar y estabilizar las superficies sujetas al paso de los animales, tambi\u00e9n grandes, tutelando su movilidad y salvaguardando la higiene general del ambiente en el cual viven.<\/h5>\n<p>[\/vc_column_text][vc_column_text]Easy Ride, gracias a sus caracter\u00edsticas de elasticidad y estabilidad, es particularmente id\u00f3neo para el sector de la equitaci\u00f3n, ya que impide que el caballo sufra traumas de las extremidades, sobre todo los causados por saltos o una velocidad muy alta, proporcionando al mismo tiempo una mayor \u201cadherencia\u201d y por consiguiente un mejor equilibrio din\u00e1mico.[\/vc_column_text][\/vc_column][\/vc_row]<\/p>\n","protected":false},"excerpt":{"rendered":"<p>Mejorar y estabilizar las superficies sujetas al paso de los animales tutelando su movilidad y salvaguardando la higiene general del ambiente.<\/p>\n","protected":false},"author":1,"featured_media":63794,"parent":0,"menu_order":33,"comment_status":"closed","ping_status":"closed","template":"template-product.php","meta":[],"acf":[],"aioseo_notices":[],"_links":{"self":[{"href":"https:\/\/www.daliform.com\/es\/wp-json\/wp\/v2\/pages\/69692"}],"collection":[{"href":"https:\/\/www.daliform.com\/es\/wp-json\/wp\/v2\/pages"}],"about":[{"href":"https:\/\/www.daliform.com\/es\/wp-json\/wp\/v2\/types\/page"}],"author":[{"embeddable":true,"href":"https:\/\/www.daliform.com\/es\/wp-json\/wp\/v2\/users\/1"}],"replies":[{"embeddable":true,"href":"https:\/\/www.daliform.com\/es\/wp-json\/wp\/v2\/comments?post=69692"}],"version-history":[{"count":2,"href":"https:\/\/www.daliform.com\/es\/wp-json\/wp\/v2\/pages\/69692\/revisions"}],"predecessor-version":[{"id":112999,"href":"https:\/\/www.daliform.com\/es\/wp-json\/wp\/v2\/pages\/69692\/revisions\/112999"}],"wp:featuredmedia":[{"embeddable":true,"href":"https:\/\/www.daliform.com\/es\/wp-json\/wp\/v2\/media\/63794"}],"wp:attachment":[{"href":"https:\/\/www.daliform.com\/es\/wp-json\/wp\/v2\/media?parent=69692"}],"curies":[{"name":"wp","href":"https:\/\/api.w.org\/{rel}","templated":true}]}}