{"id":69020,"date":"2016-05-10T16:29:52","date_gmt":"2016-05-10T14:29:52","guid":{"rendered":"https:\/\/www.daliform.com\/?page_id=69020"},"modified":"2021-10-13T15:51:45","modified_gmt":"2021-10-13T13:51:45","slug":"rejilla-protectora-para-cespedes-ya-formados","status":"publish","type":"page","link":"https:\/\/www.daliform.com\/es\/rejilla-protectora-para-cespedes-ya-formados\/","title":{"rendered":"Easy Park"},"content":{"rendered":"<p>[vc_row][vc_column width=\u00bb1\/4&#8243;][vc_single_image image=\u00bb63657&#8243; img_size=\u00bblarge\u00bb][\/vc_column][vc_column width=\u00bb3\/4&#8243;][vc_column_text]<\/p>\n<h5><strong>Easy Park\u00ae es un enrejado t\u00e9cnico muy versatil para pavimentar superficies naturales, realizado con resina termopl\u00e1stica estabilizada a los rayos UV y ecocompatible.<\/strong><\/h5>\n<p><strong>Representa la soluci\u00f3n ideal para crear recorridos transitables, zona de descanso, islas o senderos de forma permanente (o provisional) de acuerdo con las diferentes exigencias.<\/strong><br \/>\nLigero, f\u00e1cil e intuitivo para poner, Easy Park\u00ae es adecuado para superficies de cesped y en el que el enrejado s\u00f3lo se tiene que poner.[\/vc_column_text][\/vc_column][vc_column][vc_empty_space height=\u00bb15px\u00bb][vc_column_text]<\/p>\n<p style=\"text-align: justify;\"><strong>Easy Park\u00ae<\/strong> con su estructura especial protege, en todas las condiciones atmosf\u00e9ricas, el c\u00e9sped de las fuerzas producidas por el paso y el estacionamiento de los veh\u00edculos y al mismo tiempo fomenta el crecimiento y el enraizamiento natural del c\u00e9sped.<br \/>\nSe puede utilizar incluso para superficies de arena, tierra batida, terrenos con poca capacidad portante, etc.<br \/>\nGracias al desarrollo modular y al sistema de enganche macho\/hembra sencillo, permite preparar grandes superficies en poco tiempo. Si necesario, se quita con facilidad y r\u00e1pidamente y est\u00e1 listo para ser utilizado otra vez.<br \/>\nEasy Park\u00ae est\u00e1 disponible en los colores verde y gris oscuro.<\/p>\n<p>[\/vc_column_text][\/vc_column][\/vc_row]<\/p>\n","protected":false},"excerpt":{"rendered":"<p>Easy Park representa la soluci\u00f3n ideal para crear recorridos transitables, zona de descanso, islas o senderos de forma permanente o provisional.<\/p>\n","protected":false},"author":1,"featured_media":63646,"parent":0,"menu_order":32,"comment_status":"closed","ping_status":"closed","template":"template-product.php","meta":[],"acf":[],"aioseo_notices":[],"_links":{"self":[{"href":"https:\/\/www.daliform.com\/es\/wp-json\/wp\/v2\/pages\/69020"}],"collection":[{"href":"https:\/\/www.daliform.com\/es\/wp-json\/wp\/v2\/pages"}],"about":[{"href":"https:\/\/www.daliform.com\/es\/wp-json\/wp\/v2\/types\/page"}],"author":[{"embeddable":true,"href":"https:\/\/www.daliform.com\/es\/wp-json\/wp\/v2\/users\/1"}],"replies":[{"embeddable":true,"href":"https:\/\/www.daliform.com\/es\/wp-json\/wp\/v2\/comments?post=69020"}],"version-history":[{"count":0,"href":"https:\/\/www.daliform.com\/es\/wp-json\/wp\/v2\/pages\/69020\/revisions"}],"wp:featuredmedia":[{"embeddable":true,"href":"https:\/\/www.daliform.com\/es\/wp-json\/wp\/v2\/media\/63646"}],"wp:attachment":[{"href":"https:\/\/www.daliform.com\/es\/wp-json\/wp\/v2\/media?parent=69020"}],"curies":[{"name":"wp","href":"https:\/\/api.w.org\/{rel}","templated":true}]}}