{"id":68665,"date":"2016-05-10T17:14:52","date_gmt":"2016-05-10T15:14:52","guid":{"rendered":"https:\/\/www.daliform.com\/?page_id=68665"},"modified":"2024-07-30T15:28:12","modified_gmt":"2024-07-30T13:28:12","slug":"salvaprato-erby-rejilla-para-pavimentos-transitables","status":"publish","type":"page","link":"https:\/\/www.daliform.com\/es\/salvaprato-erby-rejilla-para-pavimentos-transitables\/","title":{"rendered":"Salvaprato Erby"},"content":{"rendered":"<p>[vc_row][vc_column width=\u00bb1\/4&#8243;][vc_single_image image=\u00bb62787&#8243; img_size=\u00bblarge\u00bb][\/vc_column][vc_column width=\u00bb3\/4&#8243;][vc_column_text]<\/p>\n<h5 style=\"text-align: justify;\"><strong>Salvaprato ERBY<\/strong> <strong>es una rejilla modular de pl\u00e1stico RECICLADO para el exterior que permite realizar pavimentos transitables con acabado de c\u00e9sped con grande ventaja bajo el perfil est\u00e9tico, funcional, ecol\u00f3gico y econ\u00f3mico.<\/strong><\/h5>\n<p>Protector de c\u00e9sped ERBY con su estructura especial protege, en todas las condiciones atmosf\u00e9ricas, el c\u00e9sped de las fuerzas producidas por el paso y el estacionamiento de los veh\u00edculos y al mismo tiempo fomenta el crecimiento y el enraizamiento natural del c\u00e9sped.[\/vc_column_text][\/vc_column][vc_column][vc_empty_space height=\u00bb15px\u00bb][vc_column_text]El principio es el de armar la superficie natural del terreno con unas rejillas de estructura celular muy robustas en las que la capa de hierba, permaneciendo algunos mm por debajo de las paredes verticales de la pavimentaci\u00f3n, queda protegida de ser aplastada.<br \/>\nSe coloca de una manera f\u00e1cil e intuitiva gracias al sistema simple de enganche macho\/hembra, permite preparar grandes superficies en poco tiempo.<br \/>\nProtector de c\u00e9sped ERBY est\u00e1 disponible en color verde.[\/vc_column_text][\/vc_column][\/vc_row]<\/p>\n","protected":false},"excerpt":{"rendered":"<p>Protector de c\u00e9sped ERBY es una rejilla modular de pl\u00e1stico para el exterior que permite realizar pavimentos transitables.<\/p>\n","protected":false},"author":1,"featured_media":62765,"parent":0,"menu_order":31,"comment_status":"closed","ping_status":"closed","template":"template-product.php","meta":[],"acf":[],"aioseo_notices":[],"_links":{"self":[{"href":"https:\/\/www.daliform.com\/es\/wp-json\/wp\/v2\/pages\/68665"}],"collection":[{"href":"https:\/\/www.daliform.com\/es\/wp-json\/wp\/v2\/pages"}],"about":[{"href":"https:\/\/www.daliform.com\/es\/wp-json\/wp\/v2\/types\/page"}],"author":[{"embeddable":true,"href":"https:\/\/www.daliform.com\/es\/wp-json\/wp\/v2\/users\/1"}],"replies":[{"embeddable":true,"href":"https:\/\/www.daliform.com\/es\/wp-json\/wp\/v2\/comments?post=68665"}],"version-history":[{"count":1,"href":"https:\/\/www.daliform.com\/es\/wp-json\/wp\/v2\/pages\/68665\/revisions"}],"predecessor-version":[{"id":112904,"href":"https:\/\/www.daliform.com\/es\/wp-json\/wp\/v2\/pages\/68665\/revisions\/112904"}],"wp:featuredmedia":[{"embeddable":true,"href":"https:\/\/www.daliform.com\/es\/wp-json\/wp\/v2\/media\/62765"}],"wp:attachment":[{"href":"https:\/\/www.daliform.com\/es\/wp-json\/wp\/v2\/media?parent=68665"}],"curies":[{"name":"wp","href":"https:\/\/api.w.org\/{rel}","templated":true}]}}