{"id":68155,"date":"2020-11-06T10:53:52","date_gmt":"2020-11-06T09:53:52","guid":{"rendered":"https:\/\/www.daliform.com\/?page_id=68155"},"modified":"2024-07-30T15:26:40","modified_gmt":"2024-07-30T13:26:40","slug":"green-park-rejilla-para-pavimentos-transitables","status":"publish","type":"page","link":"https:\/\/www.daliform.com\/es\/green-park-rejilla-para-pavimentos-transitables\/","title":{"rendered":"Green Park"},"content":{"rendered":"<p>[vc_row][vc_column width=\u00bb1\/4&#8243;][vc_single_image image=\u00bb62798&#8243; img_size=\u00bblarge\u00bb][\/vc_column][vc_column width=\u00bb3\/4&#8243;][vc_column_text]<\/p>\n<h5><strong>Green Park es un producto modular, FABRICADO CON PL\u00c1STICO RECICLADO. Hace que el c\u00e9sped resulte transitable protegiendo la superficie frente a los da\u00f1os provocados por el tr\u00e1fico y estacionamiento de veh\u00edculos con neum\u00e1ticos, incluidos los medios pesados.<\/strong><\/h5>\n<p>Reconocible por su efecto decorativo, es f\u00e1cil de colocar, no requiere mantenimiento y resiste durante mucho tiempo a los esfuerzos propios del uso en condiciones ambientales extremas.[\/vc_column_text][\/vc_column][vc_column][vc_empty_space height=\u00bb15px\u00bb][vc_column_text]Las dos caras opuestas de distinta forma, sumamente vers\u00e1tiles, permiten colocar Green Park por ambas caras; cara con las nervaduras m\u00e1s finas orientada hacia arriba para crear zonas transitables y pavimentos con acabado de c\u00e9sped o grava; cara con las nervaduras m\u00e1s finas orientada hacia abajo para crear zonas verdes provisionales de uso peatonal.<\/p>\n<p>Disponible en los colores verde y blanco para hacer juego con cualquier acabado, incluso con canto rodado, impidiendo adem\u00e1s su dispersi\u00f3n.[\/vc_column_text][\/vc_column][\/vc_row]<\/p>\n","protected":false},"excerpt":{"rendered":"<p>Green Park es un producto modular, fabricado con resina termopl\u00e1stica, ecol\u00f3gico y reciclable. Disponible en los colores verde y blanco.<\/p>\n","protected":false},"author":1,"featured_media":62677,"parent":0,"menu_order":30,"comment_status":"closed","ping_status":"closed","template":"template-product.php","meta":[],"acf":[],"aioseo_notices":[],"_links":{"self":[{"href":"https:\/\/www.daliform.com\/es\/wp-json\/wp\/v2\/pages\/68155"}],"collection":[{"href":"https:\/\/www.daliform.com\/es\/wp-json\/wp\/v2\/pages"}],"about":[{"href":"https:\/\/www.daliform.com\/es\/wp-json\/wp\/v2\/types\/page"}],"author":[{"embeddable":true,"href":"https:\/\/www.daliform.com\/es\/wp-json\/wp\/v2\/users\/1"}],"replies":[{"embeddable":true,"href":"https:\/\/www.daliform.com\/es\/wp-json\/wp\/v2\/comments?post=68155"}],"version-history":[{"count":1,"href":"https:\/\/www.daliform.com\/es\/wp-json\/wp\/v2\/pages\/68155\/revisions"}],"predecessor-version":[{"id":112902,"href":"https:\/\/www.daliform.com\/es\/wp-json\/wp\/v2\/pages\/68155\/revisions\/112902"}],"wp:featuredmedia":[{"embeddable":true,"href":"https:\/\/www.daliform.com\/es\/wp-json\/wp\/v2\/media\/62677"}],"wp:attachment":[{"href":"https:\/\/www.daliform.com\/es\/wp-json\/wp\/v2\/media?parent=68155"}],"curies":[{"name":"wp","href":"https:\/\/api.w.org\/{rel}","templated":true}]}}