{"id":67861,"date":"2016-05-13T09:04:52","date_gmt":"2016-05-13T07:04:52","guid":{"rendered":"https:\/\/www.daliform.com\/?page_id=67861"},"modified":"2024-07-30T15:24:21","modified_gmt":"2024-07-30T13:24:21","slug":"eco-rejilla-para-pavimentos-transitables","status":"publish","type":"page","link":"https:\/\/www.daliform.com\/es\/eco-rejilla-para-pavimentos-transitables\/","title":{"rendered":"E.C.O. di Pratopratico\u00ae"},"content":{"rendered":"<p>[vc_row][vc_column width=\u00bb1\/4&#8243;][vc_single_image image=\u00bb67811&#8243; img_size=\u00bblarge\u00bb][\/vc_column][vc_column width=\u00bb3\/4&#8243;][vc_column_text]<\/p>\n<h5 style=\"text-align: justify;\"><strong>E.C.O. di PRATOPRATICO\u00ae (Elemento transitable ornamental) es una rejilla modular de pl\u00e1stico reciclado para exteriores que permite realizar pavimentos transitables con acabados de prado, lo que ofrece grandes ventajas desde un punto de vista est\u00e9tico, funcional y ecol\u00f3gico.<\/strong><\/h5>\n<p><span lang=\"es\">E.C.O. di PRATOPRATICO\u00ae est\u00e1 hecho con mezclas de resinas termopl\u00e1sticas (mitad virgen con alto rendimiento tecno-mec\u00e1nico y mitad reciclado) capaces de ofrecer una excelente relaci\u00f3n calidad-precio.<\/span>[\/vc_column_text][\/vc_column][vc_column][vc_empty_space height=\u00bb15px\u00bb][vc_column_text]<span lang=\"es\">El uso de material reciclado, aunque representa una iniciativa loable desde un punto de vista ecol\u00f3gico, no siempre est\u00e1 libre de contraindicaciones. Sin embargo, un compuesto reciclado afecta favorablemente el precio, a expensas de la calidad y durabilidad del producto. Precisamente por esta raz\u00f3n, E.C.O. di PRATOPRATICO\u00ae est\u00e1 hecho de material virgen al 50%, para combinar favorablemente la rentabilidad y la calidad del producto.<\/span>[\/vc_column_text][\/vc_column][\/vc_row]<\/p>\n","protected":false},"excerpt":{"rendered":"<p>Protector de c\u00e9sped E.C.O. by Pratopratico es una rejilla modular de pl\u00e1stico para el exterior que permite realizar pavimentos transitables.<\/p>\n","protected":false},"author":1,"featured_media":62419,"parent":0,"menu_order":29,"comment_status":"closed","ping_status":"closed","template":"template-product.php","meta":[],"acf":[],"aioseo_notices":[],"_links":{"self":[{"href":"https:\/\/www.daliform.com\/es\/wp-json\/wp\/v2\/pages\/67861"}],"collection":[{"href":"https:\/\/www.daliform.com\/es\/wp-json\/wp\/v2\/pages"}],"about":[{"href":"https:\/\/www.daliform.com\/es\/wp-json\/wp\/v2\/types\/page"}],"author":[{"embeddable":true,"href":"https:\/\/www.daliform.com\/es\/wp-json\/wp\/v2\/users\/1"}],"replies":[{"embeddable":true,"href":"https:\/\/www.daliform.com\/es\/wp-json\/wp\/v2\/comments?post=67861"}],"version-history":[{"count":1,"href":"https:\/\/www.daliform.com\/es\/wp-json\/wp\/v2\/pages\/67861\/revisions"}],"predecessor-version":[{"id":112901,"href":"https:\/\/www.daliform.com\/es\/wp-json\/wp\/v2\/pages\/67861\/revisions\/112901"}],"wp:featuredmedia":[{"embeddable":true,"href":"https:\/\/www.daliform.com\/es\/wp-json\/wp\/v2\/media\/62419"}],"wp:attachment":[{"href":"https:\/\/www.daliform.com\/es\/wp-json\/wp\/v2\/media?parent=67861"}],"curies":[{"name":"wp","href":"https:\/\/api.w.org\/{rel}","templated":true}]}}