{"id":67775,"date":"2016-05-25T10:21:49","date_gmt":"2016-05-25T08:21:49","guid":{"rendered":"https:\/\/www.daliform.com\/?page_id=67775"},"modified":"2022-03-02T10:30:14","modified_gmt":"2022-03-02T09:30:14","slug":"cisternas-de-dispersion","status":"publish","type":"page","link":"https:\/\/www.daliform.com\/es\/encofrados-para-cisternas-de-acumulacion\/aplicaciones-atlantis-tank\/cisternas-de-dispersion\/","title":{"rendered":"Cisternas de dispersi\u00f3n"},"content":{"rendered":"<p>[vc_row padding_top=\u00bb0&#8243; padding_bottom=\u00bb0&#8243;][vc_column]\n\t<div class=\"custom-heading wpb_content_element  heading-medium\">\n\t\t<h2 class=\"heading-title\" >La cisterna realizada se puede sobrecargar directamente sobre la campana o bien se puede enterrar para realizar sobre la superficie un aparcamiento asfaltado o una zona verde.<\/h2>\n\t\t<span class=\"heading-line primary\"><\/span>\n\t<\/div>[\/vc_column][\/vc_row][vc_row][vc_column width=\u00bb1\/2&#8243;][vc_single_image image=\u00bb61271&#8243; img_size=\u00bbfull\u00bb][\/vc_column][vc_column width=\u00bb1\/2&#8243;][vc_column_text]<\/p>\n<h5 style=\"text-align: justify;\"><strong>Con respecto a las cisternas de recogida, las cisternas de dispersi\u00f3n no son perfectamente impermeables sino que permiten que el agua pluvial filtre gradualmente a la capa, a trav\u00e9s de ranuras en las paredes o de un fondo drenante.<\/strong><\/h5>\n<p style=\"text-align: justify;\"><strong>Las cisternas de dispersi\u00f3n son un medio para reequilibrar las capas empobrecidas por la cementificaci\u00f3n <\/strong>que ha reducido mucho la capacidad natural de drenaje del terreno. Como visto anteriormente, a nivel de cuenca fluvial las cisternas de dispersi\u00f3n podr\u00edan ser un instrumento id\u00f3neo para planificar, reduci\u00e9ndolo, el riesgo hidrogeol\u00f3gico.<\/p>\n<p>A <strong>nivel p\u00fablico<\/strong>, en escala de cuenca fluvial, los beneficios son notables:<br \/>\n\u2022 menos carga de la red de alcantarillado en ocasi\u00f3n de fuertes lluvias y consiguiente reducci\u00f3n de los caudales introducidos en las depuradoras y en el receptor final (r\u00edos, lagos, mar, etc.);<br \/>\n\u2022 se tutela el balance hidrol\u00f3gico local.[\/vc_column_text][\/vc_column][vc_column][vc_column_text]<\/p>\n<div>\n<div>\n<p><strong>La cisterna realizada se puede sobrecargar directamente sobre la campana o bien se puede enterrar para realizar sobre la superficie un aparcamiento asfaltado o una zona verde.<\/strong><\/p>\n<p style=\"text-align: justify;\">Considerando una escala m\u00e1s local se pueden definir otros \u00e1mbitos de actuaci\u00f3n como las redes de alcantarillado (aguas blancas y mixtas). Tambi\u00e9n en dichas redes repercuten las lluvias y normalmente tienen que sobredimensionarse al extenderse el \u00e1rea urbana. Utilizar las <strong>cisternas de dispersi\u00f3n<\/strong>, tambi\u00e9n concentradas en varios puntos del territorio donde convergen las aguas recogidas de bajantes de aguas pluviales procedentes de varias urbanizaciones, permitir\u00eda abatir los costes para la realizaci\u00f3n de muchas cuencas de escaso volumen y reducir los costes colectivos para consentir un aumento del caudal de las redes de alcantarillado. Un detenido an\u00e1lisis de costes-beneficios alentar\u00eda a las autoridades locales a poner v\u00ednculos urban\u00edsticos para dispersar localmente las aguas pluviales manteniendo el equilibrio h\u00eddrico, reduciendo los costes colectivos de gesti\u00f3n de la red, alimentando las capas locales, fomentando un desarrollo m\u00e1s sostenible.<\/p>\n<p><strong>A nivel p\u00fablico, en escala de municipio, los beneficios son:<\/strong><br \/>\n\u2022 no son necesarias potenciaciones de las redes p\u00fablicas de recogida ya que el exceso de aguas pluviales que no es absorbido por el terreno a nivel urbano, debido a la paulatina cementificaci\u00f3n, es retenida o dispersada en el propio lugar;<br \/>\n\u2022 disminuci\u00f3n del riesgo de saturaci\u00f3n de la red de alcantarillado<br \/>\n\u2022 alimentaci\u00f3n de las capas locales<\/p>\n<\/div>\n<\/div>\n<p>[\/vc_column_text][\/vc_column][\/vc_row][vc_row][vc_column][vc_separator][vc_column_text css=\u00bb.vc_custom_1633696366756{margin-bottom: 15px !important;}\u00bb]<strong><span lang=\"es\">PRODUCTOS RECOMENDADOS<\/span>:<\/strong>[\/vc_column_text][vc_empty_space height=\u00bb10px\u00bb][\/vc_column][vc_column][vc_masonry_grid post_type=\u00bbids\u00bb element_width=\u00bb3&#8243; grid_id=\u00bbvc_gid:1633696218631-b70c42ef-d5c2-2&#8243; include=\u00bb4620&#8243; el_class=\u00bbtext-size-p\u00bb][\/vc_column][\/vc_row]<\/p>\n","protected":false},"excerpt":{"rendered":"<p>Las cisternas de dispersi\u00f3n con Atlantis Tank tienen el objetivo de mitigar el efecto de llena provocada por eventos meteorol\u00f3gicos excepcionales.  <\/p>\n","protected":false},"author":1,"featured_media":61261,"parent":66999,"menu_order":2,"comment_status":"closed","ping_status":"closed","template":"","meta":[],"acf":[],"aioseo_notices":[],"_links":{"self":[{"href":"https:\/\/www.daliform.com\/es\/wp-json\/wp\/v2\/pages\/67775"}],"collection":[{"href":"https:\/\/www.daliform.com\/es\/wp-json\/wp\/v2\/pages"}],"about":[{"href":"https:\/\/www.daliform.com\/es\/wp-json\/wp\/v2\/types\/page"}],"author":[{"embeddable":true,"href":"https:\/\/www.daliform.com\/es\/wp-json\/wp\/v2\/users\/1"}],"replies":[{"embeddable":true,"href":"https:\/\/www.daliform.com\/es\/wp-json\/wp\/v2\/comments?post=67775"}],"version-history":[{"count":0,"href":"https:\/\/www.daliform.com\/es\/wp-json\/wp\/v2\/pages\/67775\/revisions"}],"up":[{"embeddable":true,"href":"https:\/\/www.daliform.com\/es\/wp-json\/wp\/v2\/pages\/66999"}],"wp:featuredmedia":[{"embeddable":true,"href":"https:\/\/www.daliform.com\/es\/wp-json\/wp\/v2\/media\/61261"}],"wp:attachment":[{"href":"https:\/\/www.daliform.com\/es\/wp-json\/wp\/v2\/media?parent=67775"}],"curies":[{"name":"wp","href":"https:\/\/api.w.org\/{rel}","templated":true}]}}