{"id":67722,"date":"2016-05-25T10:18:32","date_gmt":"2016-05-25T08:18:32","guid":{"rendered":"https:\/\/www.daliform.com\/?page_id=67722"},"modified":"2022-03-02T10:35:09","modified_gmt":"2022-03-02T09:35:09","slug":"cisternas-de-acumulacion","status":"publish","type":"page","link":"https:\/\/www.daliform.com\/es\/encofrados-para-cisternas-de-acumulacion\/aplicaciones-atlantis-tank\/cisternas-de-acumulacion\/","title":{"rendered":"Cisternas de acumulaci\u00f3n"},"content":{"rendered":"<p>[vc_row padding_top=\u00bb0&#8243; padding_bottom=\u00bb0&#8243;][vc_column]\n\t<div class=\"custom-heading wpb_content_element  heading-medium\">\n\t\t<h2 class=\"heading-title\" >Gracias a la modularidad, manejabilidad, rapidez de colocaci\u00f3n y gran capacidad de acumulaci\u00f3n en vertical, Atlantis es el medio ideal para realizar cisternas de gran volumen con unos costes extremadamente bajos.<\/h2>\n\t\t<span class=\"heading-line primary\"><\/span>\n\t<\/div>[\/vc_column][\/vc_row][vc_row][vc_column width=\u00bb1\/2&#8243;][vc_single_image image=\u00bb61235&#8243; img_size=\u00bbfull\u00bb][\/vc_column][vc_column width=\u00bb1\/2&#8243;][vc_column_text]<\/p>\n<div>\n<p style=\"text-align: justify;\">Su estructura con b\u00f3veda esf\u00e9rica, permite que la colada de hormig\u00f3n tenga una resistencia notable con unos espesores m\u00ednimos, tanto es que ser\u00e1 posible explotar el trasd\u00f3s de la cisterna como superficie \u00fatil para aparcamientos (por ejemplo: el aparcamiento de IKEA de Amsterdam) o bien para instalaciones deportivas (por ejemplo: canchas de tenis, campos de f\u00fatbol, etc.). El mismo principio se puede utilizar tambi\u00e9n en las construcciones residenciales, sea para viviendas individuales como para urbanizaciones. Efectivamente ser\u00e1 posible preparar unos oportunos vol\u00famenes a cubrir con los<strong> encofrados Atlantis<\/strong> que seguidamente se llenar\u00e1n con el agua pluvial recogida por el sistema de desag\u00fce de las aguas pluviales de los edificios. El volumen de agua recogido se podr\u00e1 utilizar para todas aquellas aplicaciones que no exigen agua potable, como la descarga del wc, la lavadora, el riego de los jardines, bombas contra incendios, etc. La cisterna se tiene que impermeabilizar oportunamente y se tiene que prever un desag\u00fce por rebose.<\/p>\n<p style=\"text-align: justify;\">El mantenimiento de las cisternas est\u00e1 garantizado <strong>por amplios espacios transitables dentro de la cisterna<\/strong>, garantizados por <strong>el empleo combinado del Sistema Atlantis y del accesorio Beton Up<\/strong>.<br \/>\nEs especialmente generosa la distancia que se obtiene entre las columnas con Atlantis 100%.<\/p>\n<\/div>\n<p>[\/vc_column_text][\/vc_column][\/vc_row][vc_row][vc_column][vc_column_text]<\/p>\n<div>\n<div>\n<div>\n<p style=\"text-align: justify;\"><strong>La cisterna realizada se puede sobrecargar directamente sobre la campana o bien se puede enterrar para realizar sobre la superficie un aparcamiento asfaltado o una zona verde.<\/strong><\/p>\n<p style=\"text-align: justify;\">En el <strong>sector privado<\/strong> el 50% de las necesidades diarias de agua se puede sustituir por aguas pluviales:<br \/>\n\u2022 para el riego (fomenta una absorci\u00f3n \u00f3ptima de los minerales);<br \/>\n\u2022 para la lavadora y las limpiezas del hogar (el agua pluvial no fomenta la formaci\u00f3n de cal);<br \/>\n\u2022 para la descarga del wc;<br \/>\n\u2022 para lavar el autom\u00f3vil<br \/>\nnaturalmente disponiendo gratuitamente del bien.<br \/>\nTambi\u00e9n en el sector industrial (f\u00e1bricas, oficinas) se puede utilizar el agua pluvial para los procesos productivos de refrigeraci\u00f3n, lavado, aclarado y cualquier otra aplicaci\u00f3n no alimentaria, como tambi\u00e9n para instalaciones contra incendios utilizando cisternas de acumulaci\u00f3n.<\/p>\n<\/div>\n<\/div>\n<\/div>\n<p>[\/vc_column_text][\/vc_column][\/vc_row][vc_row][vc_column][vc_separator][vc_column_text css=\u00bb.vc_custom_1633694743140{margin-bottom: 15px !important;}\u00bb]<strong><span lang=\"es\">PRODUCTOS RECOMENDADOS<\/span>:<\/strong>[\/vc_column_text][vc_empty_space height=\u00bb10px\u00bb][\/vc_column][vc_column][vc_masonry_grid post_type=\u00bbids\u00bb element_width=\u00bb3&#8243; grid_id=\u00bbvc_gid:1633694670282-7ed8cee1-f9f3-2&#8243; include=\u00bb4620&#8243; el_class=\u00bbtext-size-p\u00bb][\/vc_column][\/vc_row]<\/p>\n","protected":false},"excerpt":{"rendered":"<p>Atlantis Tank es el medio ideal para realizar cisternas de gran volumen con unos costes extremadamente bajos.<\/p>\n","protected":false},"author":1,"featured_media":61109,"parent":66999,"menu_order":1,"comment_status":"closed","ping_status":"closed","template":"","meta":[],"acf":[],"aioseo_notices":[],"_links":{"self":[{"href":"https:\/\/www.daliform.com\/es\/wp-json\/wp\/v2\/pages\/67722"}],"collection":[{"href":"https:\/\/www.daliform.com\/es\/wp-json\/wp\/v2\/pages"}],"about":[{"href":"https:\/\/www.daliform.com\/es\/wp-json\/wp\/v2\/types\/page"}],"author":[{"embeddable":true,"href":"https:\/\/www.daliform.com\/es\/wp-json\/wp\/v2\/users\/1"}],"replies":[{"embeddable":true,"href":"https:\/\/www.daliform.com\/es\/wp-json\/wp\/v2\/comments?post=67722"}],"version-history":[{"count":0,"href":"https:\/\/www.daliform.com\/es\/wp-json\/wp\/v2\/pages\/67722\/revisions"}],"up":[{"embeddable":true,"href":"https:\/\/www.daliform.com\/es\/wp-json\/wp\/v2\/pages\/66999"}],"wp:featuredmedia":[{"embeddable":true,"href":"https:\/\/www.daliform.com\/es\/wp-json\/wp\/v2\/media\/61109"}],"wp:attachment":[{"href":"https:\/\/www.daliform.com\/es\/wp-json\/wp\/v2\/media?parent=67722"}],"curies":[{"name":"wp","href":"https:\/\/api.w.org\/{rel}","templated":true}]}}