{"id":67678,"date":"2016-05-25T10:13:36","date_gmt":"2016-05-25T08:13:36","guid":{"rendered":"https:\/\/www.daliform.com\/?page_id=67678"},"modified":"2022-03-02T10:33:06","modified_gmt":"2022-03-02T09:33:06","slug":"reformar-piscinas","status":"publish","type":"page","link":"https:\/\/www.daliform.com\/es\/encofrados-para-cisternas-de-acumulacion\/aplicaciones-atlantis-tank\/reformar-piscinas\/","title":{"rendered":"Reformar piscinas"},"content":{"rendered":"<p>[vc_row padding_top=\u00bb0&#8243; padding_bottom=\u00bb0&#8243;][vc_column]\n\t<div class=\"custom-heading wpb_content_element  heading-medium\">\n\t\t<h2 class=\"heading-title\" >Atlantis es la soluci\u00f3n ideal para crear y reformar piscinas p\u00fablicas, particulares, parques acu\u00e1ticos y spas.<\/h2>\n\t\t<span class=\"heading-line primary\"><\/span>\n\t<\/div>[\/vc_column][\/vc_row][vc_row][vc_column width=\u00bb1\/2&#8243;][vc_masonry_media_grid element_width=\u00bb6&#8243; grid_id=\u00bbvc_gid:1633688695872-fcdc52dd-8a30-5&#8243; include=\u00bb38272,61198,61208,61218&#8243;][\/vc_column][vc_column width=\u00bb1\/2&#8243;][vc_column_text]<\/p>\n<p style=\"text-align: justify;\">De acuerdo con la necesidad de reformar la piscina (incluso completamente nueva dentro de una ya existente) por motivos est\u00e9ticos, funcionales y de seguridad,<\/p>\n<h5 style=\"text-align: justify;\"><strong>Atlantis constituye el sistema ideal para disminuir la profundidad de los fondos, igualar o crear superficies inclinadas, igualar o crear superficies multinivel (terrazas).<\/strong><\/h5>\n<p>Gracias a los tubos elevadores, proporcionados a medida, se pueden realizar superficies inclinadas con pendencia variable hasta una altura m\u00e1xima de 300 cm.<br \/>\nLa posibilidad de ajustar exactamente la altura del tubo elevador, adem\u00e1s, permite realizar sin dificultad alguna intervenciones a partir de superficies de apoyo de diferente inclinaci\u00f3n con un ahorro notable en t\u00e9rminos de tiempo y costes de intervenci\u00f3n.[\/vc_column_text][\/vc_column][\/vc_row][vc_row][vc_column][vc_separator][vc_column_text css=\u00bb.vc_custom_1633688794322{margin-bottom: 15px !important;}\u00bb]<strong><span lang=\"es\">PRODUCTOS RECOMENDADOS<\/span>:<br \/>\n<\/strong>[\/vc_column_text][vc_empty_space height=\u00bb10px\u00bb][\/vc_column][vc_column][vc_masonry_grid post_type=\u00bbids\u00bb element_width=\u00bb3&#8243; grid_id=\u00bbvc_gid:1633688695873-10853abd-df4c-9&#8243; include=\u00bb4620&#8243; el_class=\u00bbtext-size-p\u00bb][\/vc_column][\/vc_row]<\/p>\n","protected":false},"excerpt":{"rendered":"<p>Atlantis es la soluci\u00f3n ideal para crear y reformar piscinas p\u00fablicas, particulares, parques acu\u00e1ticos y spas.<\/p>\n","protected":false},"author":1,"featured_media":61188,"parent":66999,"menu_order":0,"comment_status":"closed","ping_status":"closed","template":"","meta":[],"acf":[],"aioseo_notices":[],"_links":{"self":[{"href":"https:\/\/www.daliform.com\/es\/wp-json\/wp\/v2\/pages\/67678"}],"collection":[{"href":"https:\/\/www.daliform.com\/es\/wp-json\/wp\/v2\/pages"}],"about":[{"href":"https:\/\/www.daliform.com\/es\/wp-json\/wp\/v2\/types\/page"}],"author":[{"embeddable":true,"href":"https:\/\/www.daliform.com\/es\/wp-json\/wp\/v2\/users\/1"}],"replies":[{"embeddable":true,"href":"https:\/\/www.daliform.com\/es\/wp-json\/wp\/v2\/comments?post=67678"}],"version-history":[{"count":0,"href":"https:\/\/www.daliform.com\/es\/wp-json\/wp\/v2\/pages\/67678\/revisions"}],"up":[{"embeddable":true,"href":"https:\/\/www.daliform.com\/es\/wp-json\/wp\/v2\/pages\/66999"}],"wp:featuredmedia":[{"embeddable":true,"href":"https:\/\/www.daliform.com\/es\/wp-json\/wp\/v2\/media\/61188"}],"wp:attachment":[{"href":"https:\/\/www.daliform.com\/es\/wp-json\/wp\/v2\/media?parent=67678"}],"curies":[{"name":"wp","href":"https:\/\/api.w.org\/{rel}","templated":true}]}}