{"id":66700,"date":"2016-05-19T16:01:52","date_gmt":"2016-05-19T14:01:52","guid":{"rendered":"https:\/\/www.daliform.com\/?page_id=66700"},"modified":"2024-08-02T10:41:09","modified_gmt":"2024-08-02T08:41:09","slug":"encofrados-para-cisternas-de-acumulacion","status":"publish","type":"page","link":"https:\/\/www.daliform.com\/es\/encofrados-para-cisternas-de-acumulacion\/","title":{"rendered":"Atlantis Tank"},"content":{"rendered":"<p>[vc_row][vc_column width=\u00bb1\/4&#8243;][vc_single_image image=\u00bb66704&#8243; img_size=\u00bblarge\u00bb][\/vc_column][vc_column width=\u00bb3\/4&#8243;][vc_column_text]<\/p>\n<h5 style=\"text-align: justify;\"><strong>Atlantis Tank es el sistema patentado para realizar cisternas coladas en la obra para la recogida o la dispersi\u00f3n de grandes vol\u00famenes de agua en poco espacio.<\/strong><\/h5>\n<p style=\"text-align: justify;\">La estructura de hormig\u00f3n que se logra con el sistema Atlantis Tank est\u00e1 formada por una solera, paredes anulares y una losa soportada por pilarotes; la estructura as\u00ed formada, asegura una resistencia a las sobrecargas elevada tanto permanentes como accidentales.<\/p>\n<p>[\/vc_column_text][vc_column_text]La cisterna formada con Atlantis Tank se puede enterrar si se desea obtener un espacio verde arriba, o se puede cargar directamente para el tr\u00e1nsito de veh\u00edculos, incluso pesados.<br \/>\nLa rapidez, sencillez y asequibilidad son las principales caracter\u00edsticas de este sistema de <strong>pl\u00e1stico reciclado<\/strong>.[\/vc_column_text][\/vc_column][\/vc_row]<\/p>\n","protected":false},"excerpt":{"rendered":"<p>Atlantis Tank es la soluci\u00f3n ideal para realizar coladas en la obra para la recogida y\/o dispersi\u00f3n del agua y para la reforma de piscinas. <\/p>\n","protected":false},"author":1,"featured_media":61109,"parent":0,"menu_order":27,"comment_status":"closed","ping_status":"closed","template":"template-product.php","meta":[],"acf":[],"aioseo_notices":[],"_links":{"self":[{"href":"https:\/\/www.daliform.com\/es\/wp-json\/wp\/v2\/pages\/66700"}],"collection":[{"href":"https:\/\/www.daliform.com\/es\/wp-json\/wp\/v2\/pages"}],"about":[{"href":"https:\/\/www.daliform.com\/es\/wp-json\/wp\/v2\/types\/page"}],"author":[{"embeddable":true,"href":"https:\/\/www.daliform.com\/es\/wp-json\/wp\/v2\/users\/1"}],"replies":[{"embeddable":true,"href":"https:\/\/www.daliform.com\/es\/wp-json\/wp\/v2\/comments?post=66700"}],"version-history":[{"count":3,"href":"https:\/\/www.daliform.com\/es\/wp-json\/wp\/v2\/pages\/66700\/revisions"}],"predecessor-version":[{"id":112970,"href":"https:\/\/www.daliform.com\/es\/wp-json\/wp\/v2\/pages\/66700\/revisions\/112970"}],"wp:featuredmedia":[{"embeddable":true,"href":"https:\/\/www.daliform.com\/es\/wp-json\/wp\/v2\/media\/61109"}],"wp:attachment":[{"href":"https:\/\/www.daliform.com\/es\/wp-json\/wp\/v2\/media?parent=66700"}],"curies":[{"name":"wp","href":"https:\/\/api.w.org\/{rel}","templated":true}]}}