{"id":66494,"date":"2016-05-14T09:38:52","date_gmt":"2016-05-14T07:38:52","guid":{"rendered":"https:\/\/www.daliform.com\/?page_id=66494"},"modified":"2021-10-07T08:42:59","modified_gmt":"2021-10-07T06:42:59","slug":"pratopratico-rejilla-para-pavimentos-transitables","status":"publish","type":"page","link":"https:\/\/www.daliform.com\/es\/pratopratico-rejilla-para-pavimentos-transitables\/","title":{"rendered":"Pratopratico\u00ae"},"content":{"rendered":"<p>[vc_row][vc_column width=\u00bb1\/4&#8243;][vc_single_image image=\u00bb66525&#8243; img_size=\u00bblarge\u00bb][\/vc_column][vc_column width=\u00bb3\/4&#8243;][vc_column_text]<\/p>\n<h5 style=\"text-align: justify;\"><strong>Pratopratico\u00ae es un sistema genial para hacer que el prado resulte transitable mientras permanece protegido contra los da\u00f1os causados por el tr\u00e1fico o el aparcamiento de veh\u00edculos en cualquier condici\u00f3n atmosf\u00e9rica, incluso si se trata de medios pesados.<\/strong><\/h5>\n<p style=\"text-align: justify;\">El principio de Pratopratico\u00ae es realmente simple: consiste en \u201carmar\u201d la superficie natural del terreno con un pavimento modular formado por rejillas con una estructura celular muy robusta, de manera que el tepe herboso permanece algunos mil\u00edmetros por debajo del l\u00edmite superior de las paredes del pavimento protegido contra todo tipo de aplastamientos o de fricciones.<\/p>\n<p>[\/vc_column_text][\/vc_column][vc_column][vc_empty_space height=\u00bb15px\u00bb][vc_column_text]Pratopratico\u00ae se fabrica con resina termopl\u00e1stica virgen y at\u00f3xica; el producto es completamente reciclable, por lo que respeta plenamente el medio ambiente. La conformaci\u00f3n especial de las celdas, estudiada ad hoc, permite respetar la estructura vital del terreno favoreciendo al mismo tiempo la permeabilidad y el intercambio de los elementos nutritivos, del aire y de la luz. La materia prima utilizada no absorbe la humedad, de manera que no priva al c\u00e9sped de su recurso principal: el agua. Con Pratopratico\u00ae la superficie sembrada y drenante equivale aproximadamente al 95%.[\/vc_column_text][\/vc_column][\/vc_row]<\/p>\n","protected":false},"excerpt":{"rendered":"<p>Pratopratico\u00ae para hacer que el prado resulte transitable mientras permanece protegido contra los da\u00f1os causados por el tr\u00e1fico o el aparcamiento de veh\u00edculos.<\/p>\n","protected":false},"author":1,"featured_media":61402,"parent":0,"menu_order":28,"comment_status":"closed","ping_status":"closed","template":"template-product.php","meta":[],"acf":[],"aioseo_notices":[],"_links":{"self":[{"href":"https:\/\/www.daliform.com\/es\/wp-json\/wp\/v2\/pages\/66494"}],"collection":[{"href":"https:\/\/www.daliform.com\/es\/wp-json\/wp\/v2\/pages"}],"about":[{"href":"https:\/\/www.daliform.com\/es\/wp-json\/wp\/v2\/types\/page"}],"author":[{"embeddable":true,"href":"https:\/\/www.daliform.com\/es\/wp-json\/wp\/v2\/users\/1"}],"replies":[{"embeddable":true,"href":"https:\/\/www.daliform.com\/es\/wp-json\/wp\/v2\/comments?post=66494"}],"version-history":[{"count":0,"href":"https:\/\/www.daliform.com\/es\/wp-json\/wp\/v2\/pages\/66494\/revisions"}],"wp:featuredmedia":[{"embeddable":true,"href":"https:\/\/www.daliform.com\/es\/wp-json\/wp\/v2\/media\/61402"}],"wp:attachment":[{"href":"https:\/\/www.daliform.com\/es\/wp-json\/wp\/v2\/media?parent=66494"}],"curies":[{"name":"wp","href":"https:\/\/api.w.org\/{rel}","templated":true}]}}