{"id":66099,"date":"2016-05-04T15:58:43","date_gmt":"2016-05-04T13:58:43","guid":{"rendered":"https:\/\/www.daliform.com\/?page_id=66099"},"modified":"2022-03-02T10:53:03","modified_gmt":"2022-03-02T09:53:03","slug":"almacen-alimentario","status":"publish","type":"page","link":"https:\/\/www.daliform.com\/es\/sistemas-para-la-biofiltracion-y-el-compostaje\/eolo-aplicaciones\/almacen-alimentario\/","title":{"rendered":"Almac\u00e9n alimentario"},"content":{"rendered":"<p>[vc_row padding_top=\u00bb0&#8243; padding_bottom=\u00bb0&#8243;][vc_column]\n\t<div class=\"custom-heading wpb_content_element  heading-medium\">\n\t\t<h2 class=\"heading-title\" >La ventilaci\u00f3n de los almacenes es necesaria para no formar bolsas de humedad cuya concentraci\u00f3n conduzca al desarrollo de moho y esporas de bacterias.<\/h2>\n\t\t<span class=\"heading-line primary\"><\/span>\n\t<\/div>[\/vc_column][\/vc_row][vc_row][vc_column width=\u00bb1\/2&#8243;][vc_single_image image=\u00bb61015&#8243; img_size=\u00bbfull\u00bb alignment=\u00bbcenter\u00bb][\/vc_column][vc_column width=\u00bb1\/2&#8243;][vc_single_image image=\u00bb61025&#8243; img_size=\u00bbfull\u00bb alignment=\u00bbcenter\u00bb][\/vc_column][vc_column][vc_empty_space height=\u00bb20px\u00bb][vc_column_text]<\/p>\n<p style=\"text-align: justify;\">Desde la antig\u00fcedad se sabe que la ventilaci\u00f3n de los almacenes era necesaria para impedir que se formaran bolsas de humedad cuya concentraci\u00f3n conllevaba la proliferaci\u00f3n, sin trabas, de esporas de mohos y de bacterias, deteriorando los propios v\u00edveres (David Macaulay \u201cla ciudad romana\u00bb).<br \/>\nTambi\u00e9n se sabe que es muy dif\u00edcil que el aire se mueva en horizontal, salvo cuando se crean oportunas condiciones de temperatura y de presi\u00f3n, y es precisamente por este motivo que dentro de los edificios se creaban unas c\u00e1maras de aire.<\/p>\n<p>Daliform Group, <strong>a fin de fomentar el movimiento del aire dentro de las c\u00e1maras, ha concebido Eolo, un sistema asim\u00e9trico de ventilaci\u00f3n.<\/strong><br \/>\nLos diferentes puntos de toma del aire en la c\u00e1mara, que de todas maneras est\u00e1 en condiciones de temperatura y de densidad estratificadas a lo largo de la altura, permiten unos microinjertos de circulaci\u00f3n natural del aire y de esta manera fomentan su circulaci\u00f3n en direcci\u00f3n vertical.<br \/>\nEl aporte todav\u00eda m\u00e1s asim\u00e9trico, debido a la temperatura y a la densidad del aire, dentro de los v\u00edveres apilados, fomenta la activaci\u00f3n, de manera natural, de los movimientos antedichos, aumentando las posibilidades de conservaci\u00f3n de los ensilados.<br \/>\nAdem\u00e1s de esta posibilidad est\u00e1n previstos unos huecos variables, individuados en los conos asim\u00e9tricos, aptos para hospedar o colgar unas rejillas electrosoldadas, a colocar cuando se arma la parte superior, para facilitar de esta manera la preparaci\u00f3n de la colada del hormig\u00f3n para el pavimento, sobre el cual se podr\u00e1n poner, una vez terminados los trabajos, los ensilados alimentarios.[\/vc_column_text][\/vc_column][\/vc_row][vc_row][vc_column][vc_separator][vc_column_text css=\u00bb.vc_custom_1633424195562{margin-bottom: 15px !important;}\u00bb]<strong>PRODUCTOS RECOMENDADOS:<\/strong>[\/vc_column_text][vc_empty_space height=\u00bb10px\u00bb][\/vc_column][vc_column][vc_masonry_grid post_type=\u00bbids\u00bb element_width=\u00bb3&#8243; grid_id=\u00bbvc_gid:1646214769553-35cfba82-c894-9&#8243; include=\u00bb3291&#8243; el_class=\u00bbtext-size-p\u00bb][\/vc_column][\/vc_row]<\/p>\n","protected":false},"excerpt":{"rendered":"<p>Desde la antig\u00fcedad se sabe que la ventilaci\u00f3n de los almacenes era necesaria para impedir que se formaran bolsas de humedad.<\/p>\n","protected":false},"author":1,"featured_media":61005,"parent":65447,"menu_order":2,"comment_status":"closed","ping_status":"closed","template":"","meta":[],"acf":[],"aioseo_notices":[],"_links":{"self":[{"href":"https:\/\/www.daliform.com\/es\/wp-json\/wp\/v2\/pages\/66099"}],"collection":[{"href":"https:\/\/www.daliform.com\/es\/wp-json\/wp\/v2\/pages"}],"about":[{"href":"https:\/\/www.daliform.com\/es\/wp-json\/wp\/v2\/types\/page"}],"author":[{"embeddable":true,"href":"https:\/\/www.daliform.com\/es\/wp-json\/wp\/v2\/users\/1"}],"replies":[{"embeddable":true,"href":"https:\/\/www.daliform.com\/es\/wp-json\/wp\/v2\/comments?post=66099"}],"version-history":[{"count":0,"href":"https:\/\/www.daliform.com\/es\/wp-json\/wp\/v2\/pages\/66099\/revisions"}],"up":[{"embeddable":true,"href":"https:\/\/www.daliform.com\/es\/wp-json\/wp\/v2\/pages\/65447"}],"wp:featuredmedia":[{"embeddable":true,"href":"https:\/\/www.daliform.com\/es\/wp-json\/wp\/v2\/media\/61005"}],"wp:attachment":[{"href":"https:\/\/www.daliform.com\/es\/wp-json\/wp\/v2\/media?parent=66099"}],"curies":[{"name":"wp","href":"https:\/\/api.w.org\/{rel}","templated":true}]}}