{"id":65927,"date":"2016-05-04T15:56:01","date_gmt":"2016-05-04T13:56:01","guid":{"rendered":"https:\/\/www.daliform.com\/?page_id=65927"},"modified":"2021-10-05T10:08:30","modified_gmt":"2021-10-05T08:08:30","slug":"la-biofiltracion-eolo","status":"publish","type":"page","link":"https:\/\/www.daliform.com\/es\/sistemas-para-la-biofiltracion-y-el-compostaje\/eolo-aplicaciones\/la-biofiltracion-eolo\/","title":{"rendered":"La biofiltraci\u00f3n"},"content":{"rendered":"<p>[vc_row padding_top=\u00bb0&#8243; padding_bottom=\u00bb0&#8243;][vc_column]\n\t<div class=\"custom-heading wpb_content_element  heading-medium\">\n\t\t<h2 class=\"heading-title\" >La biofiltraci\u00f3n del aire es un tratamiento que le permite reducir los olores que salen de las plantas industriales o de tratamiento de residuos.<\/h2>\n\t\t<span class=\"heading-line primary\"><\/span>\n\t<\/div>[\/vc_column][\/vc_row][vc_row][vc_column][vc_single_image image=\u00bb65942&#8243; img_size=\u00bbfull\u00bb alignment=\u00bbcenter\u00bb][vc_column_text]<\/p>\n<p style=\"text-align: justify;\"><strong>La biofiltraci\u00f3n<\/strong> es un proceso de abatimiento de los contaminantes aerodispersos que explota la oxidaci\u00f3n biol\u00f3gica: el aire contaminado se hace pasar a trav\u00e9s de un medio en el cual est\u00e1n presentes unos microorganismos capaces de descomponer los contaminantes utiliz\u00e1ndolos como fuente de nutrici\u00f3n.<br \/>\nPr\u00e1cticamente, el sistema permite obtener los mismos resultados que la combusti\u00f3n, salvo que la oxidaci\u00f3n de los compuestos org\u00e1nicos vol\u00e1tiles no se realiza t\u00e9rmica sino biol\u00f3gicamente; si los compuestos contienen azufre, nitr\u00f3geno o cloro, entonces los subproductos de la oxidaci\u00f3n son sales minerales. Estas aplicaciones son econ\u00f3micamente m\u00e1s rentables que los sistemas de combusti\u00f3n, sea por lo que respecta a la construcci\u00f3n que en cuanto al mantenimiento, sin embargo exigen de todas maneras un buen proyecto para ofrecer prestaciones \u00f3ptimas.<\/p>\n<p><strong>Con Eolo es posible realizar un pavimento perforado gracias a las toberas que garantizan una distribuci\u00f3n del aire uniforme y constante. A trav\u00e9s de la c\u00e1mara que se forma gracias a Eolo y a sus agujeros de salida, la distribuci\u00f3n del aire tiene lugar de una manera uniforme en toda la superficie del lecho filtrante.<\/strong>[\/vc_column_text][\/vc_column][\/vc_row][vc_row][vc_column][vc_separator][vc_column_text css=\u00bb.vc_custom_1633421297693{margin-bottom: 15px !important;}\u00bb]<strong>PRODUCTOS RECOMENDADOS:<\/strong>[\/vc_column_text][vc_empty_space height=\u00bb10px\u00bb][\/vc_column][vc_column][vc_masonry_grid post_type=\u00bbids\u00bb element_width=\u00bb3&#8243; grid_id=\u00bbvc_gid:1633421232978-33ea5944-2d89-6&#8243; include=\u00bb3291&#8243; el_class=\u00bbtext-size-p\u00bb][\/vc_column][\/vc_row]<\/p>\n","protected":false},"excerpt":{"rendered":"<p>La biofiltraci\u00f3n es un proceso de abatimiento de los contaminantes aerodispersos que explota la oxidaci\u00f3n biol\u00f3gica.<\/p>\n","protected":false},"author":1,"featured_media":60972,"parent":65447,"menu_order":1,"comment_status":"closed","ping_status":"closed","template":"","meta":[],"acf":[],"aioseo_notices":[],"_links":{"self":[{"href":"https:\/\/www.daliform.com\/es\/wp-json\/wp\/v2\/pages\/65927"}],"collection":[{"href":"https:\/\/www.daliform.com\/es\/wp-json\/wp\/v2\/pages"}],"about":[{"href":"https:\/\/www.daliform.com\/es\/wp-json\/wp\/v2\/types\/page"}],"author":[{"embeddable":true,"href":"https:\/\/www.daliform.com\/es\/wp-json\/wp\/v2\/users\/1"}],"replies":[{"embeddable":true,"href":"https:\/\/www.daliform.com\/es\/wp-json\/wp\/v2\/comments?post=65927"}],"version-history":[{"count":0,"href":"https:\/\/www.daliform.com\/es\/wp-json\/wp\/v2\/pages\/65927\/revisions"}],"up":[{"embeddable":true,"href":"https:\/\/www.daliform.com\/es\/wp-json\/wp\/v2\/pages\/65447"}],"wp:featuredmedia":[{"embeddable":true,"href":"https:\/\/www.daliform.com\/es\/wp-json\/wp\/v2\/media\/60972"}],"wp:attachment":[{"href":"https:\/\/www.daliform.com\/es\/wp-json\/wp\/v2\/media?parent=65927"}],"curies":[{"name":"wp","href":"https:\/\/api.w.org\/{rel}","templated":true}]}}