{"id":65642,"date":"2016-05-04T15:25:03","date_gmt":"2016-05-04T13:25:03","guid":{"rendered":"https:\/\/www.daliform.com\/?page_id=65642"},"modified":"2021-10-04T17:50:04","modified_gmt":"2021-10-04T15:50:04","slug":"el-compostaje-eolo","status":"publish","type":"page","link":"https:\/\/www.daliform.com\/es\/sistemas-para-la-biofiltracion-y-el-compostaje\/eolo-aplicaciones\/el-compostaje-eolo\/","title":{"rendered":"El compostaje"},"content":{"rendered":"<p>[vc_row padding_top=\u00bb0&#8243; padding_bottom=\u00bb0&#8243;][vc_column]\n\t<div class=\"custom-heading wpb_content_element  heading-medium\">\n\t\t<h2 class=\"heading-title\" >La bioestabilizaci\u00f3n (y el compostaje) es una operaci\u00f3n de tratamiento de residuos con la que se eliminan las fracciones no deseadas, lo que las hace menos peligrosas para el medio ambiente.<\/h2>\n\t\t<span class=\"heading-line primary\"><\/span>\n\t<\/div>[\/vc_column][\/vc_row][vc_row][vc_column][vc_single_image image=\u00bb65658&#8243; img_size=\u00bbfull\u00bb alignment=\u00bbcenter\u00bb][vc_column_text]<\/p>\n<p style=\"text-align: justify;\">El compostaje es una t\u00e9cnica mediante la cual se controla, acelera y mejora el proceso natural al cual est\u00e1 sujeta cualquier sustancia org\u00e1nica por efecto de la flora microbiana presente naturalmente en el ambiente. La riqueza en humus, en flora microbiana activa y en microelementos hace del compost un producto apto para m\u00faltiples aplicaciones agr\u00edcolas, desde los viveros hasta los cultivos en campo abierto.<\/p>\n<p>El proceso de compostaje consiste b\u00e1sicamente en dos fases:<br \/>\n\u2022 <strong>Bio-oxidaci\u00f3n<\/strong>, en la cual se tiene la higienizaci\u00f3n de la masa: esta es la fase activa (conocida tambi\u00e9n como high rate, active composting time), y se caracteriza por intensos procesos de degradaci\u00f3n de los componentes org\u00e1nicos m\u00e1s f\u00e1cilmente degradables.<br \/>\n<strong>Eolo garantiza la distribuci\u00f3n del aire reparti\u00e9ndolo de una manera uniforme y homog\u00e9nea dentro de toda la biomasa en fermentaci\u00f3n, permitiendo lograr una reducci\u00f3n de los tiempos de proceso y garantizando un excelente grado de estabilizaci\u00f3n.<\/strong><\/p>\n<p>\u2022 <strong>Maduraci\u00f3n<\/strong>, durante la cual el producto se estabiliza enriqueci\u00e9ndose de mol\u00e9culas de humus: se trata de la fase de curado (conocida como curing phase), se caracteriza por procesos de transformaci\u00f3n de la sustancia org\u00e1nica, cuya m\u00e1xima expresi\u00f3n es la formaci\u00f3n de sustancias relacionadas con el humus.<br \/>\n<strong>El empleo de Eolo es necesario para poder realizar un pavimento perforado que permita insuflar el aire para hacer m\u00e1s eficaz este proceso.<\/strong>[\/vc_column_text][\/vc_column][\/vc_row][vc_row][vc_column][vc_separator][vc_column_text css=\u00bb.vc_custom_1633362592573{margin-bottom: 15px !important;}\u00bb]<strong>PRODUCTOS RECOMENDADOS:<\/strong>[\/vc_column_text][vc_empty_space height=\u00bb10px\u00bb][\/vc_column][vc_column][vc_masonry_grid post_type=\u00bbids\u00bb element_width=\u00bb3&#8243; grid_id=\u00bbvc_gid:1633362529116-0a166020-d16e-0&#8243; include=\u00bb3291&#8243; el_class=\u00bbtext-size-p\u00bb][\/vc_column][\/vc_row]<\/p>\n","protected":false},"excerpt":{"rendered":"<p>El compostaje es una t\u00e9cnica mediante la cual se controla, acelera y mejora el proceso natural al cual est\u00e1 sujeta cualquier sustancia org\u00e1nica.<\/p>\n","protected":false},"author":1,"featured_media":60895,"parent":65447,"menu_order":0,"comment_status":"closed","ping_status":"closed","template":"","meta":[],"acf":[],"aioseo_notices":[],"_links":{"self":[{"href":"https:\/\/www.daliform.com\/es\/wp-json\/wp\/v2\/pages\/65642"}],"collection":[{"href":"https:\/\/www.daliform.com\/es\/wp-json\/wp\/v2\/pages"}],"about":[{"href":"https:\/\/www.daliform.com\/es\/wp-json\/wp\/v2\/types\/page"}],"author":[{"embeddable":true,"href":"https:\/\/www.daliform.com\/es\/wp-json\/wp\/v2\/users\/1"}],"replies":[{"embeddable":true,"href":"https:\/\/www.daliform.com\/es\/wp-json\/wp\/v2\/comments?post=65642"}],"version-history":[{"count":0,"href":"https:\/\/www.daliform.com\/es\/wp-json\/wp\/v2\/pages\/65642\/revisions"}],"up":[{"embeddable":true,"href":"https:\/\/www.daliform.com\/es\/wp-json\/wp\/v2\/pages\/65447"}],"wp:featuredmedia":[{"embeddable":true,"href":"https:\/\/www.daliform.com\/es\/wp-json\/wp\/v2\/media\/60895"}],"wp:attachment":[{"href":"https:\/\/www.daliform.com\/es\/wp-json\/wp\/v2\/media?parent=65642"}],"curies":[{"name":"wp","href":"https:\/\/api.w.org\/{rel}","templated":true}]}}