{"id":65039,"date":"2016-05-04T08:57:52","date_gmt":"2016-05-04T06:57:52","guid":{"rendered":"https:\/\/www.daliform.com\/?page_id=65039"},"modified":"2024-08-01T12:21:43","modified_gmt":"2024-08-01T10:21:43","slug":"sistemas-para-la-biofiltracion-y-el-compostaje","status":"publish","type":"page","link":"https:\/\/www.daliform.com\/es\/sistemas-para-la-biofiltracion-y-el-compostaje\/","title":{"rendered":"Eolo"},"content":{"rendered":"<p>[vc_row][vc_column width=\u00bb1\/4&#8243;][vc_single_image image=\u00bb60807&#8243; img_size=\u00bblarge\u00bb][\/vc_column][vc_column width=\u00bb3\/4&#8243;][vc_column_text]<\/p>\n<h5 class=\"p1\" style=\"text-align: justify;\"><strong>Eolo<\/strong> constituye el remedio eficaz, r\u00e1pido y asequible que permite realizar un pavimento perforado de cemento armado con alta capacidad portante, transitable tambi\u00e9n por parte de medios pesados.<\/h5>\n<p class=\"p1\" style=\"text-align: justify;\">Gracias a las toberas asim\u00e9tricas verticales, perforadas axialmente, se puede utilizar convenientemente para repartir y difundir el aire en plantas de compostaje, estabilizaci\u00f3n de residuos, plantas de desodorizaci\u00f3n y para ventilar los pavimentos de los almacenes destinados a conservar\/curar productos alimentarios.<\/p>\n<p>[\/vc_column_text][\/vc_column][vc_column][vc_empty_space height=\u00bb15px\u00bb][vc_column_text]<\/p>\n<p class=\"p2\" style=\"text-align: justify;\">Desde la antigua Roma se sabe que la ventilaci\u00f3n de los almacenes era necesaria para impedir que se formaran bolsas de humedad cuya concentraci\u00f3n conllevaba la proliferaci\u00f3n de esporas de mohos y de bacterias, deteriorando los propios v\u00edveres<em> (David Macaulay \u201cla ciudad romana\u00bb)<\/em>.<\/p>\n<p class=\"p1\" style=\"text-align: justify;\">Realizado con <strong>pl\u00e1stico reciclado<\/strong> y ecocompatible, Eolo se compone de unas toberas difusoras altas especiales que permiten realizar una losa perforada alta 6 cm.<\/p>\n<p class=\"p1\" style=\"text-align: justify;\">A trav\u00e9s de los elementos Eolo, el aire es distribuido uniformemente en toda la c\u00e1mara y luego es insuflado en el ambiente situado encima.<\/p>\n<p>[\/vc_column_text][\/vc_column][\/vc_row]<\/p>\n","protected":false},"excerpt":{"rendered":"<p>Para la distribuci\u00f3n y difusi\u00f3n de aire en instalaciones de compostage, estabilizaci\u00f3n de basura, instalaciones de desodorizaci\u00f3n y en almacenes.<\/p>\n","protected":false},"author":1,"featured_media":60797,"parent":0,"menu_order":26,"comment_status":"closed","ping_status":"closed","template":"template-product.php","meta":[],"acf":[],"aioseo_notices":[],"_links":{"self":[{"href":"https:\/\/www.daliform.com\/es\/wp-json\/wp\/v2\/pages\/65039"}],"collection":[{"href":"https:\/\/www.daliform.com\/es\/wp-json\/wp\/v2\/pages"}],"about":[{"href":"https:\/\/www.daliform.com\/es\/wp-json\/wp\/v2\/types\/page"}],"author":[{"embeddable":true,"href":"https:\/\/www.daliform.com\/es\/wp-json\/wp\/v2\/users\/1"}],"replies":[{"embeddable":true,"href":"https:\/\/www.daliform.com\/es\/wp-json\/wp\/v2\/comments?post=65039"}],"version-history":[{"count":3,"href":"https:\/\/www.daliform.com\/es\/wp-json\/wp\/v2\/pages\/65039\/revisions"}],"predecessor-version":[{"id":112992,"href":"https:\/\/www.daliform.com\/es\/wp-json\/wp\/v2\/pages\/65039\/revisions\/112992"}],"wp:featuredmedia":[{"embeddable":true,"href":"https:\/\/www.daliform.com\/es\/wp-json\/wp\/v2\/media\/60797"}],"wp:attachment":[{"href":"https:\/\/www.daliform.com\/es\/wp-json\/wp\/v2\/media?parent=65039"}],"curies":[{"name":"wp","href":"https:\/\/api.w.org\/{rel}","templated":true}]}}