{"id":64947,"date":"2016-05-17T17:12:52","date_gmt":"2016-05-17T15:12:52","guid":{"rendered":"https:\/\/www.daliform.com\/?page_id=64947"},"modified":"2022-02-15T14:10:19","modified_gmt":"2022-02-15T13:10:19","slug":"manto-para-el-aislamiento-acustico","status":"publish","type":"page","link":"https:\/\/www.daliform.com\/es\/manto-para-el-aislamiento-acustico\/","title":{"rendered":"U-Boot\u00ae Silence"},"content":{"rendered":"<p>[vc_row][vc_column width=\u00bb1\/3&#8243;][vc_single_image image=\u00bb60650&#8243; img_size=\u00bblarge\u00bb alignment=\u00bbcenter\u00bb][\/vc_column][vc_column width=\u00bb2\/3&#8243;][vc_column_text]<\/p>\n<h5 style=\"text-align: justify;\"><strong>U-Boot\u00ae Silence es un manto insonorizador realizado espec\u00edficamente para aplicarlo en forjados aligerados con sistema U-Boot\u00ae Beton, que \u201csilencia\u201d definitivamente los molestos ruidos a\u00e9reos y de impacto. <\/strong><\/h5>\n<p style=\"text-align: justify;\">La aplicaci\u00f3n de U-Boot\u00ae Silence en estos forjados aligerados permite obtener excelentes prestaciones de aislamiento <strong>situando el edificio en la Clase I (UNI 11367:2010)<\/strong> para el ruido a\u00e9reo y de impacto.<\/p>\n<p>[\/vc_column_text][\/vc_column][vc_column][vc_column_text]Durante los \u00faltimos a\u00f1os, la conciencia del confort de la vivienda se ha ido difundiendo cada d\u00eda m\u00e1s. Los comitentes y los usuarios finales solicitan prestaciones y caracter\u00edsticas cualitativas adecuadas y a la altura de sus expectativas, y pretenden garant\u00edas concretas por parte del constructor y del proyectista.<\/p>\n<p>Mientras que en cuesti\u00f3n de ahorro energ\u00e9tico en los \u00faltimos a\u00f1os se han dado pasos de gigante, el problema del confort ac\u00fastico todav\u00eda se sigue subestimando. Recientes estudios han demostrado que las personas que viven en ambientes que no est\u00e1n bien aislados ac\u00fasticamente presentan alteraciones del sue\u00f1o, irritabilidad y una menor productividad laboral.<br \/>\nPor estos motivos, el incumplimiento de las prestaciones m\u00ednimas de aislamiento ac\u00fastico puede poner comprometer la validez del certificado de habitabilidad y comportar una considerable p\u00e9rdida de valor del inmueble.[\/vc_column_text][\/vc_column][\/vc_row]<\/p>\n","protected":false},"excerpt":{"rendered":"<p>U-Boot\u00ae Silence es un manto insonorizador realizado espec\u00edficamente para aplicarlo en forjados aligerados con sistema U-Boot\u00ae Beton.<\/p>\n","protected":false},"author":1,"featured_media":60634,"parent":0,"menu_order":25,"comment_status":"closed","ping_status":"closed","template":"template-product.php","meta":[],"acf":[],"aioseo_notices":[],"_links":{"self":[{"href":"https:\/\/www.daliform.com\/es\/wp-json\/wp\/v2\/pages\/64947"}],"collection":[{"href":"https:\/\/www.daliform.com\/es\/wp-json\/wp\/v2\/pages"}],"about":[{"href":"https:\/\/www.daliform.com\/es\/wp-json\/wp\/v2\/types\/page"}],"author":[{"embeddable":true,"href":"https:\/\/www.daliform.com\/es\/wp-json\/wp\/v2\/users\/1"}],"replies":[{"embeddable":true,"href":"https:\/\/www.daliform.com\/es\/wp-json\/wp\/v2\/comments?post=64947"}],"version-history":[{"count":0,"href":"https:\/\/www.daliform.com\/es\/wp-json\/wp\/v2\/pages\/64947\/revisions"}],"wp:featuredmedia":[{"embeddable":true,"href":"https:\/\/www.daliform.com\/es\/wp-json\/wp\/v2\/media\/60634"}],"wp:attachment":[{"href":"https:\/\/www.daliform.com\/es\/wp-json\/wp\/v2\/media?parent=64947"}],"curies":[{"name":"wp","href":"https:\/\/api.w.org\/{rel}","templated":true}]}}