{"id":63459,"date":"2016-05-17T17:50:52","date_gmt":"2016-05-17T15:50:52","guid":{"rendered":"https:\/\/www.daliform.com\/?page_id=63459"},"modified":"2024-08-02T10:38:33","modified_gmt":"2024-08-02T08:38:33","slug":"ubahn-aligeramiento-losas-unidireccionales","status":"publish","type":"page","link":"https:\/\/www.daliform.com\/es\/ubahn-aligeramiento-losas-unidireccionales\/","title":{"rendered":"U-Bahn\u00ae Beton"},"content":{"rendered":"<p>[vc_row][vc_column width=\u00bb1\/4&#8243;][vc_single_image image=\u00bb63413&#8243; img_size=\u00bblarge\u00bb][\/vc_column][vc_column width=\u00bb3\/4&#8243;][vc_column_text]<\/p>\n<p style=\"text-align: justify;\"><strong>U-Bahn\u00ae Beton es un encofrado modular de pl\u00e1stico reciclado expresamente dise\u00f1ado para realizar forjados unidireccionales colados en la obra o semi-prefabricados.<br \/>\n<\/strong>Los varios elementos, superponibles en la parte terminal, permiten el desarrollo de viguetas de cualquier longitud.<br \/>\nGracias a las patas c\u00f3nicas elevadoras, efectivamente, sumergiendo los encofrados U-Bahn\u00ae Beton en la colada de hormig\u00f3n se obtienen vigas de espesor, paralelas entre ellas, cerradas por abajo y arriba por una losa plana realizada en secuencia y con una \u00fanica colada; todo ello con un notable ahorro de hormig\u00f3n y de acero, y con ventajas destacables en t\u00e9rminos de riesgo de incendio con respecto a los aligeramientos de poliestireno expandido.<\/p>\n<p>[\/vc_column_text][\/vc_column][vc_column][vc_empty_space height=\u00bb15px\u00bb][vc_column_text]<\/p>\n<p style=\"text-align: justify;\">Ligero y apilable, es manejable en la colocaci\u00f3n en obra, racional en su uso, no teme la intemperie y se almacena f\u00e1cilmente en la obra con envergaduras m\u00ednimas.<\/p>\n<p>Proyectado seg\u00fan severos criterios de calidad, el encofrado U-Bahn\u00ae Beton est\u00e1 garantizado para ofrecer una resistencia en seco de 150 kg concentrados en una huella de carga de 8 x 8 cm, tal y como previsto por las normas vigentes.<br \/>\nContrariamente a lo que sucede con las cl\u00e1sicas bovedillas de ladrillo, el hueco dejado por U-Bahn\u00ae Beton se podr\u00e1 utilizar para hacer pasar cables e instalaciones.[\/vc_column_text][\/vc_column][\/vc_row]<\/p>\n","protected":false},"excerpt":{"rendered":"<p>U-Bahn\u00ae Beton es un encofrado modular de pl\u00e1stico reciclado dise\u00f1ado espec\u00edficamente para crear losas unidireccionales coladas in situ o semi-prefabricados.<\/p>\n","protected":false},"author":1,"featured_media":58782,"parent":0,"menu_order":22,"comment_status":"closed","ping_status":"closed","template":"template-product.php","meta":[],"acf":[],"aioseo_notices":[],"_links":{"self":[{"href":"https:\/\/www.daliform.com\/es\/wp-json\/wp\/v2\/pages\/63459"}],"collection":[{"href":"https:\/\/www.daliform.com\/es\/wp-json\/wp\/v2\/pages"}],"about":[{"href":"https:\/\/www.daliform.com\/es\/wp-json\/wp\/v2\/types\/page"}],"author":[{"embeddable":true,"href":"https:\/\/www.daliform.com\/es\/wp-json\/wp\/v2\/users\/1"}],"replies":[{"embeddable":true,"href":"https:\/\/www.daliform.com\/es\/wp-json\/wp\/v2\/comments?post=63459"}],"version-history":[{"count":4,"href":"https:\/\/www.daliform.com\/es\/wp-json\/wp\/v2\/pages\/63459\/revisions"}],"predecessor-version":[{"id":112966,"href":"https:\/\/www.daliform.com\/es\/wp-json\/wp\/v2\/pages\/63459\/revisions\/112966"}],"wp:featuredmedia":[{"embeddable":true,"href":"https:\/\/www.daliform.com\/es\/wp-json\/wp\/v2\/media\/58782"}],"wp:attachment":[{"href":"https:\/\/www.daliform.com\/es\/wp-json\/wp\/v2\/media?parent=63459"}],"curies":[{"name":"wp","href":"https:\/\/api.w.org\/{rel}","templated":true}]}}