{"id":61780,"date":"2016-05-18T17:06:54","date_gmt":"2016-05-18T15:06:54","guid":{"rendered":"https:\/\/www.daliform.com\/?page_id=61780"},"modified":"2024-08-02T09:46:36","modified_gmt":"2024-08-02T07:46:36","slug":"encofrado-perdido-para-losas-aligeradas","status":"publish","type":"page","link":"https:\/\/www.daliform.com\/es\/encofrado-perdido-para-losas-aligeradas\/","title":{"rendered":"U-Boot\u00ae Beton"},"content":{"rendered":"<p>[vc_row][vc_column width=\u00bb1\/4&#8243;][vc_single_image image=\u00bb55854&#8243; img_size=\u00bblarge\u00bb][\/vc_column][vc_column width=\u00bb3\/4&#8243;][vc_column_text]<\/p>\n<h6 style=\"text-align: justify;\"><strong>U-Boot\u00ae Beton es un encofrado modular de PL\u00c1STICO RECICLADO, concebido para el aligeramiento de los forjados bidireccionales en hormig\u00f3n armado.<br \/>\n<\/strong><\/h6>\n<p style=\"text-align: justify;\">El uso de encofrados U-Boot\u00ae Beton permite realizar losas hongo, con la posibilidad de tener el hongo en el espesor del forjado.<\/p>\n<p style=\"text-align: justify;\">Gracias a la pata c\u00f3nica elevadora, efectivamente, sumergiendo los encofrados U-Boot\u00ae Beton en la colada de hormig\u00f3n, se obtiene un enrejado de vigas mutuamente ortogonales, cerradas inferior y superiormente por una losa plana, realizadas en secuencia y en una sola colada; todo esto con un ahorro notable de hormig\u00f3n y de acero.<\/p>\n<p>[\/vc_column_text][\/vc_column][vc_column][vc_empty_space height=\u00bb20px\u00bb][vc_column_text]U-Boot\u00ae Beton permite realizar forjados de gran luz o capaces de soportar grandes cargas, sin vigas.<br \/>\nLigero, f\u00e1cil y r\u00e1pido de colocar, gracias a su modularidad permite al proyectista modificar los par\u00e1metros geom\u00e9tricos como prefiera para adaptarse a todas las situaciones disfrutando de una gran libertad arquitect\u00f3nica.[\/vc_column_text][\/vc_column][\/vc_row]<\/p>\n","protected":false},"excerpt":{"rendered":"<p>U-Boot\u00ae Beton es un encofrado permanente de pl\u00e1stico reciclado, concebido para el aligeramiento de los forjados bidireccionales en hormig\u00f3n armado.<\/p>\n","protected":false},"author":1,"featured_media":55864,"parent":0,"menu_order":21,"comment_status":"closed","ping_status":"closed","template":"template-product.php","meta":[],"acf":[],"aioseo_notices":[],"_links":{"self":[{"href":"https:\/\/www.daliform.com\/es\/wp-json\/wp\/v2\/pages\/61780"}],"collection":[{"href":"https:\/\/www.daliform.com\/es\/wp-json\/wp\/v2\/pages"}],"about":[{"href":"https:\/\/www.daliform.com\/es\/wp-json\/wp\/v2\/types\/page"}],"author":[{"embeddable":true,"href":"https:\/\/www.daliform.com\/es\/wp-json\/wp\/v2\/users\/1"}],"replies":[{"embeddable":true,"href":"https:\/\/www.daliform.com\/es\/wp-json\/wp\/v2\/comments?post=61780"}],"version-history":[{"count":7,"href":"https:\/\/www.daliform.com\/es\/wp-json\/wp\/v2\/pages\/61780\/revisions"}],"predecessor-version":[{"id":112963,"href":"https:\/\/www.daliform.com\/es\/wp-json\/wp\/v2\/pages\/61780\/revisions\/112963"}],"wp:featuredmedia":[{"embeddable":true,"href":"https:\/\/www.daliform.com\/es\/wp-json\/wp\/v2\/media\/55864"}],"wp:attachment":[{"href":"https:\/\/www.daliform.com\/es\/wp-json\/wp\/v2\/media?parent=61780"}],"curies":[{"name":"wp","href":"https:\/\/api.w.org\/{rel}","templated":true}]}}