{"id":60639,"date":"2016-05-17T07:59:55","date_gmt":"2016-05-17T05:59:55","guid":{"rendered":"https:\/\/www.daliform.com\/?page_id=60639"},"modified":"2024-07-31T17:54:43","modified_gmt":"2024-07-31T15:54:43","slug":"cassaforma-muro","status":"publish","type":"page","link":"https:\/\/www.daliform.com\/es\/cassaforma-muro\/","title":{"rendered":"Cassaforma Muro"},"content":{"rendered":"<p>[vc_row][vc_column width=\u00bb1\/4&#8243;][vc_single_image image=\u00bb60600&#8243; img_size=\u00bbfull\u00bb alignment=\u00bbcenter\u00bb][\/vc_column][vc_column width=\u00bb3\/4&#8243;][vc_column_text]<\/p>\n<h5 style=\"text-align: justify;\"><strong>Cassaforma Muro ha sido concebido como alternativa del encofrado de madera tradicional, para permitir la colada de muros en elevaci\u00f3n, de vigas inversas y suelas de cimentaci\u00f3n, reduciendo dr\u00e1sticamente los tiempos de realizaci\u00f3n de la obra de fundaci\u00f3n.<\/strong><\/h5>\n<p style=\"text-align: justify;\">Este encofrado permanente est\u00e1 constituido por la combinaci\u00f3n de tubos, paneles, collares y estribos, todo fabricado en polipropileno.<\/p>\n<p>[\/vc_column_text][\/vc_column][vc_column][vc_empty_space height=\u00bb15px\u00bb][vc_column_text]Combinado con el sistema Atlantis, Cassaforma Muro permite realizar simult\u00e1neamente las vigas de cimentaci\u00f3n y la losa, optimizando y rapidizando el trabajo en la obra, con efectos econ\u00f3micos notables.<br \/>\nPor este motivo se aprecia mucho el sistema a la hora de realizar cisternas de recogida y\/o de dispersi\u00f3n de las aguas, un tipo de obras que van siendo cada d\u00eda m\u00e1s necesarias en los m\u00e1s diferentes contextos constructivos.<br \/>\nConsiderada la facilidad y la velocidad de colocaci\u00f3n, se adapta perfectamente tambi\u00e9n a la realizaci\u00f3n de soleras de cimentaci\u00f3n nervadas, en las cuales los huecos entre las vigas se llenan con los encofrados del Sistema Atlantis.[\/vc_column_text][\/vc_column][\/vc_row]<\/p>\n","protected":false},"excerpt":{"rendered":"<p>Cassaforma Muro para permitir la colada de muros en elevaci\u00f3n, de vigas inversas y suelas de cimentaci\u00f3n, reduciendo los tiempos de realizaci\u00f3n.<\/p>\n","protected":false},"author":1,"featured_media":51518,"parent":0,"menu_order":20,"comment_status":"closed","ping_status":"closed","template":"template-product.php","meta":[],"acf":[],"aioseo_notices":[],"_links":{"self":[{"href":"https:\/\/www.daliform.com\/es\/wp-json\/wp\/v2\/pages\/60639"}],"collection":[{"href":"https:\/\/www.daliform.com\/es\/wp-json\/wp\/v2\/pages"}],"about":[{"href":"https:\/\/www.daliform.com\/es\/wp-json\/wp\/v2\/types\/page"}],"author":[{"embeddable":true,"href":"https:\/\/www.daliform.com\/es\/wp-json\/wp\/v2\/users\/1"}],"replies":[{"embeddable":true,"href":"https:\/\/www.daliform.com\/es\/wp-json\/wp\/v2\/comments?post=60639"}],"version-history":[{"count":3,"href":"https:\/\/www.daliform.com\/es\/wp-json\/wp\/v2\/pages\/60639\/revisions"}],"predecessor-version":[{"id":112958,"href":"https:\/\/www.daliform.com\/es\/wp-json\/wp\/v2\/pages\/60639\/revisions\/112958"}],"wp:featuredmedia":[{"embeddable":true,"href":"https:\/\/www.daliform.com\/es\/wp-json\/wp\/v2\/media\/51518"}],"wp:attachment":[{"href":"https:\/\/www.daliform.com\/es\/wp-json\/wp\/v2\/media?parent=60639"}],"curies":[{"name":"wp","href":"https:\/\/api.w.org\/{rel}","templated":true}]}}