{"id":51595,"date":"2018-06-22T15:36:30","date_gmt":"2018-06-22T13:36:30","guid":{"rendered":"https:\/\/www.daliform.com\/coffrargile\/"},"modified":"2024-08-02T10:31:09","modified_gmt":"2024-08-02T08:31:09","slug":"coffrargile-encofrado-para-suelos-arcillosos","status":"publish","type":"page","link":"https:\/\/www.daliform.com\/es\/coffrargile-encofrado-para-suelos-arcillosos\/","title":{"rendered":"Coffrargile"},"content":{"rendered":"<p>[vc_row][vc_column width=\u00bb1\/4&#8243;][vc_single_image image=\u00bb35262&#8243; img_size=\u00bbfull\u00bb][\/vc_column][vc_column width=\u00bb3\/4&#8243;][vc_column_text]En los problemas de cimentaci\u00f3n en suelos arcillosos, rara vez se dan en el \u00e1mbito del proyecto condiciones que faciliten un enfoque \u00abproactivo\u00bb con respecto al suelo.<\/p>\n<p>En la mayor\u00eda de los casos, se dise\u00f1a la estructura y luego se prev\u00e9 su comportamiento en funci\u00f3n de las caracter\u00edsticas mec\u00e1nicas del suelo, mientras que s\u00f3lo en contadas ocasiones es posible actuar sobre ellas para modificar las condiciones ambientales desfavorables.<\/p>\n<p>Daliform Group cre\u00f3 Coffrargile, un encofrado permanente de <strong>pl\u00e1stico reciclado<\/strong>, para hacer frente eficazmente a los movimientos de los suelos arcillosos y proteger los forjados de la retracci\u00f3n\/inflamaci\u00f3n.[\/vc_column_text][\/vc_column][vc_column][vc_empty_space][vc_column_text]<strong>Coffrargile<\/strong> se utiliza en combinaci\u00f3n con Beton Up, un accesorio que evita que el hormig\u00f3n forme los t\u00edpicos \u00abpilares\u00bb del sistema cl\u00e1sico Igl\u00f9\u00ae.<\/p>\n<p>De este modo, el encofrado adquiere la funci\u00f3n de una simple cubierta sobre la que se puede crear una losa portante de hormig\u00f3n armado con una cavidad debajo, cuya finalidad es acomodar el <strong>hinchamiento y la retracci\u00f3n<\/strong> de la cimentaci\u00f3n debido a las caracter\u00edsticas mec\u00e1nicas particulares de los suelos arcillosos.[\/vc_column_text][\/vc_column][\/vc_row]<\/p>\n","protected":false},"excerpt":{"rendered":"<p>Coffrargile es un encofrado perdido para manejar eficazmente los movimientos de suelos arcillosos y proteger los suelos de la contracci\u00f3n \/ hinchaz\u00f3n.<\/p>\n","protected":false},"author":1,"featured_media":38979,"parent":0,"menu_order":19,"comment_status":"closed","ping_status":"closed","template":"template-product.php","meta":[],"acf":[],"aioseo_notices":[],"_links":{"self":[{"href":"https:\/\/www.daliform.com\/es\/wp-json\/wp\/v2\/pages\/51595"}],"collection":[{"href":"https:\/\/www.daliform.com\/es\/wp-json\/wp\/v2\/pages"}],"about":[{"href":"https:\/\/www.daliform.com\/es\/wp-json\/wp\/v2\/types\/page"}],"author":[{"embeddable":true,"href":"https:\/\/www.daliform.com\/es\/wp-json\/wp\/v2\/users\/1"}],"replies":[{"embeddable":true,"href":"https:\/\/www.daliform.com\/es\/wp-json\/wp\/v2\/comments?post=51595"}],"version-history":[{"count":5,"href":"https:\/\/www.daliform.com\/es\/wp-json\/wp\/v2\/pages\/51595\/revisions"}],"predecessor-version":[{"id":112948,"href":"https:\/\/www.daliform.com\/es\/wp-json\/wp\/v2\/pages\/51595\/revisions\/112948"}],"wp:featuredmedia":[{"embeddable":true,"href":"https:\/\/www.daliform.com\/es\/wp-json\/wp\/v2\/media\/38979"}],"wp:attachment":[{"href":"https:\/\/www.daliform.com\/es\/wp-json\/wp\/v2\/media?parent=51595"}],"curies":[{"name":"wp","href":"https:\/\/api.w.org\/{rel}","templated":true}]}}