{"id":51370,"date":"2020-05-19T10:05:08","date_gmt":"2020-05-19T08:05:08","guid":{"rendered":"https:\/\/www.daliform.com\/iglu-barrier\/"},"modified":"2024-07-31T17:10:25","modified_gmt":"2024-07-31T15:10:25","slug":"proteccion-perimetral-para-muros-contencion","status":"publish","type":"page","link":"https:\/\/www.daliform.com\/es\/proteccion-perimetral-para-muros-contencion\/","title":{"rendered":"Iglu&#8217;\u00ae Barrier"},"content":{"rendered":"<p>[vc_row][vc_column width=\u00bb1\/4&#8243;][vc_single_image image=\u00bb38771&#8243; img_size=\u00bblarge\u00bb][\/vc_column][vc_column width=\u00bb3\/4&#8243;][vc_column_text]<\/p>\n<h5><strong>Este sistema representa a prote\u00e7\u00e3o mais segura para as paredes enterradas, destinada a durar no tempo e a acompanhar a constru\u00e7\u00e3o ao longo de toda a sua durabilidade t\u00e9cnica.<\/strong><\/h5>\n<p>[\/vc_column_text][vc_column_text]As paredes em contacto com a terra est\u00e3o expostas a humidade devido a fen\u00f3menos de capilaridade, aos quais se pode juntar a poss\u00edvel condensa\u00e7\u00e3o do ar h\u00famido, como consequ\u00eancia de um isolamento t\u00e9rmico inadequado. Esta situa\u00e7\u00e3o pode provocar a forma\u00e7\u00e3o de mofo, odores desagrad\u00e1veis e sobretudo prejudicar a durabilidade da estrutura.<\/p>\n<p>Assim sendo, a escolha dos materiais deve ser de produtos que mant\u00eam no tempo as suas caracter\u00edsticas de impermeabilidade \u00e0 \u00e1gua e ao vapor de \u00e1gua, de n\u00e3o apodrecimento e de resist\u00eancia mec\u00e2nica, inclusive sob a a\u00e7\u00e3o das cargas devidas \u00e0s movimenta\u00e7\u00f5es dos ve\u00edculos na obra.[\/vc_column_text][\/vc_column][\/vc_row][vc_row][vc_column][vc_column_text]Iglu\u2019\u00ae Barrier es un panel de <strong>pl\u00e1stico reciclado<\/strong> creado para proteger la capa impermeable en los muros que est\u00e1n en contacto con el terreno. Gracias a sus caracter\u00edsticas t\u00e9cnicas, garantiza una \u00f3ptima resistencia a la compresi\u00f3n.<br \/>\nEl uso de Iglu\u2019\u00ae Barrier permite crear un hueco ventilado entre el muro impermeabilizado en contacto con el terreno y el terreno de relleno, eliminando el contacto entre el mismo y la impermeabilizaci\u00f3n.[\/vc_column_text][\/vc_column][\/vc_row]<\/p>\n","protected":false},"excerpt":{"rendered":"<p>Iglu&#8217;\u00ae Barrier protege los muros de contenci\u00f3n de los espacios habitables situados bajo el nivel del terreno<\/p>\n","protected":false},"author":11,"featured_media":38781,"parent":0,"menu_order":18,"comment_status":"closed","ping_status":"closed","template":"template-product.php","meta":[],"acf":[],"aioseo_notices":[],"_links":{"self":[{"href":"https:\/\/www.daliform.com\/es\/wp-json\/wp\/v2\/pages\/51370"}],"collection":[{"href":"https:\/\/www.daliform.com\/es\/wp-json\/wp\/v2\/pages"}],"about":[{"href":"https:\/\/www.daliform.com\/es\/wp-json\/wp\/v2\/types\/page"}],"author":[{"embeddable":true,"href":"https:\/\/www.daliform.com\/es\/wp-json\/wp\/v2\/users\/11"}],"replies":[{"embeddable":true,"href":"https:\/\/www.daliform.com\/es\/wp-json\/wp\/v2\/comments?post=51370"}],"version-history":[{"count":3,"href":"https:\/\/www.daliform.com\/es\/wp-json\/wp\/v2\/pages\/51370\/revisions"}],"predecessor-version":[{"id":112953,"href":"https:\/\/www.daliform.com\/es\/wp-json\/wp\/v2\/pages\/51370\/revisions\/112953"}],"wp:featuredmedia":[{"embeddable":true,"href":"https:\/\/www.daliform.com\/es\/wp-json\/wp\/v2\/media\/38781"}],"wp:attachment":[{"href":"https:\/\/www.daliform.com\/es\/wp-json\/wp\/v2\/media?parent=51370"}],"curies":[{"name":"wp","href":"https:\/\/api.w.org\/{rel}","templated":true}]}}