{"id":49810,"date":"2016-05-27T15:51:51","date_gmt":"2016-05-27T13:51:51","guid":{"rendered":"https:\/\/www.daliform.com\/sistema-atlantis\/aplicaciones-sistema-atlantis\/hueco-contra-las-raices\/"},"modified":"2021-09-13T14:48:33","modified_gmt":"2021-09-13T12:48:33","slug":"hueco-contra-las-raices","status":"publish","type":"page","link":"https:\/\/www.daliform.com\/es\/atlantis-encofrado-perdido-para-forjados-sanitarios\/aplicaciones-sistema-atlantis\/hueco-contra-las-raices\/","title":{"rendered":"Hueco contra las ra\u00edces"},"content":{"rendered":"<p>[vc_row padding_top=\u00bb0&#8243; padding_bottom=\u00bb0&#8243;][vc_column]\n\t<div class=\"custom-heading wpb_content_element  heading-medium\">\n\t\t<h2 class=\"heading-title\" >Al crear una cavidad con Iglu'\u00ae o con el Sistema Atlantis alrededor de los \u00e1rboles, debajo del pavimento del camino, se evita que las ra\u00edces rompan o rompan el pavimento suprayacente.<\/h2>\n\t\t<span class=\"heading-line primary\"><\/span>\n\t<\/div>[\/vc_column][\/vc_row][vc_row][vc_column width=\u00bb1\/2&#8243;][vc_masonry_media_grid element_width=\u00bb6&#8243; grid_id=\u00bbvc_gid:1627986227821-ac8d7061-78bb-8&#8243; include=\u00bb37829,37839,37849,37859&#8243;][\/vc_column][vc_column width=\u00bb1\/2&#8243;][vc_column_text css=\u00bb.vc_custom_1594369666697{margin-bottom: 35px !important;}\u00bb]<\/p>\n<h5 style=\"text-align: justify;\">Realizando un hueco con Igl\u00f9<sup><sub>\u00ae<\/sub><\/sup> alrededor de los \u00e1rboles, debajo de la calzada, se \u00abenga\u00f1a\u00bb al \u00e1rbol; <strong>efectivamente las ra\u00edces, al encontrar la capa de aire, naturalmente van a crecer en horizontal sin romper ni desestabilizar el pavimento de encima.<\/strong><\/h5>\n<p style=\"text-align: justify;\"><strong>El verde urbano es un componente que se ha vuelto indispensable para mejorar la calidad de vida y proporcionar viveza y color a las ciudades.<\/strong> Desde la teorizaci\u00f3n de la ciudad jard\u00edn han transcurrido casi 200 a\u00f1os y tambi\u00e9n en Italia la tendencia es la de realizar parques, bosques urbanos y \u201ccinturones verdes\u201d. Pero a menudo el verde entra simplemente al borde de las carreteras, de las calles, de las aceras o de las pistas de bicicletas. Es necesario efectuar con regularidad trabajos de mantenimiento porque las ra\u00edces de los \u00e1rboles empujan, levantando el pavimento hasta salir y volver al subsuelo para crecer en horizontal.<strong> El sistema Atlantis y Igl\u00f9<sup><sub>\u00ae<\/sub><\/sup>, puede eliminar este problema.<\/strong><\/p>\n<p>[\/vc_column_text][\/vc_column][\/vc_row][vc_row row_type=\u00bbrow_full_center_content\u00bb bg_color=\u00bb#f2f2f2&#8243;][vc_column][vc_column_text]<\/p>\n<p style=\"text-align: justify;\"><strong>Ventajas:<\/strong><br \/>\n\u2022 No hay costes de mantenimiento de la acera\/pista de bicicletas.<br \/>\n\u2022 Mayor \u201csatisfacci\u00f3n\u201d del ciudadano que no se quejar\u00e1 del pavimento irregular.<br \/>\n\u2022 Menos accidentes para las personas mayores de edad o con limitada capacidad motora.<br \/>\n\u2022 Nivelado con un gran ahorro de inertes.<\/p>\n<p>[\/vc_column_text][\/vc_column][\/vc_row][vc_row][vc_column][vc_separator][vc_column_text css=\u00bb.vc_custom_1592297006811{margin-bottom: 15px !important;}\u00bb]<strong>PRODUCTOS RECOMENDADOS:<\/strong>[\/vc_column_text][vc_empty_space height=\u00bb10px\u00bb][\/vc_column][vc_column][vc_masonry_grid post_type=\u00bbids\u00bb element_width=\u00bb3&#8243; grid_id=\u00bbvc_gid:1627986227823-e9c34ef3-a323-7&#8243; include=\u00bb1034, 4579&#8243; el_class=\u00bbtext-size-p\u00bb][\/vc_column][\/vc_row]<\/p>\n","protected":false},"excerpt":{"rendered":"<p>Proteger las raices de los arboles y de los arbustos a lo largo del borde de la carretera, para evitar las peligrosas deformaciones y los levantamientos del asfalto.<\/p>\n","protected":false},"author":1,"featured_media":57873,"parent":49211,"menu_order":3,"comment_status":"closed","ping_status":"closed","template":"","meta":[],"acf":[],"aioseo_notices":[],"_links":{"self":[{"href":"https:\/\/www.daliform.com\/es\/wp-json\/wp\/v2\/pages\/49810"}],"collection":[{"href":"https:\/\/www.daliform.com\/es\/wp-json\/wp\/v2\/pages"}],"about":[{"href":"https:\/\/www.daliform.com\/es\/wp-json\/wp\/v2\/types\/page"}],"author":[{"embeddable":true,"href":"https:\/\/www.daliform.com\/es\/wp-json\/wp\/v2\/users\/1"}],"replies":[{"embeddable":true,"href":"https:\/\/www.daliform.com\/es\/wp-json\/wp\/v2\/comments?post=49810"}],"version-history":[{"count":0,"href":"https:\/\/www.daliform.com\/es\/wp-json\/wp\/v2\/pages\/49810\/revisions"}],"up":[{"embeddable":true,"href":"https:\/\/www.daliform.com\/es\/wp-json\/wp\/v2\/pages\/49211"}],"wp:featuredmedia":[{"embeddable":true,"href":"https:\/\/www.daliform.com\/es\/wp-json\/wp\/v2\/media\/57873"}],"wp:attachment":[{"href":"https:\/\/www.daliform.com\/es\/wp-json\/wp\/v2\/media?parent=49810"}],"curies":[{"name":"wp","href":"https:\/\/api.w.org\/{rel}","templated":true}]}}