{"id":49769,"date":"2016-05-26T15:50:05","date_gmt":"2016-05-26T13:50:05","guid":{"rendered":"https:\/\/www.daliform.com\/sistema-atlantis\/aplicaciones-sistema-atlantis\/losa-de-caja\/"},"modified":"2021-09-13T14:40:16","modified_gmt":"2021-09-13T12:40:16","slug":"losa-de-caja","status":"publish","type":"page","link":"https:\/\/www.daliform.com\/es\/atlantis-encofrado-perdido-para-forjados-sanitarios\/aplicaciones-sistema-atlantis\/losa-de-caja\/","title":{"rendered":"Losa de caja"},"content":{"rendered":"<p>[vc_row padding_top=\u00bb0&#8243; padding_bottom=\u00bb0&#8243;][vc_column]\n\t<div class=\"custom-heading wpb_content_element  heading-medium\">\n\t\t<h2 class=\"heading-title\" >Con el sistema Atlantis es posible crear cimientos muy r\u00edgidos (caja o caja de caja) a bajo costo.<\/h2>\n\t\t<span class=\"heading-line primary\"><\/span>\n\t<\/div>[\/vc_column][\/vc_row][vc_row][vc_column width=\u00bb1\/2&#8243;][vc_single_image image=\u00bb37807&#8243; img_size=\u00bbfull\u00bb][\/vc_column][vc_column width=\u00bb1\/2&#8243;][vc_column_text css=\u00bb.vc_custom_1594368940386{margin-bottom: 25px !important;}\u00bb]<\/p>\n<h5 style=\"text-align: justify;\"><strong>Gracias a los encofrados Igl\u00f9\u00ae o Atlantis de Daliform Group asociados con los paneles L-Plast o Cassaforma Muro, es posible completar la estructura de la solera de cimentaci\u00f3n en solamente dos fases<\/strong>; es decir colando la losa inferior sobre la cual se colocan los productos Daliform Group y seguidamente colando las vigas y la losa de compresi\u00f3n en una sola fase.<br \/>\nActuando de esta manera se pueden realizar cimientos de alt\u00edsima rigidez con costes reducidos.<\/h5>\n<p style=\"text-align: justify;\">La funci\u00f3n principal de las estructuras de cimentaci\u00f3n como la propuesta por el <span class=\"s1\">Sistema Atlantis<\/span> es aquella de <span class=\"s1\">distribuir sobre el terreno las cargas<\/span> procedentes de pilares, tabiques, muros y, al mismo tiempo, anclar el edificio al terreno, asegurando su estabilidad. En algunos casos, utilizando siempre el <span class=\"s1\">Sistema Atlantis<\/span>, se pueden <span class=\"s1\">eliminar los pilotes de cimentaci\u00f3n<\/span> que al contrario ser\u00edan necesarios aplicando otras soluciones constructivas.<\/p>\n<p>[\/vc_column_text][\/vc_column][vc_column][vc_empty_space height=\u00bb20px\u00bb][vc_column_text css=\u00bb.vc_custom_1594368933242{margin-bottom: 25px !important;}\u00bb]<\/p>\n<p style=\"text-align: justify;\">Las estructuras de cimentaci\u00f3n tienen por objetivo reducir al m\u00ednimo las deformaciones diferidas, debidas a terreno no homog\u00e9neo o a disimetr\u00edas en las cargas, a fin de asegurar la estabilidad de la construcci\u00f3n. Efectivamente son estas \u00faltimas el verdadero peligro para la integridad de los cimientos y de la estructura sobresaliente. Una vez individuado, en funci\u00f3n de las caracter\u00edsticas del edificio y del terreno, el tipo de cimientos m\u00e1s adecuado para repartir las cargas sobre el terreno, el problema se transforma de t\u00e9cnico en econ\u00f3mico, es decir que se trata de encontrar el sistema m\u00e1s barato para realizar la soluci\u00f3n elegida.<br \/>\n<span class=\"s1\">Una soluci\u00f3n de este problema, sin tener que cambiar de tipo de estructura, es aqu\u00e9l de realizar una losa de caja (o artesonada). Obtendremos una estructura alveolar constituida por dos losas planas unidas por vigas mutuamente ortogonales: losas inferiores y superiores con un espesor de 15-20 cm, con vigas de uni\u00f3n altas 70\u2013120 cm colocadas en distancias entre ejes variables seg\u00fan las exigencias est\u00e1ticas. Gracias a los encofrados <\/span><span class=\"s2\">Igl\u00f9<sup>\u00ae<\/sup><\/span><span class=\"s1\"> o <\/span><span class=\"s2\">Atlantis<\/span><span class=\"s1\"> de Daliform Group<\/span> <span class=\"s1\">asociados con los paneles <\/span><span class=\"s2\">L-Plast<\/span><span class=\"s1\"> o <\/span><span class=\"s2\">Cassaforma Muro,<\/span><span class=\"s1\"> es posible completar la estructura de la solera de cimentaci\u00f3n en solamente dos fases; es decir colando la losa inferior sobre la cual se colocan los productos Daliform Group y seguidamente colando las vigas y la losa de compresi\u00f3n en una sola fase. Actuando de esta manera se pueden realizar cimientos de alt\u00edsima rigidez con costes reducidos.<\/span><\/p>\n<p>[\/vc_column_text][\/vc_column][\/vc_row][vc_row][vc_column][vc_separator][vc_column_text css=\u00bb.vc_custom_1592297006811{margin-bottom: 15px !important;}\u00bb]<strong>PRODUCTOS RECOMENDADOS:<\/strong>[\/vc_column_text][vc_empty_space height=\u00bb10px\u00bb][\/vc_column][vc_column][vc_masonry_grid post_type=\u00bbids\u00bb element_width=\u00bb3&#8243; grid_id=\u00bbvc_gid:1627985728897-b0e7b1fa-8089-6&#8243; include=\u00bb1034, 4579&#8243; el_class=\u00bbtext-size-p\u00bb][\/vc_column][\/vc_row]<\/p>\n","protected":false},"excerpt":{"rendered":"<p>Gracias a los encofrados Igl\u00f9 o Atlantis con paneles L-Plast o Cassaforma Muro, es posible completar la estructura de la solera de cimentaci\u00f3n en dos fases.<\/p>\n","protected":false},"author":1,"featured_media":57862,"parent":49211,"menu_order":2,"comment_status":"closed","ping_status":"closed","template":"","meta":[],"acf":[],"aioseo_notices":[],"_links":{"self":[{"href":"https:\/\/www.daliform.com\/es\/wp-json\/wp\/v2\/pages\/49769"}],"collection":[{"href":"https:\/\/www.daliform.com\/es\/wp-json\/wp\/v2\/pages"}],"about":[{"href":"https:\/\/www.daliform.com\/es\/wp-json\/wp\/v2\/types\/page"}],"author":[{"embeddable":true,"href":"https:\/\/www.daliform.com\/es\/wp-json\/wp\/v2\/users\/1"}],"replies":[{"embeddable":true,"href":"https:\/\/www.daliform.com\/es\/wp-json\/wp\/v2\/comments?post=49769"}],"version-history":[{"count":0,"href":"https:\/\/www.daliform.com\/es\/wp-json\/wp\/v2\/pages\/49769\/revisions"}],"up":[{"embeddable":true,"href":"https:\/\/www.daliform.com\/es\/wp-json\/wp\/v2\/pages\/49211"}],"wp:featuredmedia":[{"embeddable":true,"href":"https:\/\/www.daliform.com\/es\/wp-json\/wp\/v2\/media\/57862"}],"wp:attachment":[{"href":"https:\/\/www.daliform.com\/es\/wp-json\/wp\/v2\/media?parent=49769"}],"curies":[{"name":"wp","href":"https:\/\/api.w.org\/{rel}","templated":true}]}}