{"id":49629,"date":"2016-05-26T15:51:46","date_gmt":"2016-05-26T13:51:46","guid":{"rendered":"https:\/\/www.daliform.com\/sistema-atlantis\/aplicaciones-sistema-atlantis\/cimientos-profundos-en-varios-niveles\/"},"modified":"2021-09-13T14:28:43","modified_gmt":"2021-09-13T12:28:43","slug":"cimientos-profundos-en-varios-niveles","status":"publish","type":"page","link":"https:\/\/www.daliform.com\/es\/atlantis-encofrado-perdido-para-forjados-sanitarios\/aplicaciones-sistema-atlantis\/cimientos-profundos-en-varios-niveles\/","title":{"rendered":"Cimientos profundos en varios niveles"},"content":{"rendered":"<p>[vc_row padding_top=\u00bb0&#8243; padding_bottom=\u00bb0&#8243;][vc_column]\n\t<div class=\"custom-heading wpb_content_element  heading-medium\">\n\t\t<h2 class=\"heading-title\" >El Sistema Atlantis permite ajustar al cent\u00edmetro la altura de los tubos elevadores, que se pueden suministrar en la obra de diferentes medidas. De esta manera se podr\u00e1 realizar f\u00e1cilmente, ahorrando y r\u00e1pidamente, estructuras que exijan alturas variables como losas, rampas con pendiente y losas multi-nivel.<\/h2>\n\t\t<span class=\"heading-line primary\"><\/span>\n\t<\/div>[\/vc_column][\/vc_row][vc_row][vc_column width=\u00bb1\/2&#8243;][vc_single_image image=\u00bb37785&#8243; img_size=\u00bbfull\u00bb][\/vc_column][vc_column width=\u00bb1\/2&#8243;][vc_column_text css=\u00bb.vc_custom_1594212135729{margin-bottom: 25px !important;}\u00bb]<\/p>\n<h5 style=\"text-align: justify;\"><strong>El Sistema Atlantis permite ajustar al cent\u00edmetro la altura de los tubos elevadores<\/strong>, que se pueden suministrar en la obra de diferentes medidas.<br \/>\nDe esta manera se podr\u00e1 realizar f\u00e1cilmente, ahorrando y r\u00e1pidamente, estructuras que exijan alturas variables como losas, rampas con pendiente y losas multi-nivel.<\/h5>\n<p style=\"text-align: justify;\">Habitualmente se realizan losas en una misma cota a partir de tramos de cimentaciones en niveles diferentes (un ejemplo cl\u00e1sico son las vigas en \u201cT inversa\u201d o cimentaciones con plintos aislados), el Sistema Atlantis permite realizar estas estructuras de una manera simple y sin tener que interrumpir la colocaci\u00f3n regular de los encofrados. El sistema descrito, si se combina con el accesorio Cassaforma Muro, reduce ulteriormente los tiempos de realizaci\u00f3n.<\/p>\n<p>[\/vc_column_text][\/vc_column][\/vc_row][vc_row][vc_column][vc_separator][vc_column_text css=\u00bb.vc_custom_1592297006811{margin-bottom: 15px !important;}\u00bb]<strong>PRODUCTOS RECOMENDADOS:<\/strong>[\/vc_column_text][vc_empty_space height=\u00bb10px\u00bb][\/vc_column][vc_column][vc_masonry_grid post_type=\u00bbids\u00bb element_width=\u00bb3&#8243; grid_id=\u00bbvc_gid:1627985330000-7894ba51-ea60-5&#8243; include=\u00bb1034, 4579&#8243; el_class=\u00bbtext-size-p\u00bb][\/vc_column][\/vc_row]<\/p>\n","protected":false},"excerpt":{"rendered":"<p>Realizar f\u00e1cilmente, ahorrando y r\u00e1pidamente, estructuras que exijan alturas variables como losas, rampas con pendiente y losas multi-nivel.<\/p>\n","protected":false},"author":1,"featured_media":57851,"parent":49211,"menu_order":1,"comment_status":"closed","ping_status":"closed","template":"","meta":[],"acf":[],"aioseo_notices":[],"_links":{"self":[{"href":"https:\/\/www.daliform.com\/es\/wp-json\/wp\/v2\/pages\/49629"}],"collection":[{"href":"https:\/\/www.daliform.com\/es\/wp-json\/wp\/v2\/pages"}],"about":[{"href":"https:\/\/www.daliform.com\/es\/wp-json\/wp\/v2\/types\/page"}],"author":[{"embeddable":true,"href":"https:\/\/www.daliform.com\/es\/wp-json\/wp\/v2\/users\/1"}],"replies":[{"embeddable":true,"href":"https:\/\/www.daliform.com\/es\/wp-json\/wp\/v2\/comments?post=49629"}],"version-history":[{"count":0,"href":"https:\/\/www.daliform.com\/es\/wp-json\/wp\/v2\/pages\/49629\/revisions"}],"up":[{"embeddable":true,"href":"https:\/\/www.daliform.com\/es\/wp-json\/wp\/v2\/pages\/49211"}],"wp:featuredmedia":[{"embeddable":true,"href":"https:\/\/www.daliform.com\/es\/wp-json\/wp\/v2\/media\/57851"}],"wp:attachment":[{"href":"https:\/\/www.daliform.com\/es\/wp-json\/wp\/v2\/media?parent=49629"}],"curies":[{"name":"wp","href":"https:\/\/api.w.org\/{rel}","templated":true}]}}