{"id":49325,"date":"2016-04-13T16:53:49","date_gmt":"2016-04-13T14:53:49","guid":{"rendered":"https:\/\/www.daliform.com\/sistema-atlantis\/aplicaciones-sistema-atlantis\/rampas-de-acceso-transitables\/"},"modified":"2021-09-13T12:00:32","modified_gmt":"2021-09-13T10:00:32","slug":"rampas-de-acceso-transitables","status":"publish","type":"page","link":"https:\/\/www.daliform.com\/es\/atlantis-encofrado-perdido-para-forjados-sanitarios\/aplicaciones-sistema-atlantis\/rampas-de-acceso-transitables\/","title":{"rendered":"Rampas de acceso transitables"},"content":{"rendered":"<p>[vc_row padding_top=\u00bb0&#8243; padding_bottom=\u00bb0&#8243;][vc_column]\n\t<div class=\"custom-heading wpb_content_element  heading-medium\">\n\t\t<h2 class=\"heading-title\" >El Sistema Atlantis permite ajustar al cent\u00edmetro la altura de los tubos elevadores, que se pueden suministrar en la obra de diferentes medidas. De esta manera se podr\u00e1 realizar f\u00e1cilmente, ahorrando y r\u00e1pidamente, estructuras que exijan alturas variables como losas, rampas con pendiente y losas multi-nivel.<\/h2>\n\t\t<span class=\"heading-line primary\"><\/span>\n\t<\/div>[\/vc_column][\/vc_row][vc_row][vc_column width=\u00bb1\/2&#8243;][vc_masonry_media_grid grid_id=\u00bbvc_gid:1627984732730-6ac9d718-f27c-0&#8243; include=\u00bb37671,37681,37691,37701,37711,37721,37731,37741,37661&#8243;][\/vc_column][vc_column width=\u00bb1\/2&#8243;][vc_column_text]<\/p>\n<h5><strong>Sistemas para la realizaci\u00f3n de rampas de acceso transitables, terrazas, losas levemente inclinadas para teatros y cines o para nivelaci\u00f3n de alturas.<\/strong><\/h5>\n<p>El Sistema Atlantis permite realizar, de una manera <strong>r\u00e1pida y con un notable ahorro<\/strong> de materiales, <strong>rampas de acceso<\/strong> a locales subterr\u00e1neos. Efectivamente, en lugar de utilizar materiales como la arena, la grava o el hormig\u00f3n, se puede realizar una cimentaci\u00f3n para la rampa que tenga la misma cota que la estructura adyacente (aparcamiento) y realizar un hueco con una losa, transitable por veh\u00edculos, inclinada al trasd\u00f3s. <strong>El Sistema Atlantis permite tambi\u00e9n realizar rampas curvas en planta.<\/strong><\/p>\n<p>Los t\u00e9cnicos de Daliform Group est\u00e1n a su disposici\u00f3n para ayudarle en el proyecto de su losa hueca, proporcionan do a petici\u00f3n estudios personalizados con informes de c\u00e1lculo y planos ejecutivos.[\/vc_column_text][\/vc_column][\/vc_row][vc_row][vc_column][vc_separator][vc_column_text css=\u00bb.vc_custom_1592297006811{margin-bottom: 15px !important;}\u00bb]<strong>PRODUCTOS RECOMENDADOS:<\/strong>[\/vc_column_text][vc_empty_space height=\u00bb10px\u00bb][\/vc_column][vc_column][vc_masonry_grid post_type=\u00bbids\u00bb show_filter=\u00bbyes\u00bb element_width=\u00bb3&#8243; grid_id=\u00bbvc_gid:1627984732732-84822b3c-6b3a-4&#8243; include=\u00bb1034, 4579&#8243; el_class=\u00bbtext-size-p\u00bb filter_source=\u00bbcategory\u00bb][\/vc_column][\/vc_row]<\/p>\n","protected":false},"excerpt":{"rendered":"<p>Sistemas para la realizaci\u00f3n de rampas de acceso transitables, terrazas, losas levemente inclinadas para teatros y cines o para nivelaci\u00f3n de alturas.<\/p>\n","protected":false},"author":1,"featured_media":57835,"parent":49211,"menu_order":0,"comment_status":"closed","ping_status":"closed","template":"","meta":[],"acf":[],"aioseo_notices":[],"_links":{"self":[{"href":"https:\/\/www.daliform.com\/es\/wp-json\/wp\/v2\/pages\/49325"}],"collection":[{"href":"https:\/\/www.daliform.com\/es\/wp-json\/wp\/v2\/pages"}],"about":[{"href":"https:\/\/www.daliform.com\/es\/wp-json\/wp\/v2\/types\/page"}],"author":[{"embeddable":true,"href":"https:\/\/www.daliform.com\/es\/wp-json\/wp\/v2\/users\/1"}],"replies":[{"embeddable":true,"href":"https:\/\/www.daliform.com\/es\/wp-json\/wp\/v2\/comments?post=49325"}],"version-history":[{"count":0,"href":"https:\/\/www.daliform.com\/es\/wp-json\/wp\/v2\/pages\/49325\/revisions"}],"up":[{"embeddable":true,"href":"https:\/\/www.daliform.com\/es\/wp-json\/wp\/v2\/pages\/49211"}],"wp:featuredmedia":[{"embeddable":true,"href":"https:\/\/www.daliform.com\/es\/wp-json\/wp\/v2\/media\/57835"}],"wp:attachment":[{"href":"https:\/\/www.daliform.com\/es\/wp-json\/wp\/v2\/media?parent=49325"}],"curies":[{"name":"wp","href":"https:\/\/api.w.org\/{rel}","templated":true}]}}