{"id":48994,"date":"2016-05-19T14:54:53","date_gmt":"2016-05-19T12:54:53","guid":{"rendered":"https:\/\/www.daliform.com\/sistema-atlantis\/"},"modified":"2024-08-02T10:28:26","modified_gmt":"2024-08-02T08:28:26","slug":"atlantis-encofrado-perdido-para-forjados-sanitarios","status":"publish","type":"page","link":"https:\/\/www.daliform.com\/es\/atlantis-encofrado-perdido-para-forjados-sanitarios\/","title":{"rendered":"Sistema Atlantis"},"content":{"rendered":"<p>[vc_row][vc_column width=\u00bb1\/4&#8243;][vc_single_image image=\u00bb37604&#8243; img_size=\u00bblarge\u00bb][\/vc_column][vc_column width=\u00bb3\/4&#8243;][vc_column_text]<\/p>\n<p style=\"text-align: justify;\"><strong>Atlantis es el sistema puntero<\/strong> para crear forjados sanitarios en general, losas huecas y pavimentos ventilados en la construcci\u00f3n y reforma de edificios civiles e industriales, cisternas de acumulaci\u00f3n, cisternas de dispersi\u00f3n, soleras alveolares, c\u00e1maras frigor\u00edficas a baja temperatura.<\/p>\n<p>El <strong>Sistema Atlantis<\/strong> se utiliza cuando la profundidad de la losa hueca o del hueco es tal que no permite utilizar los cl\u00e1sicos encofrados Igl\u00f9<sup>\u00ae<\/sup>, con la ventaja que el di\u00e1metro constante de los tubos elevadores permite reducir al m\u00ednimo los consumos de hormig\u00f3n para el llenado. La rapidez, sencillez y asequibilidad son las caracter\u00edsticas principales de este sistema fabricado con <strong>pl\u00e1stico reciclado<\/strong>.<\/p>\n<p style=\"text-align: justify;\">Con <strong>Atlantis<\/strong>, adem\u00e1s, se obtiene un hueco sanitario con adecuada barrera al vapor para el pavimento y, si se ventila oportunamente mediante tuber\u00edas conectadas con el exterior, constituye un veh\u00edculo para eliminar el Gas Rad\u00f3n presente en el terreno.<\/p>\n<p>[\/vc_column_text][\/vc_column][\/vc_row]<\/p>\n","protected":false},"excerpt":{"rendered":"<p>Sistema de encofrado permanente Atlantis para crear losas huecas elevadas de hormig\u00f3n con espacio debajo para aligerar estructuras, compensar alturas de piso y otras aplicaciones.<\/p>\n","protected":false},"author":1,"featured_media":37614,"parent":0,"menu_order":17,"comment_status":"closed","ping_status":"closed","template":"template-product.php","meta":[],"acf":[],"aioseo_notices":[],"_links":{"self":[{"href":"https:\/\/www.daliform.com\/es\/wp-json\/wp\/v2\/pages\/48994"}],"collection":[{"href":"https:\/\/www.daliform.com\/es\/wp-json\/wp\/v2\/pages"}],"about":[{"href":"https:\/\/www.daliform.com\/es\/wp-json\/wp\/v2\/types\/page"}],"author":[{"embeddable":true,"href":"https:\/\/www.daliform.com\/es\/wp-json\/wp\/v2\/users\/1"}],"replies":[{"embeddable":true,"href":"https:\/\/www.daliform.com\/es\/wp-json\/wp\/v2\/comments?post=48994"}],"version-history":[{"count":5,"href":"https:\/\/www.daliform.com\/es\/wp-json\/wp\/v2\/pages\/48994\/revisions"}],"predecessor-version":[{"id":112942,"href":"https:\/\/www.daliform.com\/es\/wp-json\/wp\/v2\/pages\/48994\/revisions\/112942"}],"wp:featuredmedia":[{"embeddable":true,"href":"https:\/\/www.daliform.com\/es\/wp-json\/wp\/v2\/media\/37614"}],"wp:attachment":[{"href":"https:\/\/www.daliform.com\/es\/wp-json\/wp\/v2\/media?parent=48994"}],"curies":[{"name":"wp","href":"https:\/\/api.w.org\/{rel}","templated":true}]}}