{"id":48627,"date":"2020-10-23T11:07:59","date_gmt":"2020-10-23T09:07:59","guid":{"rendered":"https:\/\/www.daliform.com\/iglu-smart\/"},"modified":"2024-08-02T10:26:06","modified_gmt":"2024-08-02T08:26:06","slug":"iglu-smart-encofrado-para-forjado-sanitario","status":"publish","type":"page","link":"https:\/\/www.daliform.com\/es\/iglu-smart-encofrado-para-forjado-sanitario\/","title":{"rendered":"Iglu&#8217;\u00ae Smart"},"content":{"rendered":"<p>[vc_row][vc_column width=\u00bb1\/4&#8243;][vc_single_image image=\u00bb36752&#8243; img_size=\u00bblarge\u00bb][\/vc_column][vc_column width=\u00bb3\/4&#8243;][vc_column_text]<\/p>\n<h5><strong>Iglu\u2019<sup>\u00ae<\/sup> Smart es el innovador encofrado PERDIDO de pl\u00e1stico reciclado, regulable en planta tanto en horizontal como en vertical, que permite crear huecos (losas huecas ventiladas) con una flexibilidad a\u00fan mayor que la de los encofrados normales. <\/strong><\/h5>\n<p>Gracias a su conformaci\u00f3n \u00fanica e innovadora y al sistema especial de enganche con muescas ajustables situadas en sus dos ap\u00e9ndices horizontal y vertical, <strong>Iglu\u2019<sup>\u00ae<\/sup> Smart<\/strong> permite regular f\u00e1cilmente las medidas en planta del encofrado, en las dos direcciones, perpendiculares entre s\u00ed, horizontal y vertical.[\/vc_column_text][\/vc_column][vc_column][vc_empty_space height=\u00bb20px\u00bb][vc_column_text]Por ejemplo, <strong>el uso de Iglu<sup>\u2019\u00ae<\/sup> Smart permite obtener, adem\u00e1s de las medidas aqu\u00ed indicadas de 50&#215;50 cm \u2013 52,5&#215;52,5 cm, &#8211; 55&#215;55 cm, tambi\u00e9n medidas no est\u00e1ndar, como 55&#215;52,5 cm, 52,5&#215;50 cm, 50&#215;55 cm y 50&#215;52,5 cm, con solo regular la posici\u00f3n del solapamiento entre los encofrados, es decir, moviendo el encofrado con la ayuda de las muescas preajustadas.<\/strong><\/p>\n<p><strong>Iglu\u2019\u00ae Smart<\/strong> es ideal para cubrir superficies de amplias dimensiones, en mucho menos tiempo que con los encofrados normales, sin utilizar accesorios adicionales como, por ejemplo, sistemas de prolongaci\u00f3n.[\/vc_column_text][\/vc_column][\/vc_row]<\/p>\n","protected":false},"excerpt":{"rendered":"<p>Iglu\u2019\u00ae Smart es el innovador encofrado perdido regulable en planta tanto en horizontal como en vertical, que permite crear losas huecas ventiladas.<\/p>\n","protected":false},"author":1,"featured_media":36762,"parent":0,"menu_order":16,"comment_status":"closed","ping_status":"closed","template":"template-product.php","meta":[],"acf":[],"aioseo_notices":[],"_links":{"self":[{"href":"https:\/\/www.daliform.com\/es\/wp-json\/wp\/v2\/pages\/48627"}],"collection":[{"href":"https:\/\/www.daliform.com\/es\/wp-json\/wp\/v2\/pages"}],"about":[{"href":"https:\/\/www.daliform.com\/es\/wp-json\/wp\/v2\/types\/page"}],"author":[{"embeddable":true,"href":"https:\/\/www.daliform.com\/es\/wp-json\/wp\/v2\/users\/1"}],"replies":[{"embeddable":true,"href":"https:\/\/www.daliform.com\/es\/wp-json\/wp\/v2\/comments?post=48627"}],"version-history":[{"count":5,"href":"https:\/\/www.daliform.com\/es\/wp-json\/wp\/v2\/pages\/48627\/revisions"}],"predecessor-version":[{"id":112936,"href":"https:\/\/www.daliform.com\/es\/wp-json\/wp\/v2\/pages\/48627\/revisions\/112936"}],"wp:featuredmedia":[{"embeddable":true,"href":"https:\/\/www.daliform.com\/es\/wp-json\/wp\/v2\/media\/36762"}],"wp:attachment":[{"href":"https:\/\/www.daliform.com\/es\/wp-json\/wp\/v2\/media?parent=48627"}],"curies":[{"name":"wp","href":"https:\/\/api.w.org\/{rel}","templated":true}]}}