{"id":44833,"date":"2016-03-07T10:57:30","date_gmt":"2016-03-07T09:57:30","guid":{"rendered":"https:\/\/www.daliform.com\/iglu\/aplicaciones-iglu\/aislamiento-acustico\/"},"modified":"2022-03-02T09:43:49","modified_gmt":"2022-03-02T08:43:49","slug":"iglu-aislamiento-acustico","status":"publish","type":"page","link":"https:\/\/www.daliform.com\/es\/iglu-encofrado-para-forjados-sanitarios\/iglu-aplicaciones\/iglu-aislamiento-acustico\/","title":{"rendered":"Aislamiento ac\u00fastico"},"content":{"rendered":"<p>[vc_row padding_top=\u00bb0&#8243; padding_bottom=\u00bb0&#8243;][vc_column]\n\t<div class=\"custom-heading wpb_content_element  heading-medium\">\n\t\t<h2 class=\"heading-title\" >Con el auxilio de Igl\u00f9\u00ae se realiza un mecanismo de control del ruido que permite aumentar el nivel de confort en las viviendas.<\/h2>\n\t\t<span class=\"heading-line primary\"><\/span>\n\t<\/div>[\/vc_column][\/vc_row][vc_row][vc_column width=\u00bb1\/2&#8243;][vc_single_image image=\u00bb35321&#8243; img_size=\u00bbfull\u00bb][\/vc_column][vc_column width=\u00bb1\/2&#8243;][vc_column_text css=\u00bb.vc_custom_1464359033054{margin-bottom: 35px !important;}\u00bb]<\/p>\n<p style=\"text-align: justify;\">Con el auxilio de <strong>Igl\u00f9<sup><sub>\u00ae<\/sub><\/sup> H 4-8-12 cm<\/strong>, a intercalar entre alcatifa y estructura del forjado, se realiza un mecanismo de control del ruido que permite aumentar el nivel de confort en las viviendas, con la ulterior ventaja que la c\u00e1mara que se crea permite hacer pasar cables y tuber\u00edas al mismo tiempo que constituye una soluci\u00f3n m\u00e1s ligera que la alcatifa cl\u00e1sica. En combinaci\u00f3n con oportunos paquetes fonoaislantes, <strong>Igl\u00f9<sup><sub>\u00ae<\/sub><\/sup><\/strong> contribuye en lograr los valores establecidos por las normas en tema de ruido.<\/p>\n<p style=\"text-align: justify;\">La Ley Base sobre la contaminaci\u00f3n ac\u00fastica n\u00b0447 del 26\/10\/95 establece los principios fundamentales en tema de tutela del ambiente externo y del interior de las viviendas contra la contaminaci\u00f3n ac\u00fastica.<\/p>\n<p>[\/vc_column_text][\/vc_column][vc_column][vc_empty_space][vc_column_text]<\/p>\n<p style=\"text-align: justify;\">Se realiza mediante estructuras horizontales de masa adecuada e intercalando, entre forjado y alcatifa, unas capas de material id\u00f3neo para amortiguar las vibraciones debidas a los ruidos de impacto. Seg\u00fan el uso previsto del edificio, la ley establece diferentes par\u00e1metros de aislamiento ac\u00fastico.<\/p>\n<p><span lang=\"es\">La Ley sobre contaminaci\u00f3n ac\u00fastica N\u00ba 447 del 26\/10\/95 establece los principios fundamentales con respecto a la protecci\u00f3n del medio ambiente externo y el entorno de vida contra la contaminaci\u00f3n ac\u00fastica<\/span>.[\/vc_column_text][\/vc_column][\/vc_row][vc_row][vc_column][vc_separator][vc_column_text css=\u00bb.vc_custom_1592297006811{margin-bottom: 15px !important;}\u00bb]<strong>PRODUCTOS RECOMENDADOS:<\/strong>[\/vc_column_text][vc_empty_space height=\u00bb10px\u00bb][\/vc_column][vc_column][vc_masonry_grid post_type=\u00bbids\u00bb element_width=\u00bb3&#8243; grid_id=\u00bbvc_gid:1627394260378-22dc8f36-66bd-0&#8243; include=\u00bb1034&#8243; el_class=\u00bbtext-size-p\u00bb][\/vc_column][\/vc_row]<\/p>\n","protected":false},"excerpt":{"rendered":"<p>En combinaci\u00f3n con oportunos paquetes fonoaislantes, Igl\u00f9\u00ae contribuye en lograr los valores establecidos por las normas en tema de ruido.<\/p>\n","protected":false},"author":1,"featured_media":57929,"parent":42701,"menu_order":4,"comment_status":"closed","ping_status":"closed","template":"","meta":[],"acf":[],"aioseo_notices":[],"_links":{"self":[{"href":"https:\/\/www.daliform.com\/es\/wp-json\/wp\/v2\/pages\/44833"}],"collection":[{"href":"https:\/\/www.daliform.com\/es\/wp-json\/wp\/v2\/pages"}],"about":[{"href":"https:\/\/www.daliform.com\/es\/wp-json\/wp\/v2\/types\/page"}],"author":[{"embeddable":true,"href":"https:\/\/www.daliform.com\/es\/wp-json\/wp\/v2\/users\/1"}],"replies":[{"embeddable":true,"href":"https:\/\/www.daliform.com\/es\/wp-json\/wp\/v2\/comments?post=44833"}],"version-history":[{"count":0,"href":"https:\/\/www.daliform.com\/es\/wp-json\/wp\/v2\/pages\/44833\/revisions"}],"up":[{"embeddable":true,"href":"https:\/\/www.daliform.com\/es\/wp-json\/wp\/v2\/pages\/42701"}],"wp:featuredmedia":[{"embeddable":true,"href":"https:\/\/www.daliform.com\/es\/wp-json\/wp\/v2\/media\/57929"}],"wp:attachment":[{"href":"https:\/\/www.daliform.com\/es\/wp-json\/wp\/v2\/media?parent=44833"}],"curies":[{"name":"wp","href":"https:\/\/api.w.org\/{rel}","templated":true}]}}