{"id":44744,"date":"2016-03-07T10:39:03","date_gmt":"2016-03-07T09:39:03","guid":{"rendered":"https:\/\/www.daliform.com\/iglu\/aplicaciones-iglu\/tratamiento-de-arcilla\/"},"modified":"2022-03-02T09:41:55","modified_gmt":"2022-03-02T08:41:55","slug":"iglu-tratamiento-de-arcilla","status":"publish","type":"page","link":"https:\/\/www.daliform.com\/es\/iglu-encofrado-para-forjados-sanitarios\/iglu-aplicaciones\/iglu-tratamiento-de-arcilla\/","title":{"rendered":"Tratamiento de arcilla"},"content":{"rendered":"<p>[vc_row padding_top=\u00bb0&#8243; padding_bottom=\u00bb0&#8243;][vc_column]\n\t<div class=\"custom-heading wpb_content_element  heading-medium\">\n\t\t<h2 class=\"heading-title\" >El uso de Coffrargile permite acomodar la hinchaz\u00f3n y la contracci\u00f3n del sedimento subyacente a la base debido a las propiedades mec\u00e1nicas especiales de los suelos arcillosos.<\/h2>\n\t\t<span class=\"heading-line primary\"><\/span>\n\t<\/div>[\/vc_column][\/vc_row][vc_row][vc_column width=\u00bb1\/2&#8243;][vc_single_image image=\u00bb35209&#8243; img_size=\u00bbfull\u00bb alignment=\u00bbcenter\u00bb css=\u00bb.vc_custom_1627393202750{margin-left: -20px !important;}\u00bb][\/vc_column][vc_column width=\u00bb1\/2&#8243;][vc_column_text]<span lang=\"es\">Coffrargile se usa en combinaci\u00f3n con Beton Up, un accesorio que evita que el hormig\u00f3n armado forme los pilares t\u00edpicos del sistema cl\u00e1sico Iglu\u2019\u00ae. De esta manera, los encofrados asumen la funci\u00f3n de andamios simples en los que se puede instalar una losa de hormig\u00f3n armado con una cavidad debajo, cuyo prop\u00f3sito es acomodar la hinchaz\u00f3n y la contracci\u00f3n del sedimento subyacente a la base debido a Las propiedades mec\u00e1nicas especiales de los suelos arcillosos.<\/span>[\/vc_column_text][vc_column_text]<\/p>\n<p class=\"p1\"><span class=\"s1\"><b>VENTAJAS:<\/b><\/span><\/p>\n<p class=\"p1\"><span class=\"s1\">&#8211; IMPERVIO AL CLIMA.<br \/>\n<\/span><span class=\"s1\">&#8211; FACILIDAD DE ALMACENAMIENTO Y MANIPULACI\u00d3N EN EL SITIO.<br \/>\n<\/span><span class=\"s1\">&#8211; RESISTENTE A LOS TERMITOS, INSECTOS, RODANTES Y OTROS ANIMALES QUE, EN CONTRASTE, PUEDEN DESTRUIR LOS ELEMENTOS DE LA TARJETA.<br \/>\n<\/span><span class=\"s1\">&#8211; ECOL\u00d3GICOS Y AMBIENTALES.<br \/>\n<\/span><span class=\"s1\">&#8211; NO TRANSMITE ESTR\u00c9S A LAS ESTRUCTURAS QUE SOPORTA.<\/span><\/p>\n<p>[\/vc_column_text][\/vc_column][\/vc_row][vc_row][vc_column][vc_separator][vc_column_text css=\u00bb.vc_custom_1592297006811{margin-bottom: 15px !important;}\u00bb]<strong>PRODUCTOS RECOMENDADOS:<\/strong>[\/vc_column_text][vc_empty_space height=\u00bb10px\u00bb][\/vc_column][vc_column][vc_masonry_grid post_type=\u00bbids\u00bb element_width=\u00bb3&#8243; grid_id=\u00bbvc_gid:1631200380813-ffdf8534-e8c1-1&#8243; include=\u00bb10314&#8243; el_class=\u00bbtext-size-p\u00bb][\/vc_column][\/vc_row]<\/p>\n","protected":false},"excerpt":{"rendered":"<p>Coffrargile is the solution for creating reinforced concrete slabs that do not suffer from the effects of swelling and shrinkage inherent in clayey soils.<\/p>\n","protected":false},"author":1,"featured_media":57918,"parent":42701,"menu_order":3,"comment_status":"closed","ping_status":"closed","template":"","meta":[],"acf":[],"aioseo_notices":[],"_links":{"self":[{"href":"https:\/\/www.daliform.com\/es\/wp-json\/wp\/v2\/pages\/44744"}],"collection":[{"href":"https:\/\/www.daliform.com\/es\/wp-json\/wp\/v2\/pages"}],"about":[{"href":"https:\/\/www.daliform.com\/es\/wp-json\/wp\/v2\/types\/page"}],"author":[{"embeddable":true,"href":"https:\/\/www.daliform.com\/es\/wp-json\/wp\/v2\/users\/1"}],"replies":[{"embeddable":true,"href":"https:\/\/www.daliform.com\/es\/wp-json\/wp\/v2\/comments?post=44744"}],"version-history":[{"count":0,"href":"https:\/\/www.daliform.com\/es\/wp-json\/wp\/v2\/pages\/44744\/revisions"}],"up":[{"embeddable":true,"href":"https:\/\/www.daliform.com\/es\/wp-json\/wp\/v2\/pages\/42701"}],"wp:featuredmedia":[{"embeddable":true,"href":"https:\/\/www.daliform.com\/es\/wp-json\/wp\/v2\/media\/57918"}],"wp:attachment":[{"href":"https:\/\/www.daliform.com\/es\/wp-json\/wp\/v2\/media?parent=44744"}],"curies":[{"name":"wp","href":"https:\/\/api.w.org\/{rel}","templated":true}]}}