{"id":44200,"date":"2016-03-07T10:35:44","date_gmt":"2016-03-07T09:35:44","guid":{"rendered":"https:\/\/www.daliform.com\/iglu\/aplicaciones-iglu\/techos-ventilados\/"},"modified":"2022-03-02T09:39:54","modified_gmt":"2022-03-02T08:39:54","slug":"techos-ventilados","status":"publish","type":"page","link":"https:\/\/www.daliform.com\/es\/iglu-encofrado-para-forjados-sanitarios\/iglu-aplicaciones\/techos-ventilados\/","title":{"rendered":"Techos ventilados"},"content":{"rendered":"<p>[vc_row padding_top=\u00bb0&#8243; padding_bottom=\u00bb0&#8243;][vc_column]\n\t<div class=\"custom-heading wpb_content_element  heading-medium\">\n\t\t<h2 class=\"heading-title\" >La realizaci\u00f3n de un techo ventilado con Iglu\u2019\u00ae ventilated roof asegura mayor comodidad tanto en invierno, como en verano.<\/h2>\n\t\t<span class=\"heading-line primary\"><\/span>\n\t<\/div>[\/vc_column][\/vc_row][vc_row][vc_column width=\u00bb1\/2&#8243;][vc_single_image image=\u00bb44154&#8243; img_size=\u00bblarge\u00bb][\/vc_column][vc_column width=\u00bb1\/2&#8243;][vc_column_text]El tejado es una parte muy importante de cada edificio para asegurar una respuesta eficaz a los factores medio ambientales como la excursi\u00f3n t\u00e9rmica y la intemperie.<br \/>\nEl empleo de Iglu\u2019\u00ae ventilated roof en viviendas, edificios comerciales, industriales o p\u00fablicos es indispensable para crear:<br \/>\n&#8211; <strong>cubiertas confortables<\/strong> con caracter\u00edsticas termohigrom\u00e9tricas adecuadas: la creaci\u00f3n de una c\u00e1mara de ventilaci\u00f3n de espesor constante resulta una opci\u00f3n proyectual muy inteligente, compatible con cualquier tejado inclinado de cemento armado.<br \/>\n&#8211; <strong>tejados planos utilizados como terrazas<\/strong> de manera que permita el aprovechamiento total de la superficie del espacio construido.[\/vc_column_text][\/vc_column][vc_column][vc_column_text]<strong>VENTAJAS:<br \/>\n<\/strong>\u2022 EN INVIERNO, CERRANDO LA VENTILACI\u00d3N CON UN SIMPLE REGISTRO, PERMITE AISLAR DEL FR\u00cdO DE AFUERA.<br \/>\n\u2022 EN VERANO PERMITE REDUCIR LAS CALOR\u00cdAS EN LOS AMBIENTES DE DEBAJO GRACIAS A LA VENTILACI\u00d3N.<br \/>\n\u2022 ADEM\u00c1S, LA VENTILACI\u00d3N EVITA EL ESTANCAMIENTO DE HUMEDAD DEBAJO DEL MANTO DE COBERTURA Y, POR LO TANTO, EVITA QUE SE FORMEN MOHOS, ENTRE OTROS, QUE PUEDEN LLEVAR A UNA DEGRADACI\u00d3N DE LA ESTRUCTURA.<br \/>\n\u2022 AHORRO EN TEMA DE CONSUMOS ENERG\u00c9TICOS NOTABLE (CALEFACCI\u00d3N\/ENFRIAMIENTO).[\/vc_column_text][vc_column_text]<\/p>\n<p class=\"p1\"><strong>Colocando en la cubierta horizontal del edificio los encofrados Igl\u00f9<sup>\u00ae<\/sup>ventilated roof se crea una c\u00e1mara de aire que permite aislar de la calor en verano y del fr\u00edo en invierno, con consiguiente ahorro a la hora de climatizar los espacios internos.<\/strong><\/p>\n<p class=\"p1\">La acumulaci\u00f3n de calor en verano y las bajas temperaturas en invierno con la formaci\u00f3n de condensaciones y moho, son fenomenos que se pueden solucionar con la adopci\u00f3n de un techo ventilado con Iglu\u2019<sup>\u00ae <\/sup>ventilated roof, un sistema que favorece el flujo continuo de aire dentro de las subcoberturas.<br \/>\n<strong><span class=\"s1\">La realizaci\u00f3n de un techo ventilado (plano e inclinado) con Iglu\u2019<sup>\u00ae <\/sup>ventilated roof asegura mayor comodidad tanto en invierno, como en verano, adem\u00e1s de mejorar la conservaci\u00f3n de los materiales que constituyen el tejado.<\/span><\/strong><\/p>\n<p>[\/vc_column_text][\/vc_column][\/vc_row][vc_row][vc_column][vc_separator][vc_column_text css=\u00bb.vc_custom_1592297006811{margin-bottom: 15px !important;}\u00bb]<strong>PRODUCTOS RECOMENDADOS:<\/strong>[\/vc_column_text][vc_empty_space height=\u00bb10px\u00bb][\/vc_column][vc_column][vc_masonry_grid post_type=\u00bbids\u00bb element_width=\u00bb3&#8243; grid_id=\u00bbvc_gid:1627391613477-e9d16684-6942-0&#8243; include=\u00bb1034&#8243; el_class=\u00bbtext-size-p\u00bb][\/vc_column][\/vc_row]<\/p>\n","protected":false},"excerpt":{"rendered":"<p>Un techo ventilado con Iglu\u2019\u00ae ventilated roof, un sistema que favorece el flujo continuo de aire dentro de las subcoberturas.<\/p>\n","protected":false},"author":1,"featured_media":57906,"parent":42701,"menu_order":2,"comment_status":"closed","ping_status":"closed","template":"","meta":[],"acf":[],"aioseo_notices":[],"_links":{"self":[{"href":"https:\/\/www.daliform.com\/es\/wp-json\/wp\/v2\/pages\/44200"}],"collection":[{"href":"https:\/\/www.daliform.com\/es\/wp-json\/wp\/v2\/pages"}],"about":[{"href":"https:\/\/www.daliform.com\/es\/wp-json\/wp\/v2\/types\/page"}],"author":[{"embeddable":true,"href":"https:\/\/www.daliform.com\/es\/wp-json\/wp\/v2\/users\/1"}],"replies":[{"embeddable":true,"href":"https:\/\/www.daliform.com\/es\/wp-json\/wp\/v2\/comments?post=44200"}],"version-history":[{"count":0,"href":"https:\/\/www.daliform.com\/es\/wp-json\/wp\/v2\/pages\/44200\/revisions"}],"up":[{"embeddable":true,"href":"https:\/\/www.daliform.com\/es\/wp-json\/wp\/v2\/pages\/42701"}],"wp:featuredmedia":[{"embeddable":true,"href":"https:\/\/www.daliform.com\/es\/wp-json\/wp\/v2\/media\/57906"}],"wp:attachment":[{"href":"https:\/\/www.daliform.com\/es\/wp-json\/wp\/v2\/media?parent=44200"}],"curies":[{"name":"wp","href":"https:\/\/api.w.org\/{rel}","templated":true}]}}