{"id":43215,"date":"2016-04-13T08:57:09","date_gmt":"2016-04-13T06:57:09","guid":{"rendered":"https:\/\/www.daliform.com\/iglu\/aplicaciones-iglu\/huecos-ventilados\/"},"modified":"2022-03-02T09:32:03","modified_gmt":"2022-03-02T08:32:03","slug":"huecos-ventilados-aplicacion","status":"publish","type":"page","link":"https:\/\/www.daliform.com\/es\/iglu-encofrado-para-forjados-sanitarios\/iglu-aplicaciones\/huecos-ventilados-aplicacion\/","title":{"rendered":"Huecos ventilados"},"content":{"rendered":"<p>[vc_row padding_top=\u00bb0&#8243; padding_bottom=\u00bb0&#8243;][vc_column]\n\t<div class=\"custom-heading wpb_content_element  heading-medium\">\n\t\t<h2 class=\"heading-title\" >La losa hueca es la soluci\u00f3n ideal para eliminar el problema de la humedad ascendente y proteger el hogar del peligroso Gas Rad\u00f3n.<\/h2>\n\t\t<span class=\"heading-line primary\"><\/span>\n\t<\/div>[\/vc_column][\/vc_row][vc_row][vc_column width=\u00bb1\/2&#8243;][vc_single_image image=\u00bb43262&#8243; img_size=\u00bblarge\u00bb][\/vc_column][vc_column width=\u00bb1\/2&#8243;][vc_column_text]<\/p>\n<p class=\"p1\"><span class=\"s1\">La <strong>losa hueca ventilada<\/strong> realizada con Igl\u00f9<sup>\u00ae<\/sup> es un remedio eficaz, r\u00e1pido y barato, que permite dispersar a la atm\u00f3sfera el peligroso gas Rad\u00f3n y la humedad de remonte a favor de nuestra salud.<br \/>\n<\/span><span class=\"s1\">El <strong>hueco de aire formado por los Igl\u00f9<sup>\u00ae<\/sup><\/strong> o por <strong>el Sistema Atlantis<\/strong> se tiene que enlazar al con el exterior por medio de unas simples tuber\u00edas. De esta manera se crea un flujo de aire natural que atraviesa el hueco y elimina la humedad y el gas Rad\u00f3n (si est\u00e1 presente).<\/span><\/p>\n<p>[\/vc_column_text][vc_column_text]<strong>VENTAJAS:<br \/>\n<\/strong>\u2022 ELIMINACI\u00d3N DEL GAS RAD\u00d3N<br \/>\n\u2022 VENTILACI\u00d3N EFICAZ EN TODAS LAS DIRECCIONES<br \/>\n\u2022 INTERCEPTACI\u00d3N DE LA HUMEDAD DE REMONTE<br \/>\n\u2022 CREACI\u00d3N DE COMPARTIMENTOS PARA EL PASAJE DE LOS SISTEMAS[\/vc_column_text][\/vc_column][\/vc_row][vc_row][vc_column][vc_separator][vc_column_text css=\u00bb.vc_custom_1592297006811{margin-bottom: 15px !important;}\u00bb]<strong>PRODUCTOS RECOMENDADOS:<\/strong>[\/vc_column_text][vc_empty_space height=\u00bb10px\u00bb][\/vc_column][vc_column][vc_masonry_grid post_type=\u00bbids\u00bb element_width=\u00bb3&#8243; grid_id=\u00bbvc_gid:1599569219211-cd808f1d-d549-7&#8243; include=\u00bb1034, 4579&#8243; el_class=\u00bbtext-size-p\u00bb][\/vc_column][\/vc_row]<\/p>\n","protected":false},"excerpt":{"rendered":"<p>Encofrados no recuperables para losas huecas y c\u00e1maras de aislamiento ventiladas, pavimentos y techos ventilados.<\/p>\n","protected":false},"author":1,"featured_media":57884,"parent":42701,"menu_order":0,"comment_status":"closed","ping_status":"closed","template":"","meta":[],"acf":[],"aioseo_notices":[],"_links":{"self":[{"href":"https:\/\/www.daliform.com\/es\/wp-json\/wp\/v2\/pages\/43215"}],"collection":[{"href":"https:\/\/www.daliform.com\/es\/wp-json\/wp\/v2\/pages"}],"about":[{"href":"https:\/\/www.daliform.com\/es\/wp-json\/wp\/v2\/types\/page"}],"author":[{"embeddable":true,"href":"https:\/\/www.daliform.com\/es\/wp-json\/wp\/v2\/users\/1"}],"replies":[{"embeddable":true,"href":"https:\/\/www.daliform.com\/es\/wp-json\/wp\/v2\/comments?post=43215"}],"version-history":[{"count":0,"href":"https:\/\/www.daliform.com\/es\/wp-json\/wp\/v2\/pages\/43215\/revisions"}],"up":[{"embeddable":true,"href":"https:\/\/www.daliform.com\/es\/wp-json\/wp\/v2\/pages\/42701"}],"wp:featuredmedia":[{"embeddable":true,"href":"https:\/\/www.daliform.com\/es\/wp-json\/wp\/v2\/media\/57884"}],"wp:attachment":[{"href":"https:\/\/www.daliform.com\/es\/wp-json\/wp\/v2\/media?parent=43215"}],"curies":[{"name":"wp","href":"https:\/\/api.w.org\/{rel}","templated":true}]}}