{"id":39503,"date":"2016-02-17T15:29:13","date_gmt":"2016-02-17T14:29:13","guid":{"rendered":"https:\/\/www.daliform.com\/iglu\/"},"modified":"2024-08-02T10:22:58","modified_gmt":"2024-08-02T08:22:58","slug":"iglu-encofrado-para-forjados-sanitarios","status":"publish","type":"page","link":"https:\/\/www.daliform.com\/es\/iglu-encofrado-para-forjados-sanitarios\/","title":{"rendered":"Iglu&#8217;\u00ae"},"content":{"rendered":"<p>[vc_row][vc_column width=\u00bb1\/4&#8243;][vc_single_image image=\u00bb35078&#8243; img_size=\u00bblarge\u00bb][\/vc_column][vc_column width=\u00bb3\/4&#8243;][vc_column_text]<strong>Igl\u00f9<sup>\u00ae<\/sup> es el producto l\u00edder del mercado, creado y patentado para la realizaci\u00f3n de huecos sanitarios, cavidades ventiladas, entrepisos ventilados, pavimentos y techos ventilados en la construcci\u00f3n y renovaci\u00f3n de edificios residenciales e industriales.<\/strong><\/p>\n<p>Fruto de una intuici\u00f3n genial que se remonta al 1993, ha mejorado a profundamente la manera de construir. El <strong>alcance innovador de<\/strong> <strong>Iglu&#8217;<sup><sub>\u00ae<\/sub><\/sup><\/strong> ha sido tal que ha cosechado numerosos \u00e9xitos y reconocimientos, tanto en \u00e1mbito nacional como internacional, afirm\u00e1ndose r\u00e1pidamente como <strong>producto excelente en el sector de la construcci\u00f3n<\/strong>.[\/vc_column_text][\/vc_column][vc_column][vc_empty_space height=\u00bb20px\u00bb][vc_column_text]Los <strong>encofrados modulares de pl\u00e1stico reciclado Iglu&#8217;<sub><sup>\u00ae<\/sup><\/sub><\/strong>, arrimados en secuencia seg\u00fan un orden predeterminado, permiten formar r\u00e1pidamente una plataforma para peatones autoportante encima de la cual se realiza una colada de hormig\u00f3n para constituir, de una manera muy simple y barata, un <strong>forjado ventilado<\/strong> que se apoya sobre pilarotes con la <strong>zona debajo hueca utilizable para hacer pasar tuber\u00edas y cables<\/strong> pero sobre todo<strong> ventilada para hacer frente a la humedad de remonte y a los gases radiactivos<\/strong>.[\/vc_column_text][\/vc_column][\/vc_row]<\/p>\n","protected":false},"excerpt":{"rendered":"<p>Encofrado permanente para losas huecas y c\u00e1maras de aislamiento ventiladas, pavimentos y techos ventilados.<\/p>\n","protected":false},"author":1,"featured_media":35065,"parent":0,"menu_order":15,"comment_status":"closed","ping_status":"closed","template":"template-product.php","meta":[],"acf":[],"aioseo_notices":[],"_links":{"self":[{"href":"https:\/\/www.daliform.com\/es\/wp-json\/wp\/v2\/pages\/39503"}],"collection":[{"href":"https:\/\/www.daliform.com\/es\/wp-json\/wp\/v2\/pages"}],"about":[{"href":"https:\/\/www.daliform.com\/es\/wp-json\/wp\/v2\/types\/page"}],"author":[{"embeddable":true,"href":"https:\/\/www.daliform.com\/es\/wp-json\/wp\/v2\/users\/1"}],"replies":[{"embeddable":true,"href":"https:\/\/www.daliform.com\/es\/wp-json\/wp\/v2\/comments?post=39503"}],"version-history":[{"count":7,"href":"https:\/\/www.daliform.com\/es\/wp-json\/wp\/v2\/pages\/39503\/revisions"}],"predecessor-version":[{"id":112930,"href":"https:\/\/www.daliform.com\/es\/wp-json\/wp\/v2\/pages\/39503\/revisions\/112930"}],"wp:featuredmedia":[{"embeddable":true,"href":"https:\/\/www.daliform.com\/es\/wp-json\/wp\/v2\/media\/35065"}],"wp:attachment":[{"href":"https:\/\/www.daliform.com\/es\/wp-json\/wp\/v2\/media?parent=39503"}],"curies":[{"name":"wp","href":"https:\/\/api.w.org\/{rel}","templated":true}]}}