{"id":37537,"date":"2016-05-30T08:35:47","date_gmt":"2016-05-30T06:35:47","guid":{"rendered":"https:\/\/www.daliform.com\/soluciones-de-construccion\/losas-aligeradas\/"},"modified":"2021-08-02T14:15:55","modified_gmt":"2021-08-02T12:15:55","slug":"losas-aligeradas-daliform-group","status":"publish","type":"page","link":"https:\/\/www.daliform.com\/es\/soluciones-de-construccion\/losas-aligeradas-daliform-group\/","title":{"rendered":"LOSAS ALIGERADAS"},"content":{"rendered":"<p>[vc_row margin_top=\u00bb-20&#8243;][vc_column el_class=\u00bbSolutionGrid\u00bb][vc_masonry_grid post_type=\u00bbids\u00bb element_width=\u00bb3&#8243; item=\u00bbnone\u00bb grid_id=\u00bbvc_gid:1599490072443-0ec4ac13-6a54-3&#8243; include=\u00bb4503, 4423, 8726, 4402, 7231&#8243;][\/vc_column][\/vc_row]<\/p>\n","protected":false},"excerpt":{"rendered":"<p>Sistemas para la formaci\u00f3n de placas aligeradas en hormig\u00f3n armado para colar en la obra, destinados a forjados o soleras de cimentaci\u00f3n. <\/p>\n","protected":false},"author":1,"featured_media":34332,"parent":34054,"menu_order":1,"comment_status":"closed","ping_status":"closed","template":"","meta":[],"acf":[],"aioseo_notices":[],"_links":{"self":[{"href":"https:\/\/www.daliform.com\/es\/wp-json\/wp\/v2\/pages\/37537"}],"collection":[{"href":"https:\/\/www.daliform.com\/es\/wp-json\/wp\/v2\/pages"}],"about":[{"href":"https:\/\/www.daliform.com\/es\/wp-json\/wp\/v2\/types\/page"}],"author":[{"embeddable":true,"href":"https:\/\/www.daliform.com\/es\/wp-json\/wp\/v2\/users\/1"}],"replies":[{"embeddable":true,"href":"https:\/\/www.daliform.com\/es\/wp-json\/wp\/v2\/comments?post=37537"}],"version-history":[{"count":0,"href":"https:\/\/www.daliform.com\/es\/wp-json\/wp\/v2\/pages\/37537\/revisions"}],"up":[{"embeddable":true,"href":"https:\/\/www.daliform.com\/es\/wp-json\/wp\/v2\/pages\/34054"}],"wp:featuredmedia":[{"embeddable":true,"href":"https:\/\/www.daliform.com\/es\/wp-json\/wp\/v2\/media\/34332"}],"wp:attachment":[{"href":"https:\/\/www.daliform.com\/es\/wp-json\/wp\/v2\/media?parent=37537"}],"curies":[{"name":"wp","href":"https:\/\/api.w.org\/{rel}","templated":true}]}}