{"id":35936,"date":"2016-05-30T09:30:01","date_gmt":"2016-05-30T07:30:01","guid":{"rendered":"https:\/\/www.daliform.com\/soluciones-de-construccion\/ambiente\/"},"modified":"2021-08-02T16:48:18","modified_gmt":"2021-08-02T14:48:18","slug":"ambiente-daliform-group","status":"publish","type":"page","link":"https:\/\/www.daliform.com\/es\/soluciones-de-construccion\/ambiente-daliform-group\/","title":{"rendered":"AMBIENTE"},"content":{"rendered":"<p>[vc_row margin_top=\u00bb-20&#8243;][vc_column el_class=\u00bbSolutionGrid\u00bb][vc_masonry_grid post_type=\u00bbids\u00bb element_width=\u00bb3&#8243; item=\u00bbnone\u00bb grid_id=\u00bbvc_gid:1589537348667-453472d5-d35f-2&#8243; include=\u00bb3291&#8243;][\/vc_column][\/vc_row]<\/p>\n","protected":false},"excerpt":{"rendered":"<p>Eolo para la realizaci\u00f3n de un pavimento ventilado que garantiza la biofiltraci\u00f3n y la ventilaci\u00f3n en las plantas de compostaje.<\/p>\n","protected":false},"author":1,"featured_media":34422,"parent":34054,"menu_order":7,"comment_status":"closed","ping_status":"closed","template":"","meta":[],"acf":[],"aioseo_notices":[],"_links":{"self":[{"href":"https:\/\/www.daliform.com\/es\/wp-json\/wp\/v2\/pages\/35936"}],"collection":[{"href":"https:\/\/www.daliform.com\/es\/wp-json\/wp\/v2\/pages"}],"about":[{"href":"https:\/\/www.daliform.com\/es\/wp-json\/wp\/v2\/types\/page"}],"author":[{"embeddable":true,"href":"https:\/\/www.daliform.com\/es\/wp-json\/wp\/v2\/users\/1"}],"replies":[{"embeddable":true,"href":"https:\/\/www.daliform.com\/es\/wp-json\/wp\/v2\/comments?post=35936"}],"version-history":[{"count":0,"href":"https:\/\/www.daliform.com\/es\/wp-json\/wp\/v2\/pages\/35936\/revisions"}],"up":[{"embeddable":true,"href":"https:\/\/www.daliform.com\/es\/wp-json\/wp\/v2\/pages\/34054"}],"wp:featuredmedia":[{"embeddable":true,"href":"https:\/\/www.daliform.com\/es\/wp-json\/wp\/v2\/media\/34422"}],"wp:attachment":[{"href":"https:\/\/www.daliform.com\/es\/wp-json\/wp\/v2\/media?parent=35936"}],"curies":[{"name":"wp","href":"https:\/\/api.w.org\/{rel}","templated":true}]}}