{"id":35453,"date":"2016-05-30T09:23:14","date_gmt":"2016-05-30T07:23:14","guid":{"rendered":"https:\/\/www.daliform.com\/soluciones-de-construccion\/zonas-verdes-y-jardines\/"},"modified":"2021-08-02T16:00:23","modified_gmt":"2021-08-02T14:00:23","slug":"zonas-verdes-y-jardines-daliform-group","status":"publish","type":"page","link":"https:\/\/www.daliform.com\/es\/soluciones-de-construccion\/zonas-verdes-y-jardines-daliform-group\/","title":{"rendered":"ZONAS VERDES Y JARDINES"},"content":{"rendered":"<p>[vc_row margin_top=\u00bb-20&#8243;][vc_column el_class=\u00bbSolutionGrid\u00bb][vc_masonry_grid post_type=\u00bbids\u00bb element_width=\u00bb3&#8243; item=\u00bbnone\u00bb grid_id=\u00bbvc_gid:1589537247741-70ed75c5-ba22-1&#8243; include=\u00bb3703, 5291, 3598&#8243;][\/vc_column][\/vc_row]<\/p>\n","protected":false},"excerpt":{"rendered":"<p>Sistemas para la formaci\u00f3n del verde vertical. Sistemas protectores de ra\u00edces. Sistemas para la realizaci\u00f3n de jardines colgantes.<\/p>\n","protected":false},"author":1,"featured_media":34386,"parent":34054,"menu_order":5,"comment_status":"closed","ping_status":"closed","template":"","meta":[],"acf":[],"aioseo_notices":[],"_links":{"self":[{"href":"https:\/\/www.daliform.com\/es\/wp-json\/wp\/v2\/pages\/35453"}],"collection":[{"href":"https:\/\/www.daliform.com\/es\/wp-json\/wp\/v2\/pages"}],"about":[{"href":"https:\/\/www.daliform.com\/es\/wp-json\/wp\/v2\/types\/page"}],"author":[{"embeddable":true,"href":"https:\/\/www.daliform.com\/es\/wp-json\/wp\/v2\/users\/1"}],"replies":[{"embeddable":true,"href":"https:\/\/www.daliform.com\/es\/wp-json\/wp\/v2\/comments?post=35453"}],"version-history":[{"count":0,"href":"https:\/\/www.daliform.com\/es\/wp-json\/wp\/v2\/pages\/35453\/revisions"}],"up":[{"embeddable":true,"href":"https:\/\/www.daliform.com\/es\/wp-json\/wp\/v2\/pages\/34054"}],"wp:featuredmedia":[{"embeddable":true,"href":"https:\/\/www.daliform.com\/es\/wp-json\/wp\/v2\/media\/34386"}],"wp:attachment":[{"href":"https:\/\/www.daliform.com\/es\/wp-json\/wp\/v2\/media?parent=35453"}],"curies":[{"name":"wp","href":"https:\/\/api.w.org\/{rel}","templated":true}]}}