{"id":35278,"date":"2016-05-30T09:16:59","date_gmt":"2016-05-30T07:16:59","guid":{"rendered":"https:\/\/www.daliform.com\/soluciones-de-construccion\/cesped-transitable\/"},"modified":"2021-08-02T15:12:03","modified_gmt":"2021-08-02T13:12:03","slug":"cesped-transitable-daliform-group","status":"publish","type":"page","link":"https:\/\/www.daliform.com\/es\/soluciones-de-construccion\/cesped-transitable-daliform-group\/","title":{"rendered":"C\u00c9SPED TRANSITABLE"},"content":{"rendered":"<p>[vc_row margin_top=\u00bb-20&#8243;][vc_column el_class=\u00bbSolutionGrid\u00bb][vc_masonry_grid post_type=\u00bbids\u00bb element_width=\u00bb3&#8243; item=\u00bbnone\u00bb grid_id=\u00bbvc_gid:1605006102156-eb2d10b5-2cae-10&#8243; include=\u00bb4162, 4055, 30669, 3761, 3734&#8243;][\/vc_column][\/vc_row]<\/p>\n","protected":false},"excerpt":{"rendered":"<p>Sistemas para la creaci\u00f3n de pavimentaciones transitables con acabado de c\u00e9sped o grava. Sistemas de protecci\u00f3n del c\u00e9sped cuando ya est\u00e1 presente.<\/p>\n","protected":false},"author":1,"featured_media":34375,"parent":34054,"menu_order":4,"comment_status":"closed","ping_status":"closed","template":"","meta":[],"acf":[],"aioseo_notices":[],"_links":{"self":[{"href":"https:\/\/www.daliform.com\/es\/wp-json\/wp\/v2\/pages\/35278"}],"collection":[{"href":"https:\/\/www.daliform.com\/es\/wp-json\/wp\/v2\/pages"}],"about":[{"href":"https:\/\/www.daliform.com\/es\/wp-json\/wp\/v2\/types\/page"}],"author":[{"embeddable":true,"href":"https:\/\/www.daliform.com\/es\/wp-json\/wp\/v2\/users\/1"}],"replies":[{"embeddable":true,"href":"https:\/\/www.daliform.com\/es\/wp-json\/wp\/v2\/comments?post=35278"}],"version-history":[{"count":0,"href":"https:\/\/www.daliform.com\/es\/wp-json\/wp\/v2\/pages\/35278\/revisions"}],"up":[{"embeddable":true,"href":"https:\/\/www.daliform.com\/es\/wp-json\/wp\/v2\/pages\/34054"}],"wp:featuredmedia":[{"embeddable":true,"href":"https:\/\/www.daliform.com\/es\/wp-json\/wp\/v2\/media\/34375"}],"wp:attachment":[{"href":"https:\/\/www.daliform.com\/es\/wp-json\/wp\/v2\/media?parent=35278"}],"curies":[{"name":"wp","href":"https:\/\/api.w.org\/{rel}","templated":true}]}}