{"id":35101,"date":"2016-05-30T09:13:22","date_gmt":"2016-05-30T07:13:22","guid":{"rendered":"https:\/\/www.daliform.com\/soluciones-de-construccion\/cisternas-y-piscinas\/"},"modified":"2021-08-02T14:54:19","modified_gmt":"2021-08-02T12:54:19","slug":"cisternas-y-piscinas-daliform-group","status":"publish","type":"page","link":"https:\/\/www.daliform.com\/es\/soluciones-de-construccion\/cisternas-y-piscinas-daliform-group\/","title":{"rendered":"CISTERNAS Y PISCINAS"},"content":{"rendered":"<p>[vc_row margin_top=\u00bb-20&#8243;][vc_column el_class=\u00bbSolutionGrid\u00bb][vc_masonry_grid post_type=\u00bbids\u00bb element_width=\u00bb3&#8243; item=\u00bbnone\u00bb grid_id=\u00bbvc_gid:1589537115700-86c3b4c6-4d85-5&#8243; include=\u00bb4915, 4913, 4910&#8243;][\/vc_column][\/vc_row]<\/p>\n","protected":false},"excerpt":{"rendered":"<p>Sistemas para la creaci\u00f3n de dep\u00f3sitos enterrados (y transitables) para la recuperaci\u00f3n y la dispersi\u00f3n de las aguas mete\u00f3ricas.<\/p>\n","protected":false},"author":1,"featured_media":34364,"parent":34054,"menu_order":3,"comment_status":"closed","ping_status":"closed","template":"","meta":[],"acf":[],"aioseo_notices":[],"_links":{"self":[{"href":"https:\/\/www.daliform.com\/es\/wp-json\/wp\/v2\/pages\/35101"}],"collection":[{"href":"https:\/\/www.daliform.com\/es\/wp-json\/wp\/v2\/pages"}],"about":[{"href":"https:\/\/www.daliform.com\/es\/wp-json\/wp\/v2\/types\/page"}],"author":[{"embeddable":true,"href":"https:\/\/www.daliform.com\/es\/wp-json\/wp\/v2\/users\/1"}],"replies":[{"embeddable":true,"href":"https:\/\/www.daliform.com\/es\/wp-json\/wp\/v2\/comments?post=35101"}],"version-history":[{"count":0,"href":"https:\/\/www.daliform.com\/es\/wp-json\/wp\/v2\/pages\/35101\/revisions"}],"up":[{"embeddable":true,"href":"https:\/\/www.daliform.com\/es\/wp-json\/wp\/v2\/pages\/34054"}],"wp:featuredmedia":[{"embeddable":true,"href":"https:\/\/www.daliform.com\/es\/wp-json\/wp\/v2\/media\/34364"}],"wp:attachment":[{"href":"https:\/\/www.daliform.com\/es\/wp-json\/wp\/v2\/media?parent=35101"}],"curies":[{"name":"wp","href":"https:\/\/api.w.org\/{rel}","templated":true}]}}