{"id":34739,"date":"2016-04-06T10:25:12","date_gmt":"2016-04-06T08:25:12","guid":{"rendered":"https:\/\/www.daliform.com\/soluciones-de-construccion\/construccion\/"},"modified":"2021-08-02T13:38:57","modified_gmt":"2021-08-02T11:38:57","slug":"construccion-daliform-group","status":"publish","type":"page","link":"https:\/\/www.daliform.com\/es\/soluciones-de-construccion\/construccion-daliform-group\/","title":{"rendered":"CONSTRUCCI\u00d3N"},"content":{"rendered":"<p>[vc_row margin_top=\u00bb-20&#8243;][vc_column el_class=\u00bbSolutionGrid\u00bb][vc_masonry_grid post_type=\u00bbids\u00bb element_width=\u00bb3&#8243; item=\u00bbnone\u00bb initial_loading_animation=\u00bbfadeIn\u00bb grid_id=\u00bbvc_gid:1605005332874-1c9c7ad6-bf7c-5&#8243; include=\u00bb1034, 30449, 4579, 12037, 1728, 1807, 2784, 1809, 1815, 4241&#8243;][\/vc_column][\/vc_row]<\/p>\n","protected":false},"excerpt":{"rendered":"<p>Huecos sanitarios, huecos ventilados, c\u00e1maras de aislamiento, pavimentos y techos ventilados, c\u00e1maras frigor\u00edficas en edificios residenciales e industriales.<\/p>\n","protected":false},"author":1,"featured_media":34354,"parent":34054,"menu_order":0,"comment_status":"closed","ping_status":"closed","template":"","meta":[],"acf":[],"aioseo_notices":[],"_links":{"self":[{"href":"https:\/\/www.daliform.com\/es\/wp-json\/wp\/v2\/pages\/34739"}],"collection":[{"href":"https:\/\/www.daliform.com\/es\/wp-json\/wp\/v2\/pages"}],"about":[{"href":"https:\/\/www.daliform.com\/es\/wp-json\/wp\/v2\/types\/page"}],"author":[{"embeddable":true,"href":"https:\/\/www.daliform.com\/es\/wp-json\/wp\/v2\/users\/1"}],"replies":[{"embeddable":true,"href":"https:\/\/www.daliform.com\/es\/wp-json\/wp\/v2\/comments?post=34739"}],"version-history":[{"count":0,"href":"https:\/\/www.daliform.com\/es\/wp-json\/wp\/v2\/pages\/34739\/revisions"}],"up":[{"embeddable":true,"href":"https:\/\/www.daliform.com\/es\/wp-json\/wp\/v2\/pages\/34054"}],"wp:featuredmedia":[{"embeddable":true,"href":"https:\/\/www.daliform.com\/es\/wp-json\/wp\/v2\/media\/34354"}],"wp:attachment":[{"href":"https:\/\/www.daliform.com\/es\/wp-json\/wp\/v2\/media?parent=34739"}],"curies":[{"name":"wp","href":"https:\/\/api.w.org\/{rel}","templated":true}]}}