{"id":113072,"date":"2017-05-17T09:08:52","date_gmt":"2017-05-17T07:08:52","guid":{"rendered":"https:\/\/www.daliform.com\/u-boot-beton-design-software-tutorial-indroduttivo\/"},"modified":"2024-08-02T15:33:13","modified_gmt":"2024-08-02T13:33:13","slug":"u-boot-beton-design-software-tutorial-indroduttivo","status":"publish","type":"page","link":"https:\/\/www.daliform.com\/es\/u-boot-beton-design-software-tutorial-indroduttivo\/","title":{"rendered":"U-BOOT BETON\u00ae DESIGN SOFTWARE &#8211; Tutorial indroduttivo"},"content":{"rendered":"<p>[vc_row][vc_column][vc_column_text]<span style=\"color: #ff0000;\"><strong>1. INTRODUZIONE<\/strong><\/span><\/p>\n<p><strong>U-Boot Beton\u00ae<\/strong> <strong>Design Software<\/strong> \u00e8 lo strumento ideale per la progettazione di solai a piastra alleggeriti con intradosso piano, privi di capitelli o travi fuori spessore.<br \/>\nLa piastra alleggerita con il cassero U-Boot Beton\u00ae risulta composta da un reticolo di nervature mutuamente ortogonali ed interconnesse, e solidali ad una soletta continua all&#8217;intradosso ed una all&#8217;estradosso.<br \/>\nIl comportamento strutturale di una piastra alleggerita con elementi U-Boot Beton\u00ae \u00e8 quello bidirezionale tipico delle piastre piene, con il vantaggio di una consistente riduzione di peso che permette un risparmio sia di calcestruzzo sia di acciaio di armatura.<br \/>\nPer questo motivo U-Boot Beton\u00ae \u00e8 la soluzione ideale per la realizzazione di piastre su grandi luci in grado di sopportare elevati sovraccarichi.<br \/>\n<strong>U-Boot Beton\u00ae<\/strong> <strong>Design Software<\/strong> soddisfa le esigenze dei progettisti che affrontano lo studio delle piastre alleggerite con il sistema U-Boot Beton\u00ae di Daliform Group, fornendo loro tutti i dati necessari per svolgere correttamente le analisi strutturali propedeutiche al dimensionamento della piastra.<br \/>\nNello specifico l\u2019<strong>U-Boot Beton\u00ae Design Software<\/strong>, in funzione della configurazione di solaio impostata dall\u2019utente, fornisce:<br \/>\n&#8211;\u00a0\u00a0\u00a0 Tutte le caratteristiche geometriche ed inerziali della sezione trasversale resistente;<br \/>\n&#8211;\u00a0\u00a0\u00a0 I Modificatori di Inerzia e Peso da considerare nell&#8217;analisi FEM per elementi \u00abplate\u00bb di medesimo spessore;<br \/>\n&#8211;\u00a0\u00a0\u00a0 I valori di Momento resistente e Taglio resistente;<br \/>\n&#8211;\u00a0\u00a0\u00a0 Le sezioni CAD dettagliate e complete di tutte le informazioni implementate dall&#8217;utente;<br \/>\n&#8211;\u00a0\u00a0\u00a0 Una Relazione di Calcolo completa di tutti i dati di input ed output.<\/p>\n<p>Tutte le informazioni sopra riportate rappresentano un valido supporto al progettista e possono da lui essere utilizzate per implementare le analisi numeriche condotte con l&#8217;ausilio dei software di calcolo strutturale pi\u00f9 comunemente utilizzati.<\/p>\n<p>Il Software \u00e8 disponibile gratuitamente al link presente nella home page del sito web www.daliform.com.<\/p>\n<p><a href=\"https:\/\/www.daliform.com\/wp-content\/uploads\/2024\/08\/Flusso-riepilogativo-utilizzo-U-Boot.png\" target=\"_blank\" rel=\"noopener\">Scarica il diagramma di flusso riepilogativo degli step del software<\/a>[\/vc_column_text][\/vc_column][\/vc_row][vc_row][vc_column][vc_single_image image=\u00bb113058&#8243; img_size=\u00bbfull\u00bb alignment=\u00bbcenter\u00bb][vc_column_text]<\/p>\n<p style=\"text-align: left;\"><strong>Figura 1<\/strong> &#8211;\u00a0 Accesso dalle pagine \u00abSupporto Tecnico\u00bb oppure dalla pagina prodotto \u00abU-Boot Beton\u00bb.<\/p>\n<p>[\/vc_column_text][\/vc_column][\/vc_row][vc_row][vc_column][vc_separator color=\u00bbcustom\u00bb align=\u00bbalign_left\u00bb accent_color=\u00bb#dd0000&#8243;][\/vc_column][\/vc_row][vc_row][vc_column][vc_column_text]<span style=\"color: #ff0000;\"><strong>2. LOGIN<\/strong><\/span><\/p>\n<p>Accesso multilingua.<\/p>\n<p><strong><span style=\"color: #ff0000;\">A.<\/span><\/strong> Se gi\u00e0 si possiede un account attivo, \u00e8 possibile accedere inserendo indirizzo e-mail e password;<br \/>\n<span style=\"color: #ff0000;\"><strong>B.<\/strong><\/span> Se non si possiede ancora un account, \u00e8 sufficiente crearlo seguendo i passi della procedura guidata.[\/vc_column_text][\/vc_column][\/vc_row][vc_row][vc_column][vc_single_image image=\u00bb113344&#8243; img_size=\u00bbmedium\u00bb alignment=\u00bbcenter\u00bb][vc_column_text]<\/p>\n<p style=\"text-align: left;\"><strong>\u00a0\u00a0\u00a0\u00a0\u00a0\u00a0\u00a0\u00a0\u00a0\u00a0\u00a0\u00a0\u00a0\u00a0\u00a0\u00a0\u00a0\u00a0\u00a0\u00a0\u00a0\u00a0\u00a0\u00a0\u00a0\u00a0\u00a0\u00a0\u00a0\u00a0\u00a0\u00a0\u00a0\u00a0\u00a0\u00a0\u00a0\u00a0\u00a0\u00a0\u00a0\u00a0\u00a0\u00a0\u00a0\u00a0\u00a0\u00a0\u00a0\u00a0\u00a0\u00a0\u00a0\u00a0\u00a0\u00a0\u00a0\u00a0 \u00a0 \u00a0 \u00a0 \u00a0 \u00a0 \u00a0 \u00a0 \u00a0 \u00a0 \u00a0 \u00a0 \u00a0 \u00a0 \u00a0 \u00a0 \u00a0 \u00a0 \u00a0 \u00a0 \u00a0\u00a0\u00a0\u00a0\u00a0\u00a0\u00a0\u00a0\u00a0\u00a0\u00a0\u00a0\u00a0\u00a0\u00a0 Figura 2<\/strong> &#8211;\u00a0 Login.<\/p>\n<p>[\/vc_column_text][\/vc_column][\/vc_row][vc_row][vc_column][vc_separator color=\u00bbcustom\u00bb align=\u00bbalign_left\u00bb accent_color=\u00bb#dd0000&#8243;][\/vc_column][\/vc_row][vc_row][vc_column][vc_column_text]<span style=\"color: #ff0000;\"><strong>3. INTERFACCIA UTENTE<br \/>\n<\/strong><\/span><\/p>\n<p>Interfaccia grafica veloce ed intuitiva.[\/vc_column_text][\/vc_column][\/vc_row][vc_row][vc_column][vc_single_image image=\u00bb113345&#8243; img_size=\u00bblarge\u00bb alignment=\u00bbcenter\u00bb][\/vc_column][\/vc_row][vc_row][vc_column][vc_column_text]<strong><span style=\"color: #ff0000;\">3.1. Dati iniziali \u00a0\u00a0\u00a0<\/span> <\/strong><\/p>\n<p>Dalla finestra principale, \u00e8 possibile modificare ed inserire, in modo del tutto libero, le caratteristiche geometriche della soletta, i materiali e la normativa di riferimento per il calcolo dei parametri resistenti della sezione.<\/p>\n<p><strong><span style=\"color: #ff0000;\">1.A.<\/span><\/strong> Normative &#8211; EN 1992-1-1_2005 or ACI-318-11;<br \/>\n<strong><span style=\"color: #ff0000;\">1.B.<\/span><\/strong> Materiali &#8211; Classe di calcestruzzo ed acciaio riferiti alla normativa selezionata;<br \/>\n<strong><span style=\"color: #ff0000;\">1.C.<\/span><\/strong> Input delle caratteristiche geometriche, inserite attraverso forma libera o semplificata (wizard);<br \/>\n<strong><span style=\"color: #ff0000;\">1.D.<\/span><\/strong> Men\u00f9 di selezione rapido;<br \/>\n<strong><span style=\"color: #ff0000;\">1.E.<\/span><\/strong> Output delle caratteristiche.<\/p>\n<p>Ogni modifica alla geometria del solaio viene automaticamente visualizzata dal modello 3D presente nella finestra principale. La modifica del singolo parametro, pi\u00f9 precisamente l&#8217;altezza dell&#8217;elemento U-Boot Beton\u00ae e del suo piedino (il quale determina lo spessore della soletta inferiore) pu\u00f2 essere intuitivamente apportata anche dal men\u00f9 grafico a scorrimento presente sul lato sinistro dello schermo.[\/vc_column_text][\/vc_column][\/vc_row][vc_row][vc_column][vc_single_image image=\u00bb113367&#8243; img_size=\u00bbfull\u00bb alignment=\u00bbcenter\u00bb][vc_column_text]<\/p>\n<p style=\"text-align: left;\"><strong>Figura 3<\/strong> &#8211;\u00a0 Dati iniziali.<\/p>\n<p>[\/vc_column_text][\/vc_column][\/vc_row][vc_row][vc_column][vc_column_text]<\/p>\n<p>Nella tabella \u00abRisultati\u00bb sempre presente sul lato destro dello schermo, vengono automaticamente visualizzate ed aggiornate le caratteristiche geometriche ed inerziali di confronto fra sezione piena e sezione alleggerita. Sono riportati inoltre i <strong>modificatori<\/strong> di peso ed inerzia da considerare nella modellazione FEM delle zone alleggerite, per elementi \u00abplate\/shell\u00bb, in accordo con uno dei metodi pi\u00f9 utilizzati che considera elementi FEM bidimensionali di pari spessore per zone piene ed alleggerite e modifica i parametri inerziali e di peso di quest&#8217;ultime in relazione alla perdita di inerzia e peso.<\/p>\n<p>[\/vc_column_text][\/vc_column][\/vc_row][vc_row][vc_column][vc_single_image image=\u00bb113347&#8243; img_size=\u00bb780&#215;469&#8243; alignment=\u00bbcenter\u00bb][vc_column_text]<\/p>\n<p style=\"text-align: left;\"><strong>\u00a0\u00a0\u00a0\u00a0\u00a0\u00a0\u00a0\u00a0\u00a0\u00a0\u00a0\u00a0\u00a0\u00a0\u00a0\u00a0\u00a0\u00a0\u00a0\u00a0\u00a0\u00a0\u00a0\u00a0\u00a0\u00a0\u00a0\u00a0\u00a0\u00a0\u00a0\u00a0\u00a0\u00a0\u00a0\u00a0\u00a0\u00a0\u00a0\u00a0\u00a0\u00a0\u00a0\u00a0\u00a0\u00a0\u00a0\u00a0\u00a0 Figura 4<\/strong> &#8211; Caratteristiche geometriche e inerziali.<\/p>\n<p>[\/vc_column_text][\/vc_column][\/vc_row][vc_row][vc_column][vc_column_text]<\/p>\n<p>Si riporta di seguito un esempio di implementazione dei modificatori determinati da <strong>U-Boot Beton\u00ae Design Software<\/strong>, in un modello FEM sviluppato con l&#8217;ausilio di Midas Gen 2017, avendo considerato elementi bidimensionali tipo \u00abplate\u00bb per le zone piene ed alleggerite.<\/p>\n<p>[\/vc_column_text][\/vc_column][\/vc_row][vc_row][vc_column][vc_single_image image=\u00bb113348&#8243; img_size=\u00bbfull\u00bb alignment=\u00bbcenter\u00bb][vc_column_text]<\/p>\n<p><strong>Figura 5<\/strong> &#8211; Esempio di implementazione dei modificatori in un modello 3D-FEM.<\/p>\n<p>[\/vc_column_text][\/vc_column][\/vc_row][vc_row][vc_column][vc_column_text]<strong><span style=\"color: #ff0000;\">3.2 Armatura a flessione<\/span><br \/>\n<\/strong><\/p>\n<p>In questa sezione \u00e8 possibile scegliere ed inserire il tipo di armatura desiderata, in termini di armatura base ed integrativa. Nel caso delle integrazioni, \u00e8 possibile distinguere fra armatura a diffusa, a livello dell&#8217;armatura base, oppure a travetto.<\/p>\n<p><span style=\"color: #ff0000;\"><strong>2.A<\/strong><\/span>. Armatura base inferiore;<\/p>\n<p style=\"padding-left: 30px;\">Copriferro C<sub>i<\/sub> [cm] misurato dall&#8217;intradosso del solaio.<\/p>\n<p><strong><span style=\"color: #ff0000;\">2.B.<\/span><\/strong> Armatura base superiore;<\/p>\n<p style=\"padding-left: 30px;\">Copriferro C<sub>s<\/sub> [cm] misurato dall&#8217;estradosso del solaio.<\/p>\n<p><strong><span style=\"color: #ff0000;\">2.C.<\/span><\/strong> Calcolo momenti resistenti &#8211; Output.[\/vc_column_text][\/vc_column][\/vc_row][vc_row][vc_column][vc_single_image image=\u00bb113349&#8243; img_size=\u00bbfull\u00bb alignment=\u00bbcenter\u00bb][vc_column_text]<\/p>\n<p style=\"text-align: left;\"><strong>Figura 6<\/strong> &#8211; Armatura a flessione.<\/p>\n<p>[\/vc_column_text][\/vc_column][\/vc_row][vc_row][vc_column][vc_single_image image=\u00bb113350&#8243; img_size=\u00bbfull\u00bb alignment=\u00bbcenter\u00bb][vc_column_text]<\/p>\n<p style=\"text-align: left;\"><strong>Figura 7<\/strong> &#8211; Armatura di base &#8211; Input.<\/p>\n<p>[\/vc_column_text][\/vc_column][\/vc_row][vc_row][vc_column][vc_column_text]<\/p>\n<p>In relazione alle caratteristiche geometriche, ed alla quantit\u00e0 e distribuzione di armatura, il software calcola i Momenti Resistenti della sezione &#8211; M<sub>R<\/sub> [kNm\/m] e [kNm].<\/p>\n<p>[\/vc_column_text][\/vc_column][\/vc_row][vc_row][vc_column][vc_single_image image=\u00bb113351&#8243; img_size=\u00bbfull\u00bb alignment=\u00bbcenter\u00bb][vc_column_text]<\/p>\n<p style=\"text-align: left;\"><strong>Figura 8<\/strong> &#8211; Calcolo momenti resistenti &#8211; Output.<\/p>\n<p>[\/vc_column_text][\/vc_column][\/vc_row][vc_row][vc_column][vc_column_text]Dove:<\/p>\n<p><em>M<sub>R<\/sub> [kNm\/m]:<\/em><strong>\u00a0<\/strong>\u00a0 Momento Resistente per metro di larghezza;<br \/>\n<em>M<sub>R<\/sub> [kNm]:\u00a0<\/em>\u00a0 Momento Resistente per una sezione di larghezza pari all&#8217;interasse dei travetti;<br \/>\n<em>X [mm]:\u00a0<\/em>\u00a0 Profondit\u00e0 dell&#8217;asse neutro;<br \/>\n<em>C [cm] from axis:<\/em>\u00a0\u00a0 Posizione della barra di armatura rispetto ad intradosso o estradosso rispettivamente;<br \/>\n<em>\u03c6 [mm]:<\/em>\u00a0\u00a0 Diametro della barra;<br \/>\n<em>n\u00b0:\u00a0<\/em>\u00a0 Numero di barre di armatura per metro di larghezza;<br \/>\n<em>A<sub>i<\/sub> [cm<sup>2<\/sup>\/m]:\u00a0<\/em>\u00a0 Quantit\u00e0 di armatura per metro di larghezza;<br \/>\n<em>Concrete Cover Check:\u00a0<\/em>\u00a0 <span style=\"background-color: #ffff00;\"><span style=\"color: #99cc00;\">OK<\/span>\/<span style=\"color: #ff0000;\">NO<\/span><\/span>, il software verifica la presenza del copriferro minimo.[\/vc_column_text][\/vc_column][\/vc_row][vc_row][vc_column width=\u00bb1\/2&#8243;][vc_column_text]<\/p>\n<p style=\"text-align: justify;\"><span style=\"color: #ff0000;\"><strong>2.D.<\/strong><\/span>\u00a0 Integrazioni inferiori diffuse\u00a0 &#8211; Direzione 1-1 (X-X);<br \/>\n<strong><span style=\"color: #ff0000;\">2.E.<\/span><\/strong>\u00a0 Integrazioni inferiori diffuse\u00a0 &#8211; Direzione 2-2 (Y-Y);<br \/>\n<strong><span style=\"color: #ff0000;\">2.F.<\/span><\/strong>\u00a0 Integrazioni superiori diffuse &#8211; Direzione 1-1 (X-X);<br \/>\n<strong><span style=\"color: #ff0000;\">2.G.<\/span><\/strong>\u00a0 Integrazioni superiori diffuse &#8211; Direzione 2-2 (Y-Y);<\/p>\n<p>[\/vc_column_text][\/vc_column][\/vc_row][vc_row][vc_column][vc_single_image image=\u00bb113352&#8243; img_size=\u00bbfull\u00bb alignment=\u00bbcenter\u00bb][vc_column_text]<\/p>\n<p style=\"text-align: left;\"><strong>Figura 9<\/strong> &#8211; Calcolo momenti resistenti.<\/p>\n<p>[\/vc_column_text][\/vc_column][\/vc_row][vc_row][vc_column][vc_column_text]Dove:<\/p>\n<p><em>M<sub>R<\/sub> [kNm\/m]:<\/em><strong>\u00a0<\/strong>\u00a0 Momento Resistente per metro di larghezza;<br \/>\n<em>M<sub>R<\/sub> [kNm]:\u00a0<\/em>\u00a0 Momento Resistente per una sezione di larghezza pari all&#8217;interasse dei travetti;<br \/>\n<em>X [mm]:\u00a0<\/em>\u00a0 Profondit\u00e0 dell&#8217;asse neutro;<br \/>\n<em>C [cm] from axis:<\/em>\u00a0\u00a0 Posizione della barra di armatura rispetto ad intradosso o estradosso rispettivamente;<br \/>\n<em>\u03c6 [mm]:<\/em>\u00a0\u00a0 Diametro della barra;<br \/>\n<em>n\u00b0:\u00a0<\/em>\u00a0 Numero di barre di armatura per metro di larghezza;<br \/>\n<em>A<sub>i<\/sub> [cm<sup>2<\/sup>\/m]:\u00a0<\/em>\u00a0 Quantit\u00e0 di armatura per metro di larghezza;<br \/>\n<em>Concrete Cover Check:\u00a0<\/em>\u00a0 <span style=\"background-color: #ffff00;\"><span style=\"color: #99cc00;\">OK<\/span>\/<span style=\"color: #ff0000;\">NO<\/span><\/span>, il software verifica la presenza del copriferro minimo.[\/vc_column_text][\/vc_column][\/vc_row][vc_row][vc_column width=\u00bb1\/2&#8243;][vc_column_text]<span style=\"color: #ff0000;\"><strong>2.H.<\/strong><\/span> Integrazioni inferiori a travetto \u00a0 &#8211;\u00a0 Direzione 1-1 (X-X);<br \/>\n<strong><span style=\"color: #ff0000;\">2. J.<\/span><\/strong> Integrazioni inferiori a travetto\u00a0\u00a0 &#8211;\u00a0 Direzione 2-2 (Y-Y);<br \/>\n<strong><span style=\"color: #ff0000;\">2.K.<\/span><\/strong> Integrazioni superiori a travetto\u00a0 &#8211;\u00a0 Direzione 1-1 (X-X);<br \/>\n<strong><span style=\"color: #ff0000;\">2.L.<\/span><\/strong> Integrazioni superiori a travetto\u00a0 &#8211;\u00a0 Direzione 2-2 (Y-Y).[\/vc_column_text][\/vc_column][\/vc_row][vc_row][vc_column][vc_single_image image=\u00bb113353&#8243; img_size=\u00bbfull\u00bb alignment=\u00bbcenter\u00bb][vc_column_text]<\/p>\n<p style=\"text-align: left;\"><strong>Figura 10<\/strong> &#8211; Calcolo momenti resistenti.<\/p>\n<p>[\/vc_column_text][\/vc_column][\/vc_row][vc_row][vc_column][vc_column_text]Dove:<\/p>\n<p><em>M<sub>R<\/sub> [kNm\/m]:<\/em><strong>\u00a0<\/strong>\u00a0 Momento Resistente per metro di larghezza;<br \/>\n<em>M<sub>R<\/sub> [kNm]:\u00a0<\/em>\u00a0 Momento Resistente per una sezione di larghezza pari all&#8217;interasse dei travetti;<br \/>\n<em>X [mm]:\u00a0<\/em>\u00a0 Profondit\u00e0 dell&#8217;asse neutro;<br \/>\n<em>C [cm] from axis:<\/em>\u00a0\u00a0 Posizione della barra di armatura rispetto ad intradosso o estradosso rispettivamente;<br \/>\n<em>\u03c6 [mm]:<\/em>\u00a0\u00a0 Diametro della barra;<br \/>\n<em>n\u00b0:\u00a0<\/em>\u00a0 Numero di barre di armatura per metro di larghezza;<br \/>\n<em>A<sub>i<\/sub> [cm<sup>2<\/sup>\/m]:\u00a0<\/em>\u00a0 Quantit\u00e0 di armatura per metro di larghezza;<br \/>\n<em>Concrete Cover Check:\u00a0<\/em>\u00a0 <span style=\"background-color: #ffff00;\"><span style=\"color: #99cc00;\">OK<\/span>\/<span style=\"color: #ff0000;\">NO<\/span><\/span>, il software verifica la presenza del copriferro minimo.<\/p>\n<p>&nbsp;<\/p>\n<p>&nbsp;<\/p>\n<p>Nel caso di <strong>integrazioni a travetto<\/strong> l&#8217;utente dovr\u00e0 prima selezionare il diametro della barra e solo dopo la quantit\u00e0. Il software controller\u00e0 il numero massimo di barre ammissibili in relazione alla larghezza del travetto.[\/vc_column_text][\/vc_column][\/vc_row][vc_row][vc_column][vc_column_text]<span style=\"color: #ff0000;\"><strong>3.3 Armatura a taglio<\/strong><\/span><\/p>\n<p>In questa sezione l&#8217;utente potr\u00e0 inserire il passo ed il diametro dell&#8217;armatura a taglio; il software verificher\u00e0 automaticamente che il passo minimo da normativa, rapportato all&#8217;altezza utile del solaio, sia garantito.<\/p>\n<p><strong><span style=\"color: #ff0000;\">3.A.<\/span><\/strong> Passo dell&#8217;armatura a taglio;<br \/>\n<span style=\"color: #ff0000;\"><strong>3.B.<\/strong><\/span> Diametro dell&#8217;armatura a taglio;<br \/>\n<span style=\"color: #ff0000;\"><strong>3.C.<\/strong><\/span> Caratteristiche geometriche della sezione trasversale;<br \/>\n<span style=\"color: #ff0000;\"><strong>3.D.<\/strong><\/span> Resistenza a taglio senza armatura;<br \/>\n<span style=\"color: #ff0000;\"><strong>3.E.<\/strong><\/span> Resistenza di taglio con rinforzo.[\/vc_column_text][\/vc_column][\/vc_row][vc_row][vc_column][vc_single_image image=\u00bb113354&#8243; img_size=\u00bbfull\u00bb alignment=\u00bbcenter\u00bb][vc_column_text]<\/p>\n<p style=\"text-align: left;\"><strong>Figura 11<\/strong> &#8211; Armatura a taglio.<\/p>\n<p>[\/vc_column_text][\/vc_column][\/vc_row][vc_row][vc_column][vc_single_image image=\u00bb113355&#8243; img_size=\u00bbfull\u00bb alignment=\u00bbcenter\u00bb][vc_column_text]<\/p>\n<p style=\"text-align: left;\"><strong>Figura 12<\/strong> &#8211; Armatura a taglio.<\/p>\n<p>[\/vc_column_text][\/vc_column][\/vc_row][vc_row][vc_column][vc_column_text]<\/p>\n<p>Il software riporta automaticamente in tabella i valori della resistenza a taglio con e senza armatura specifica.<\/p>\n<p>[\/vc_column_text][\/vc_column][\/vc_row][vc_row][vc_column][vc_single_image image=\u00bb113358&#8243; img_size=\u00bb505&#215;222&#8243; alignment=\u00bbcenter\u00bb][vc_column_text]<\/p>\n<p style=\"text-align: left;\"><strong>\u00a0\u00a0\u00a0\u00a0\u00a0\u00a0\u00a0\u00a0\u00a0\u00a0\u00a0\u00a0\u00a0\u00a0\u00a0\u00a0\u00a0\u00a0\u00a0\u00a0\u00a0\u00a0\u00a0\u00a0\u00a0\u00a0\u00a0\u00a0\u00a0\u00a0\u00a0\u00a0\u00a0\u00a0\u00a0\u00a0\u00a0\u00a0\u00a0\u00a0\u00a0\u00a0\u00a0\u00a0\u00a0\u00a0\u00a0\u00a0\u00a0<\/strong>\u00a0\u00a0\u00a0\u00a0\u00a0\u00a0\u00a0\u00a0\u00a0\u00a0\u00a0\u00a0\u00a0\u00a0\u00a0\u00a0\u00a0\u00a0\u00a0\u00a0\u00a0\u00a0\u00a0\u00a0\u00a0\u00a0\u00a0\u00a0 \u00a0 \u00a0 <strong>Figura 13 <\/strong>&#8211; Resistenza a taglio senza armatura.<\/p>\n<p>[\/vc_column_text][\/vc_column][\/vc_row][vc_row][vc_column][vc_single_image image=\u00bb113357&#8243; img_size=\u00bb505&#215;445&#8243; alignment=\u00bbcenter\u00bb][vc_column_text]<\/p>\n<p style=\"text-align: left;\"><strong>\u00a0\u00a0\u00a0\u00a0\u00a0\u00a0\u00a0\u00a0\u00a0\u00a0\u00a0\u00a0\u00a0\u00a0\u00a0\u00a0\u00a0\u00a0\u00a0\u00a0\u00a0\u00a0\u00a0\u00a0\u00a0\u00a0\u00a0\u00a0\u00a0\u00a0\u00a0\u00a0\u00a0\u00a0\u00a0\u00a0\u00a0\u00a0\u00a0\u00a0\u00a0\u00a0\u00a0\u00a0\u00a0\u00a0\u00a0\u00a0\u00a0<\/strong>\u00a0\u00a0\u00a0\u00a0\u00a0\u00a0\u00a0\u00a0\u00a0\u00a0\u00a0\u00a0\u00a0\u00a0\u00a0\u00a0\u00a0\u00a0\u00a0\u00a0\u00a0\u00a0\u00a0\u00a0\u00a0\u00a0\u00a0\u00a0 \u00a0 \u00a0 <strong>Figura 14 <\/strong>&#8211; Resistenza di taglio con rinforzo.<\/p>\n<p>[\/vc_column_text][\/vc_column][\/vc_row][vc_row][vc_column][vc_column_text]<span style=\"color: #ff0000;\"><strong>3.4 Sforzi di progetto: Momenti flettenti e Taglio<\/strong><\/span><\/p>\n<p>In questa sezione l&#8217;utente potr\u00e0 inserire i valori di calcolo predeterminati ad esempio per mezzo di un modello 3D-FEM, e confrontarli con i rispettivi valori resistenti calcolati dal software.[\/vc_column_text][\/vc_column][\/vc_row][vc_row][vc_column][vc_single_image image=\u00bb113359&#8243; img_size=\u00bbfull\u00bb alignment=\u00bbcenter\u00bb][vc_column_text]<\/p>\n<p style=\"text-align: left;\"><strong>Figura 15<\/strong> &#8211; Sforzi di progetto.<\/p>\n<p>[\/vc_column_text][\/vc_column][\/vc_row][vc_row][vc_column][vc_single_image image=\u00bb113360&#8243; img_size=\u00bbfull\u00bb alignment=\u00bbcenter\u00bb][vc_column_text]<\/p>\n<p style=\"text-align: left;\"><strong>Figura 16<\/strong> &#8211; Sforzi di progetto &#8211; Input.<\/p>\n<p>[\/vc_column_text][\/vc_column][\/vc_row][vc_row][vc_column][vc_column_text]<\/p>\n<p>Inserire le sollecitazioni di progetto, premere il tasto \u00abcalcola\u00bb e verificare:<\/p>\n<p>[\/vc_column_text][\/vc_column][\/vc_row][vc_row][vc_column][vc_single_image image=\u00bb113361&#8243; img_size=\u00bbfull\u00bb alignment=\u00bbcenter\u00bb][vc_column_text]<\/p>\n<p style=\"text-align: left;\"><strong>Figura 17<\/strong> &#8211; Verifica sforzi di progetto &#8211; Output.<\/p>\n<p>[\/vc_column_text][\/vc_column][\/vc_row][vc_row][vc_column][vc_column_text]<span style=\"color: #ff0000;\"><strong>3.5 Anteprima Report<br \/>\n<\/strong><\/span>[\/vc_column_text][\/vc_column][\/vc_row][vc_row][vc_column][vc_single_image image=\u00bb113362&#8243; img_size=\u00bbfull\u00bb alignment=\u00bbcenter\u00bb][vc_column_text]<\/p>\n<p style=\"text-align: left;\">Nella sezione \u00abAnteprima Report\u00bb l&#8217;utente ha a disposizione diverse utilit\u00e0:<\/p>\n<p>[\/vc_column_text][\/vc_column][\/vc_row][vc_row][vc_column][vc_single_image image=\u00bb113363&#8243; img_size=\u00bblarge\u00bb][\/vc_column][\/vc_row][vc_row][vc_column][vc_column_text]<strong><span style=\"color: #ff0000;\">3.6 Vista<\/span><br \/>\n<\/strong>Nella finestra principle dell&#8217;applicazione \u00e8 sempre presente il modello 3D della soletta che l&#8217;utente sta analizzando. Il modello viene automaticamente aggiornato ad ogni modifica da parte dell&#8217;utente (geometria, armatura, ecc.) Nella sezione \u00abVista\u00bb sono presenti diverse utilit\u00e0 a disposizione dell&#8217;utente.<\/p>\n<p><span style=\"color: #ff0000;\"><strong>6.A.<\/strong><\/span> Permette di visualizzare o meno i singoli ordini di armatura (base, integrativa, taglio);<\/p>\n<p><span style=\"color: #ff0000;\"><strong>6.B.<\/strong><\/span> Consentono di riportare il modello in posizioni predeterminate:<\/p>\n<p style=\"padding-left: 30px;\">* Il tasto sinistro del mouse consente di ruotare il modello;<br \/>\n* Il tasto destro del mouse consente di spostare (pan) il modello;<br \/>\n* Il tasto centrale (scroll) del mouse consente di zoomare la vista;<\/p>\n<p><span style=\"color: #ff0000;\"><strong>6.C.<\/strong><\/span> Opzioni di visualizzazione;<\/p>\n<p style=\"padding-left: 30px;\">* Mostra o nascondi il calcestruzzo;<br \/>\n* Imposta il grado di trasparenza del calcestruzzo;<br \/>\n* Mostra o nasconde le quote.<\/p>\n<p>[\/vc_column_text][\/vc_column][\/vc_row][vc_row][vc_column][vc_single_image image=\u00bb113364&#8243; img_size=\u00bbfull\u00bb alignment=\u00bbcenter\u00bb][vc_column_text]<\/p>\n<p style=\"text-align: left;\"><strong>Figura 18<\/strong> &#8211; Sezione \u00abVista\u00bb.<\/p>\n<p>N.B.: La configurazione del modello che appare nella finestra <span style=\"color: #ff0000;\"><strong>1.F<\/strong><\/span> sar\u00e0 quello che verr\u00e0 riportato nell\u2019immagine 3D all\u2019interno del report.[\/vc_column_text][\/vc_column][\/vc_row][vc_row][vc_column][vc_column_text]<\/p>\n<p>Tutte le <strong>quote<\/strong> del modello, ad eccezione di quelle fisse (in grigio), possono essere utilizzate per modificare le corrispondenti caratteristiche geometriche del solaio, come riportato nella figura sottostante.<\/p>\n<p>[\/vc_column_text][\/vc_column][\/vc_row][vc_row][vc_column][vc_single_image image=\u00bb113365&#8243; img_size=\u00bb1911&#215;1006&#8243; alignment=\u00bbcenter\u00bb][vc_column_text]<\/p>\n<p><strong>Figura 19<\/strong> &#8211; Modifica delle caratteristiche del modello attraverso la modifica della quota.<\/p>\n<p>[\/vc_column_text][\/vc_column][\/vc_row][vc_row][vc_column][vc_single_image image=\u00bb113366&#8243; img_size=\u00bb597&#215;168&#8243; alignment=\u00bbcenter\u00bb][vc_column_text]<\/p>\n<p><strong>\u00a0\u00a0\u00a0\u00a0\u00a0\u00a0\u00a0\u00a0\u00a0\u00a0\u00a0\u00a0\u00a0\u00a0\u00a0\u00a0\u00a0\u00a0\u00a0\u00a0\u00a0\u00a0\u00a0\u00a0\u00a0\u00a0\u00a0\u00a0\u00a0\u00a0\u00a0\u00a0\u00a0\u00a0\u00a0\u00a0\u00a0\u00a0\u00a0\u00a0\u00a0\u00a0\u00a0 \u00a0 \u00a0 \u00a0 \u00a0 \u00a0 \u00a0 \u00a0 \u00a0 \u00a0 \u00a0 \u00a0 \u00a0\u00a0\u00a0 Figura 20<\/strong> &#8211; Modifica dell&#8217;altezza dell&#8217; U-Boot Beton\u00ae attraverso la modifica della quota<\/p>\n<p>[\/vc_column_text][\/vc_column][\/vc_row]<\/p>\n","protected":false},"excerpt":{"rendered":"<p>[vc_row][vc_column][vc_column_text]1. INTRODUZIONE U-Boot Beton\u00ae Design Software \u00e8 lo strumento ideale per la progettazione di solai a piastra alleggeriti con intradosso piano, &#8230;<\/p>\n","protected":false},"author":1,"featured_media":0,"parent":0,"menu_order":50,"comment_status":"closed","ping_status":"closed","template":"","meta":[],"acf":[],"aioseo_notices":[],"_links":{"self":[{"href":"https:\/\/www.daliform.com\/es\/wp-json\/wp\/v2\/pages\/113072"}],"collection":[{"href":"https:\/\/www.daliform.com\/es\/wp-json\/wp\/v2\/pages"}],"about":[{"href":"https:\/\/www.daliform.com\/es\/wp-json\/wp\/v2\/types\/page"}],"author":[{"embeddable":true,"href":"https:\/\/www.daliform.com\/es\/wp-json\/wp\/v2\/users\/1"}],"replies":[{"embeddable":true,"href":"https:\/\/www.daliform.com\/es\/wp-json\/wp\/v2\/comments?post=113072"}],"version-history":[{"count":3,"href":"https:\/\/www.daliform.com\/es\/wp-json\/wp\/v2\/pages\/113072\/revisions"}],"predecessor-version":[{"id":113458,"href":"https:\/\/www.daliform.com\/es\/wp-json\/wp\/v2\/pages\/113072\/revisions\/113458"}],"wp:attachment":[{"href":"https:\/\/www.daliform.com\/es\/wp-json\/wp\/v2\/media?parent=113072"}],"curies":[{"name":"wp","href":"https:\/\/api.w.org\/{rel}","templated":true}]}}