{"id":70997,"date":"2015-02-05T10:21:41","date_gmt":"2015-02-05T09:21:41","guid":{"rendered":"https:\/\/www.daliform.com\/?page_id=70997"},"modified":"2022-02-15T15:11:28","modified_gmt":"2022-02-15T14:11:28","slug":"unternehmen","status":"publish","type":"page","link":"https:\/\/www.daliform.com\/de\/unternehmen\/","title":{"rendered":"Unternehmen"},"content":{"rendered":"<p>[vc_row padding_top=&#8220;10&#8243; padding_bottom=&#8220;10&#8243;][vc_column width=&#8220;1\/3&#8243;][vc_single_image image=&#8220;71003&#8243; img_size=&#8220;full&#8220; alignment=&#8220;center&#8220;][\/vc_column][vc_column width=&#8220;2\/3&#8243;][vc_column_text]<\/p>\n<h5 style=\"text-align: justify;\"><strong>Daliform Group ist heute in der Schaffung und Herstellung von Kunststofferzeugnissen f\u00fcr die Baubranche marktf\u00fchrend.<\/strong><\/h5>\n<p>Das Unternehmen bleibt mit seinem hoch qualifizierten, technischen Personal, weiterhin eine \u201cSchmiede erfolgreicher Innovationen\u201d. Diese Innovationen haben das Bauwesen im Laufe der letzten zwei Jahrzehnte erheblich verbessert, im Einzelnen sind die Bel\u00fcftungshohlr\u00e4ume (IGLU\u2019<sup>\u00ae<\/sup> e ATLANTIS), die leichtgewichtigen, zweih\u00e4uptigen (U-BOOT<sup>\u00ae<\/sup> BETON) und einh\u00e4uptigen Decken (U-BAHN BETON\u00ae und befahrbaren Rasen (PRATOPRATICO<sup>\u00ae<\/sup>, E.C.O. Pratopratico<sup>\u00ae<\/sup>, Easy Park<sup>\u00ae<\/sup>, Easy Ride, V-Green<sup>\u00ae<\/sup>) zu nennen.[\/vc_column_text][\/vc_column][vc_column css=&#8220;.vc_custom_1459494796289{margin-top: 10px !important;margin-bottom: -10px !important;}&#8220;][vc_column_text]<\/p>\n<p style=\"text-align: justify;\">Daliform Group srl wurde 2009 mit dem Ziel gegr\u00fcndet, das wertvolle und exklusive Erbe an Kenntnissen und Kompetenzen der Daliform srl in Pordenone zu \u00fcbernehmen: Seit 1993 hat sich das Unternehmen mit seiner F\u00e4higkeit ausgezeichnet, aus wiederverwertetem Kunststoff hochentwickelte Produkte f\u00fcr das Bauwesen herzustellen, die das Problem der aufsteigenden Feuchtigkeit und die Radonkonzentrationen im Erdreich endg\u00fcltig l\u00f6sen k\u00f6nnen.<\/p>\n<p style=\"text-align: justify;\"><em>Die Initiative des Unternehmens begann am Anfang der 90-er Jahre mit einem Gesetz des Gebietes Friaul Julisch-Venetien (Nummer 44 vom 23. August 1985), das als erstes in Italien die Vorschrift der Verwendung eines Bel\u00fcftungshohlraums genau regelte, nachdem man innerhalb des Gebiets starke Radonkonzentrationen festgestellt hatte. <\/em><br \/>\n<em>Den herk\u00f6mmlichen L\u00f6sungen (Mauern und Hohlziegel oder Decke) gegen\u00fcber bot Daliform srl ein eigenes und revolution\u00e4res Schalungssystem namens IGLU\u2019 an, das in k\u00fcrzester Zeit einen enormen Erfolg verzeichnen konnte.<\/em><\/p>\n<p>[\/vc_column_text][\/vc_column][\/vc_row]<\/p>\n","protected":false},"excerpt":{"rendered":"<p>Daliform Group ist heute in der Schaffung und Herstellung von Kunststofferzeugnissen f\u00fcr die Baubranche marktf\u00fchrend.<\/p>\n","protected":false},"author":1,"featured_media":70786,"parent":0,"menu_order":38,"comment_status":"closed","ping_status":"closed","template":"template-company.php","meta":[],"acf":[],"aioseo_notices":[],"_links":{"self":[{"href":"https:\/\/www.daliform.com\/de\/wp-json\/wp\/v2\/pages\/70997"}],"collection":[{"href":"https:\/\/www.daliform.com\/de\/wp-json\/wp\/v2\/pages"}],"about":[{"href":"https:\/\/www.daliform.com\/de\/wp-json\/wp\/v2\/types\/page"}],"author":[{"embeddable":true,"href":"https:\/\/www.daliform.com\/de\/wp-json\/wp\/v2\/users\/1"}],"replies":[{"embeddable":true,"href":"https:\/\/www.daliform.com\/de\/wp-json\/wp\/v2\/comments?post=70997"}],"version-history":[{"count":0,"href":"https:\/\/www.daliform.com\/de\/wp-json\/wp\/v2\/pages\/70997\/revisions"}],"wp:featuredmedia":[{"embeddable":true,"href":"https:\/\/www.daliform.com\/de\/wp-json\/wp\/v2\/media\/70786"}],"wp:attachment":[{"href":"https:\/\/www.daliform.com\/de\/wp-json\/wp\/v2\/media?parent=70997"}],"curies":[{"name":"wp","href":"https:\/\/api.w.org\/{rel}","templated":true}]}}