{"id":70814,"date":"2016-04-06T15:18:46","date_gmt":"2016-04-06T13:18:46","guid":{"rendered":"https:\/\/www.daliform.com\/?page_id=70814"},"modified":"2022-05-13T15:00:53","modified_gmt":"2022-05-13T13:00:53","slug":"engineering-service","status":"publish","type":"page","link":"https:\/\/www.daliform.com\/de\/engineering-service\/","title":{"rendered":"Engineering service"},"content":{"rendered":"<p>[vc_row row_type=&#8220;row_full_center_content&#8220;][vc_column][vc_row_inner][vc_column_inner width=&#8220;1\/3&#8243;][vc_single_image image=&#8220;107411&#8243; img_size=&#8220;large&#8220; style=&#8220;vc_box_border&#8220;][\/vc_column_inner][vc_column_inner width=&#8220;2\/3&#8243;][vc_column_text]<\/p>\n<p style=\"text-align: justify;\"><span style=\"color: #000000;\">Der <strong>Engineering Service Daliform Group<\/strong> steht den Kunden (Planungstechniker, Betriebe, H\u00e4ndler, Zulieferer) f\u00fcr Planung, gemeinsame Planung, Durchf\u00fchrbarkeitsstudien, Vergleichsanalysen und Kosten zur Verf\u00fcgung.<\/span><\/p>\n<p><span style=\"color: #000000;\">Unser technisches B\u00fcro kann dank unseres Teams von erfahrenen Ingenieuren von der Vor- und Planungsphase bis zur Baustellenunterst\u00fctzung die notwendige Unterst\u00fctzung leisten.<\/span><br \/>\n<span style=\"color: #000000;\">Produkte der Daliform Group sind in den <strong>BIM Files<\/strong> vorhanden und k\u00f6nnen dank der mit den Objekten verbundenen detaillierten Eigenschaften problemlos in das Projekt eingef\u00fcgt werden.<\/span>[\/vc_column_text][vc_button title=&#8220;BIM &#8211; Download&#8220; color=&#8220;primary&#8220; margin_top=&#8220;-20px&#8220; link=&#8220;url:https%3A%2F%2Fwww.daliform.com%2Fde%2Fbim-bibliotheken-daliform%2F|title:BIM&#8220;][\/vc_column_inner][\/vc_row_inner][\/vc_column][\/vc_row]<\/p>\n","protected":false},"excerpt":{"rendered":"<p>Der Engineering Service steht den Kunden f\u00fcr Planung, gemeinsame Planung, Durchf\u00fchrbarkeitsstudien, Vergleichsanalysen und Kosten zur Verf\u00fcgung.<\/p>\n","protected":false},"author":1,"featured_media":0,"parent":0,"menu_order":37,"comment_status":"closed","ping_status":"closed","template":"template-product.php","meta":[],"acf":[],"aioseo_notices":[],"_links":{"self":[{"href":"https:\/\/www.daliform.com\/de\/wp-json\/wp\/v2\/pages\/70814"}],"collection":[{"href":"https:\/\/www.daliform.com\/de\/wp-json\/wp\/v2\/pages"}],"about":[{"href":"https:\/\/www.daliform.com\/de\/wp-json\/wp\/v2\/types\/page"}],"author":[{"embeddable":true,"href":"https:\/\/www.daliform.com\/de\/wp-json\/wp\/v2\/users\/1"}],"replies":[{"embeddable":true,"href":"https:\/\/www.daliform.com\/de\/wp-json\/wp\/v2\/comments?post=70814"}],"version-history":[{"count":3,"href":"https:\/\/www.daliform.com\/de\/wp-json\/wp\/v2\/pages\/70814\/revisions"}],"predecessor-version":[{"id":107617,"href":"https:\/\/www.daliform.com\/de\/wp-json\/wp\/v2\/pages\/70814\/revisions\/107617"}],"wp:attachment":[{"href":"https:\/\/www.daliform.com\/de\/wp-json\/wp\/v2\/media?parent=70814"}],"curies":[{"name":"wp","href":"https:\/\/api.w.org\/{rel}","templated":true}]}}