{"id":69674,"date":"2016-05-10T15:44:52","date_gmt":"2016-05-10T13:44:52","guid":{"rendered":"https:\/\/www.daliform.com\/?page_id=69674"},"modified":"2024-07-31T16:38:10","modified_gmt":"2024-07-31T14:38:10","slug":"dachgartensysteme","status":"publish","type":"page","link":"https:\/\/www.daliform.com\/de\/dachgartensysteme\/","title":{"rendered":"Iglu&#8217;\u00ae Green Roof"},"content":{"rendered":"<p>[vc_row][vc_column width=&#8220;1\/4&#8243;][vc_single_image image=&#8220;64534&#8243; img_size=&#8220;large&#8220;][\/vc_column][vc_column width=&#8220;3\/4&#8243;][vc_column_text]<\/p>\n<h5><strong>Igl\u00f9\u00ae Green Roof ist ein System aus recyceltem Kunststoff von gro\u00dfem \u00f6kologischem Wert gegen die fortschreitende Zementierung unserer St\u00e4dte f\u00fcr die Schaffung von Dachg\u00e4rten und Gr\u00fcnd\u00e4chern zum Schutz der Abdichtung und mit einer Garantie f\u00fcr die Haltbarkeit des Gartens.<\/strong><\/h5>\n<p>Das Hauptproblem der Dachg\u00e4rten war die Regulierung der Dr\u00e4nage, um das Eingehen der Pflanzen durch \u00fcberm\u00e4\u00dfigen Wasserstau oder durch fehlendes Wasser zu verhindern.<br \/>\nHeute kann man die Dr\u00e4nage der Dachg\u00e4rten dank Iglu\u2019\u00ae green roof regulieren, seine Oberfl\u00e4che erm\u00f6glicht eine angepasste Wasserspeicherung und gleichzeitig die Ableitung des \u00fcberfl\u00fcssigen Wassers durch &#8222;\u00dcberlauf&#8220;-\u00d6ffnungen.[\/vc_column_text][\/vc_column][\/vc_row][vc_row padding_top=&#8220;0&#8243; padding_bottom=&#8220;0&#8243;][vc_column][vc_empty_space height=&#8220;20px&#8220;][vc_column_text]Das Anlegen eines Dachgartens mit Iglu\u2019\u00ae green roof erf\u00fcllt die Bestimmungen der \u00f6ffentlichen Verwaltung in Bezug auf Bauparameter, Energieeinsparung und Minderung des Wasserablaufs in die Kanalisierung.[\/vc_column_text][\/vc_column][\/vc_row]<\/p>\n","protected":false},"excerpt":{"rendered":"<p>Iglu\u2019\u00ae green roof eignet sich bestens f\u00fcr die Herstellung von Dachg\u00e4rten und erm\u00f6glicht ihre sichere Anlegung ohne die Abdichtungen zu besch\u00e4digen.<\/p>\n","protected":false},"author":1,"featured_media":64520,"parent":0,"menu_order":35,"comment_status":"closed","ping_status":"closed","template":"template-product.php","meta":[],"acf":[],"aioseo_notices":[],"_links":{"self":[{"href":"https:\/\/www.daliform.com\/de\/wp-json\/wp\/v2\/pages\/69674"}],"collection":[{"href":"https:\/\/www.daliform.com\/de\/wp-json\/wp\/v2\/pages"}],"about":[{"href":"https:\/\/www.daliform.com\/de\/wp-json\/wp\/v2\/types\/page"}],"author":[{"embeddable":true,"href":"https:\/\/www.daliform.com\/de\/wp-json\/wp\/v2\/users\/1"}],"replies":[{"embeddable":true,"href":"https:\/\/www.daliform.com\/de\/wp-json\/wp\/v2\/comments?post=69674"}],"version-history":[{"count":2,"href":"https:\/\/www.daliform.com\/de\/wp-json\/wp\/v2\/pages\/69674\/revisions"}],"predecessor-version":[{"id":112949,"href":"https:\/\/www.daliform.com\/de\/wp-json\/wp\/v2\/pages\/69674\/revisions\/112949"}],"wp:featuredmedia":[{"embeddable":true,"href":"https:\/\/www.daliform.com\/de\/wp-json\/wp\/v2\/media\/64520"}],"wp:attachment":[{"href":"https:\/\/www.daliform.com\/de\/wp-json\/wp\/v2\/media?parent=69674"}],"curies":[{"name":"wp","href":"https:\/\/api.w.org\/{rel}","templated":true}]}}