{"id":69626,"date":"2016-05-10T14:42:52","date_gmt":"2016-05-10T12:42:52","guid":{"rendered":"https:\/\/www.daliform.com\/?page_id=69626"},"modified":"2021-10-14T11:04:22","modified_gmt":"2021-10-14T09:04:22","slug":"bodenfestigungsplatten-fur-reitplatze-und-paddocks","status":"publish","type":"page","link":"https:\/\/www.daliform.com\/de\/bodenfestigungsplatten-fur-reitplatze-und-paddocks\/","title":{"rendered":"Easy Ride"},"content":{"rendered":"<p>[vc_row][vc_column width=&#8220;1\/4&#8243;][vc_single_image image=&#8220;63802&#8243; img_size=&#8220;large&#8220;][\/vc_column][vc_column width=&#8220;3\/4&#8243;][vc_column_text]<\/p>\n<h5 style=\"text-align: justify;\">Easy Ride ist ein Gitter aus wiederverwertetem, umweltvertr\u00e4glichem Kunststoffmaterial, das gegen UV-Strahlen behandelt wurde und mit dem Fl\u00e4chen, auf denen sich Tiere, auch gro\u00dfe, bewegen, stabilisiert werden, damit wird die Beweglichkeit erhalten und die allgemeine Hygiene ihres Lebensraums verbessert.<\/h5>\n<p>[\/vc_column_text][vc_column_text]<strong>Easy Ride<\/strong> ist mit seinen Merkmalen der Elastizit\u00e4t und Stabilit\u00e4t besonders f\u00fcr das Reiten und die Pferdehaltung geeignet, da es verhindern kann, dass das Pferd durch Spr\u00fcnge oder hohe Geschwindigkeit Beinsch\u00e4den erleidet, in dem es f\u00fcr eine h\u00f6here \u201cBodenhaftung\u201d sorgt und damit ein besseres dynamisches Gleichgewicht verleiht.[\/vc_column_text][\/vc_column][\/vc_row]<\/p>\n","protected":false},"excerpt":{"rendered":"<p>Wurde und mit dem Fl\u00e4chen, auf denen sich Tiere stabilisiert werden, damit wird die Beweglichkeit erhalten und die allgemeine Hygiene.<\/p>\n","protected":false},"author":1,"featured_media":63790,"parent":0,"menu_order":33,"comment_status":"closed","ping_status":"closed","template":"template-product.php","meta":[],"acf":[],"aioseo_notices":[],"_links":{"self":[{"href":"https:\/\/www.daliform.com\/de\/wp-json\/wp\/v2\/pages\/69626"}],"collection":[{"href":"https:\/\/www.daliform.com\/de\/wp-json\/wp\/v2\/pages"}],"about":[{"href":"https:\/\/www.daliform.com\/de\/wp-json\/wp\/v2\/types\/page"}],"author":[{"embeddable":true,"href":"https:\/\/www.daliform.com\/de\/wp-json\/wp\/v2\/users\/1"}],"replies":[{"embeddable":true,"href":"https:\/\/www.daliform.com\/de\/wp-json\/wp\/v2\/comments?post=69626"}],"version-history":[{"count":0,"href":"https:\/\/www.daliform.com\/de\/wp-json\/wp\/v2\/pages\/69626\/revisions"}],"wp:featuredmedia":[{"embeddable":true,"href":"https:\/\/www.daliform.com\/de\/wp-json\/wp\/v2\/media\/63790"}],"wp:attachment":[{"href":"https:\/\/www.daliform.com\/de\/wp-json\/wp\/v2\/media?parent=69626"}],"curies":[{"name":"wp","href":"https:\/\/api.w.org\/{rel}","templated":true}]}}