{"id":68609,"date":"2016-05-10T17:14:52","date_gmt":"2016-05-10T15:14:52","guid":{"rendered":"https:\/\/www.daliform.com\/?page_id=68609"},"modified":"2024-07-31T17:05:47","modified_gmt":"2024-07-31T15:05:47","slug":"salvaprato-erby-gitter-fur-befahrbare-bodenbelage","status":"publish","type":"page","link":"https:\/\/www.daliform.com\/de\/salvaprato-erby-gitter-fur-befahrbare-bodenbelage\/","title":{"rendered":"Salvaprato Erby"},"content":{"rendered":"<p>[vc_row][vc_column width=&#8220;1\/4&#8243;][vc_single_image image=&#8220;62783&#8243; img_size=&#8220;large&#8220;][\/vc_column][vc_column width=&#8220;3\/4&#8243;][vc_column_text]<\/p>\n<h5 style=\"text-align: justify;\"><strong>Salvaprato ERBY ist ein modulares Gitter aus recyceltem Kunststoff f\u00fcr den Au\u00dfenbereich, das die Herstellung von Einfahrten mit Rasenbelag mit gro\u00dfen \u00e4sthetischen, funktionellen, \u00f6kologischen und wirtschaftlichen Vorteilen erm\u00f6glicht.<\/strong><\/h5>\n<p>Der Rasenschutz ERBY sch\u00fctzt mit seiner besonderen Struktur die Grasdecke bei allen Wetterbedingungen vor Belastungen durch das Fahren oder Parken der Fahrzeuge und beg\u00fcnstigt gleichzeitig das Wachsen und die nat\u00fcrliche Wurzelbildung des Wiese.[\/vc_column_text][\/vc_column][vc_column][vc_empty_space height=&#8220;15px&#8220;][vc_column_text]Das Prinzip ist, dass man die nat\u00fcrliche Oberfl\u00e4che mit zellenartigen, sehr robusten Gittern verst\u00e4rkt, der Grasteppich bleibt einige mm unter den senkrechten W\u00e4nden des Bodenbelags und wird dadurch nicht zertreten.<br \/>\nDurch das Nut-Feder-Systemleicht und intuitiv zu verlegen, in kurzer Zeit sind gro\u00dfe Fl\u00e4chen einsatzbereit.<br \/>\nDer Rasenschutz ERBY ist in Gr\u00fcn lieferbar.[\/vc_column_text][\/vc_column][\/vc_row]<\/p>\n","protected":false},"excerpt":{"rendered":"<p>Der Rasenschutz ERBY ist ein modulares Kunststoffgitter f\u00fcr Au\u00dfenbereiche, mit dem man befahrbare Bodenbel\u00e4ge mit Rasenoberfl\u00e4che anlegen kann.<\/p>\n","protected":false},"author":1,"featured_media":62761,"parent":0,"menu_order":31,"comment_status":"closed","ping_status":"closed","template":"template-product.php","meta":[],"acf":[],"aioseo_notices":[],"_links":{"self":[{"href":"https:\/\/www.daliform.com\/de\/wp-json\/wp\/v2\/pages\/68609"}],"collection":[{"href":"https:\/\/www.daliform.com\/de\/wp-json\/wp\/v2\/pages"}],"about":[{"href":"https:\/\/www.daliform.com\/de\/wp-json\/wp\/v2\/types\/page"}],"author":[{"embeddable":true,"href":"https:\/\/www.daliform.com\/de\/wp-json\/wp\/v2\/users\/1"}],"replies":[{"embeddable":true,"href":"https:\/\/www.daliform.com\/de\/wp-json\/wp\/v2\/comments?post=68609"}],"version-history":[{"count":1,"href":"https:\/\/www.daliform.com\/de\/wp-json\/wp\/v2\/pages\/68609\/revisions"}],"predecessor-version":[{"id":112954,"href":"https:\/\/www.daliform.com\/de\/wp-json\/wp\/v2\/pages\/68609\/revisions\/112954"}],"wp:featuredmedia":[{"embeddable":true,"href":"https:\/\/www.daliform.com\/de\/wp-json\/wp\/v2\/media\/62761"}],"wp:attachment":[{"href":"https:\/\/www.daliform.com\/de\/wp-json\/wp\/v2\/media?parent=68609"}],"curies":[{"name":"wp","href":"https:\/\/api.w.org\/{rel}","templated":true}]}}