{"id":68237,"date":"2016-05-10T08:58:52","date_gmt":"2016-05-10T06:58:52","guid":{"rendered":"https:\/\/www.daliform.com\/?page_id=68237"},"modified":"2022-02-17T16:59:27","modified_gmt":"2022-02-17T15:59:27","slug":"gitter-fur-senkrecht-wachsende-kletterpflanzen","status":"publish","type":"page","link":"https:\/\/www.daliform.com\/de\/gitter-fur-senkrecht-wachsende-kletterpflanzen\/","title":{"rendered":"V-Green\u00ae"},"content":{"rendered":"<p>[vc_row][vc_column width=&#8220;1\/4&#8243;][vc_single_image image=&#8220;64166&#8243; img_size=&#8220;large&#8220; alignment=&#8220;center&#8220;][\/vc_column][vc_column width=&#8220;3\/4&#8243;][vc_column_text]<\/p>\n<h5><strong>Das System V-Green\u00ae (Vertical Green) bietet eine Gelegenheit, um Leben und Gr\u00fcn in die grauen St\u00e4dte und Gro\u00dfst\u00e4dte zu bringen.<\/strong><\/h5>\n<p>V-Green ist eine Halterung f\u00fcr Kletterpflanzen, die als nat\u00fcrliche Verkleidung der Au\u00dfenw\u00e4nde eines Geb\u00e4udes verwendet werden; mit V-Green\u00ae entstehen einfach und wirtschaftlich richtige vertikale G\u00e4rten, die durch die reinigende Wirkung aufgrund der Aufnahme von CO<sub>2<\/sub> und Feinstaub, sowie der positiven \u00e4sthetischen und psychologischen Auswirkungen, nicht nur f\u00fcr das Geb\u00e4ude kompensierende, abmildernde und verbessernde Wirkung zeigen, sondern auch f\u00fcr die Umgebung.[\/vc_column_text][\/vc_column][\/vc_row]<\/p>\n","protected":false},"excerpt":{"rendered":"<p>V-Green ist eine Halterung f\u00fcr Kletterpflanzen, die als nat\u00fcrliche Verkleidung der Au\u00dfenw\u00e4nde eines Geb\u00e4udes verwendet werden.<\/p>\n","protected":false},"author":1,"featured_media":64155,"parent":0,"menu_order":34,"comment_status":"closed","ping_status":"closed","template":"template-product.php","meta":[],"acf":[],"aioseo_notices":[],"_links":{"self":[{"href":"https:\/\/www.daliform.com\/de\/wp-json\/wp\/v2\/pages\/68237"}],"collection":[{"href":"https:\/\/www.daliform.com\/de\/wp-json\/wp\/v2\/pages"}],"about":[{"href":"https:\/\/www.daliform.com\/de\/wp-json\/wp\/v2\/types\/page"}],"author":[{"embeddable":true,"href":"https:\/\/www.daliform.com\/de\/wp-json\/wp\/v2\/users\/1"}],"replies":[{"embeddable":true,"href":"https:\/\/www.daliform.com\/de\/wp-json\/wp\/v2\/comments?post=68237"}],"version-history":[{"count":0,"href":"https:\/\/www.daliform.com\/de\/wp-json\/wp\/v2\/pages\/68237\/revisions"}],"wp:featuredmedia":[{"embeddable":true,"href":"https:\/\/www.daliform.com\/de\/wp-json\/wp\/v2\/media\/64155"}],"wp:attachment":[{"href":"https:\/\/www.daliform.com\/de\/wp-json\/wp\/v2\/media?parent=68237"}],"curies":[{"name":"wp","href":"https:\/\/api.w.org\/{rel}","templated":true}]}}