{"id":68104,"date":"2020-11-06T10:53:52","date_gmt":"2020-11-06T09:53:52","guid":{"rendered":"https:\/\/www.daliform.com\/?page_id=68104"},"modified":"2024-07-31T17:02:51","modified_gmt":"2024-07-31T15:02:51","slug":"green-park-gitter-fur-befahrbare-bodenbelage","status":"publish","type":"page","link":"https:\/\/www.daliform.com\/de\/green-park-gitter-fur-befahrbare-bodenbelage\/","title":{"rendered":"Green Park"},"content":{"rendered":"<p>[vc_row][vc_column width=&#8220;1\/4&#8243;][vc_single_image image=&#8220;62794&#8243; img_size=&#8220;large&#8220;][\/vc_column][vc_column width=&#8220;3\/4&#8243;][vc_column_text]<\/p>\n<h5><strong>Green Park ist ein modulares Produkt, das aus recyceltem, umweltfreundlichem und wiederverwertbarem Kunststoff hergestellt wird. Es macht den Rasen befahrbar, indem es die Oberfl\u00e4che vor Sch\u00e4den sch\u00fctzt, die durch die Durchfahrt und das Parken von Radfahrzeugen, einschlie\u00dflich Lastkraftwagen, verursacht werden.<\/strong><\/h5>\n<p>Erkennbar durch seine ornamentale Wirkung, ist das Produkt leicht zu verlegen, wartungsfrei und h\u00e4lt den Belastungen, die der Einsatz unter extremen Umweltbedingungen im Laufe der Zeit mit sich bringt, stand.[\/vc_column_text][\/vc_column][vc_column][vc_empty_space height=&#8220;15px&#8220;][vc_column_text]Die beiden gegen\u00fcberliegenden Seiten mit unterschiedlichen Formen, die \u00e4u\u00dferst vielseitig sind, erm\u00f6glichen die Verlegung von Green Park auf beiden Seiten: Seite mit d\u00fcnneren Rippen nach oben, um Einfahrtsbereiche und B\u00f6den mit Rasen- oder Kiesbelag zu schaffen; Seite mit d\u00fcnneren Rippen nach unten, um momentane Gr\u00fcnfl\u00e4chen f\u00fcr Fu\u00dfg\u00e4nger zu schaffen.<\/p>\n<p>Erh\u00e4ltlich in den Farben Gr\u00fcn und Wei\u00df, um mit jeder Oberfl\u00e4che zu harmonieren, sogar mit Kies. Dabei wird die Ausbreitung von Kies verhindert.[\/vc_column_text][\/vc_column][\/vc_row]<\/p>\n","protected":false},"excerpt":{"rendered":"<p>Green Park ist ein modulares Produkt, hergestellt aus thermoplastischem, \u00f6kologischem und wiederverwertbarem Harz. Erh\u00e4ltlich in den Farben Gr\u00fcn und Wei\u00df.<\/p>\n","protected":false},"author":1,"featured_media":62673,"parent":0,"menu_order":30,"comment_status":"closed","ping_status":"closed","template":"template-product.php","meta":[],"acf":[],"aioseo_notices":[],"_links":{"self":[{"href":"https:\/\/www.daliform.com\/de\/wp-json\/wp\/v2\/pages\/68104"}],"collection":[{"href":"https:\/\/www.daliform.com\/de\/wp-json\/wp\/v2\/pages"}],"about":[{"href":"https:\/\/www.daliform.com\/de\/wp-json\/wp\/v2\/types\/page"}],"author":[{"embeddable":true,"href":"https:\/\/www.daliform.com\/de\/wp-json\/wp\/v2\/users\/1"}],"replies":[{"embeddable":true,"href":"https:\/\/www.daliform.com\/de\/wp-json\/wp\/v2\/comments?post=68104"}],"version-history":[{"count":1,"href":"https:\/\/www.daliform.com\/de\/wp-json\/wp\/v2\/pages\/68104\/revisions"}],"predecessor-version":[{"id":112951,"href":"https:\/\/www.daliform.com\/de\/wp-json\/wp\/v2\/pages\/68104\/revisions\/112951"}],"wp:featuredmedia":[{"embeddable":true,"href":"https:\/\/www.daliform.com\/de\/wp-json\/wp\/v2\/media\/62673"}],"wp:attachment":[{"href":"https:\/\/www.daliform.com\/de\/wp-json\/wp\/v2\/media?parent=68104"}],"curies":[{"name":"wp","href":"https:\/\/api.w.org\/{rel}","templated":true}]}}