{"id":67831,"date":"2016-05-13T09:04:52","date_gmt":"2016-05-13T07:04:52","guid":{"rendered":"https:\/\/www.daliform.com\/?page_id=67831"},"modified":"2024-07-31T16:47:52","modified_gmt":"2024-07-31T14:47:52","slug":"eco-gitter-fur-befahrbare-bodenbelage","status":"publish","type":"page","link":"https:\/\/www.daliform.com\/de\/eco-gitter-fur-befahrbare-bodenbelage\/","title":{"rendered":"E.C.O. di Pratopratico\u00ae"},"content":{"rendered":"<p>[vc_row][vc_column width=&#8220;1\/4&#8243;][vc_single_image image=&#8220;67806&#8243; img_size=&#8220;large&#8220;][\/vc_column][vc_column width=&#8220;3\/4&#8243;][vc_column_text]<\/p>\n<h5 style=\"text-align: justify;\"><strong>E.C.O. by PRATOPRATICO\u00ae (Zierelement f\u00fcr die Einfahrt) ist ein modulares Gitter aus recyceltem Kunststoff f\u00fcr den Au\u00dfenbereich, das die Herstellung von Fahrbahnbel\u00e4gen mit Rasenoberfl\u00e4che mit gro\u00dfen \u00e4sthetischen, funktionellen und \u00f6kologischen Vorteilen erm\u00f6glicht.<\/strong><\/h5>\n<p style=\"text-align: justify;\">E.C.O. di PRATOPRATICO\u00ae wird aus Mischungen thermoplastischer Harze (zur H\u00e4lfte roh mit hohen technisch-mechanischen Eigenschaften und zur H\u00e4lfte aus Recycling) hergestellt, die in der Lage sind, ein hervorragendes Verh\u00e4ltnis zwischen Qualit\u00e4t und Preis zu bieten.<\/p>\n<p>[\/vc_column_text][\/vc_column][vc_column][vc_empty_space height=&#8220;15px&#8220;][vc_column_text]Die Verwendung von recyceltem Material ist zwar aus \u00f6kologischer Sicht eine lobenswerte Initiative, jedoch nicht immer frei von Kontraindikationen. Eine recycelte Verbindung wirkt sich jedoch auf Kosten der Qualit\u00e4t und Haltbarkeit des Produkts sicherlich g\u00fcnstig auf den Preis aus. Genau aus diesem Grund hat E.C.O. di PRATOPRATICO\u00ae besteht zu 50% aus Neuware, um die Wirtschaftlichkeit und Qualit\u00e4t des Produkts g\u00fcnstig zu kombinieren.[\/vc_column_text][\/vc_column][\/vc_row]<\/p>\n","protected":false},"excerpt":{"rendered":"<p>Der Rasenschutz E.C.O. by Pratopratico ist ein modulares Kunststoffgitter f\u00fcr Au\u00dfenbereiche, mit dem man befahrbare Bodenbel\u00e4ge mit Rasenoberfl\u00e4che anlegen kann.<\/p>\n","protected":false},"author":1,"featured_media":62415,"parent":0,"menu_order":29,"comment_status":"closed","ping_status":"closed","template":"template-product.php","meta":[],"acf":[],"aioseo_notices":[],"_links":{"self":[{"href":"https:\/\/www.daliform.com\/de\/wp-json\/wp\/v2\/pages\/67831"}],"collection":[{"href":"https:\/\/www.daliform.com\/de\/wp-json\/wp\/v2\/pages"}],"about":[{"href":"https:\/\/www.daliform.com\/de\/wp-json\/wp\/v2\/types\/page"}],"author":[{"embeddable":true,"href":"https:\/\/www.daliform.com\/de\/wp-json\/wp\/v2\/users\/1"}],"replies":[{"embeddable":true,"href":"https:\/\/www.daliform.com\/de\/wp-json\/wp\/v2\/comments?post=67831"}],"version-history":[{"count":1,"href":"https:\/\/www.daliform.com\/de\/wp-json\/wp\/v2\/pages\/67831\/revisions"}],"predecessor-version":[{"id":112950,"href":"https:\/\/www.daliform.com\/de\/wp-json\/wp\/v2\/pages\/67831\/revisions\/112950"}],"wp:featuredmedia":[{"embeddable":true,"href":"https:\/\/www.daliform.com\/de\/wp-json\/wp\/v2\/media\/62415"}],"wp:attachment":[{"href":"https:\/\/www.daliform.com\/de\/wp-json\/wp\/v2\/media?parent=67831"}],"curies":[{"name":"wp","href":"https:\/\/api.w.org\/{rel}","templated":true}]}}