{"id":67752,"date":"2016-05-25T10:21:49","date_gmt":"2016-05-25T08:21:49","guid":{"rendered":"https:\/\/www.daliform.com\/?page_id=67752"},"modified":"2022-03-02T10:29:21","modified_gmt":"2022-03-02T09:29:21","slug":"wasserverteilungsbecken","status":"publish","type":"page","link":"https:\/\/www.daliform.com\/de\/das-system-fur-wasserspeicher-aus-beton\/anwendungen-atlantis-tank\/wasserverteilungsbecken\/","title":{"rendered":"Wasserverteilungsbecken"},"content":{"rendered":"<p>[vc_row padding_top=&#8220;0&#8243; padding_bottom=&#8220;0&#8243;][vc_column]\n\t<div class=\"custom-heading wpb_content_element  heading-medium\">\n\t\t<h2 class=\"heading-title\" >Das Becken kann direkt auf die Haube gesetzt oder in die Erde eingebettet und auf der Oberfl\u00e4che kann ein asphaltierter Parkplatz oder eine Gr\u00fcnanlage angelegt werden.<\/h2>\n\t\t<span class=\"heading-line primary\"><\/span>\n\t<\/div>[\/vc_column][\/vc_row][vc_row][vc_column width=&#8220;1\/2&#8243;][vc_single_image image=&#8220;61267&#8243; img_size=&#8220;full&#8220;][\/vc_column][vc_column width=&#8220;1\/2&#8243;][vc_column_text]<\/p>\n<h5 style=\"text-align: justify;\"><strong>Im Gegensatz zu den Sammelbecken sind die Verteilungsbecken nicht vollkommen wasserdicht, sondern sie geben das Regenwasser langsam \u00fcber Schlitze in den W\u00e4nden oder \u00fcber eine Drainageboden an das Grundwasser ab.<\/strong><\/h5>\n<p style=\"text-align: justify;\">Die Verteilungsbecken sind ein Mittel, um <strong>die Grundw\u00e4sser wieder zu erg\u00e4nzen<\/strong>, die durch die Zementierung, die die nat\u00fcrliche Drainage des Bodens drastisch reduziert hat, stark abgenommen haben. Wie vorher erw\u00e4hnt, k\u00f6nnten die Verteilungsbecken f\u00fcr das Wassereinzugsgebiet ein n\u00fctzliches Planungsinstrument sein, um das hydrogeologische Risiko zu senken.<\/p>\n<p><strong>Auf \u00f6ffentlichem Niveau sind die Vorteile f\u00fcr das Wassereinzugsgebiet betr\u00e4chtlich:<\/strong><br \/>\n\u2022 Entlastung des Kanalnetzes bei schweren Regenf\u00e4llen und daraus folgernde Reduzierung der Durchs\u00e4tze der Kl\u00e4ranlagen und der aufnehmenden Gew\u00e4sser (Fl\u00fcsse, Seen, Meer, usw.);<br \/>\n\u2022 die \u00f6rtliche Wasserbilanz wird erhalten.[\/vc_column_text][\/vc_column][vc_column][vc_column_text]<\/p>\n<div>\n<div>\n<p style=\"text-align: justify;\"><strong>Das Becken kann direkt auf die Haube gesetzt oder in die Erde eingebettet und auf der Oberfl\u00e4che kann ein asphaltierter Parkplatz oder eine Gr\u00fcnanlage angelegt werden.<\/strong><\/p>\n<p style=\"text-align: justify;\">In einem engeren Kreis kann man auch andere Nutzungsbereiche festlegen, wie beispielsweise die Kanalisierungsnetze (wei\u00dfes oder gemischtes Abwasser). Auch sie sind von den Niederschl\u00e4gen betroffen und normalerweise m\u00fcssen sie f\u00fcr die Ausdehnung des Stadtbereichs \u00fcberbemessen werden. Wenn man Verteilungsbecken benutzt, die auch auf mehrere Punkten des Gebiets konzentriert sein k\u00f6nnen und denen das aufgefangene Regenwasser aus mehreren Parzellierungen zugef\u00fchrt wird, w\u00fcrde man die Kosten f\u00fcr die der Herstellung vieler kleiner Becken senken und die Gesamtkosten zum Erh\u00f6hen des Durchsatzes der Kanalisierungen reduzieren. Eine aufmerksame Kosten-Wirkungs-Analyse k\u00f6nnte die \u00f6rtlichen Obrigkeiten veranlassen, in den St\u00e4dten Auflagen f\u00fcr die lokale Verteilung des Regenwassers einzuf\u00fchren, um ein Gleichgewicht der Gew\u00e4sser zu erhalten, die Gesamtkosten f\u00fcr die Verwaltung der Wasserleitung zu senken, \u00f6rtliches Grundwasser zu speisen und um eine nachhaltigere Entwicklung zu f\u00f6rdern.<\/p>\n<p><strong>Auf \u00f6ffentlichem Niveau und kommunaler Skala erh\u00e4lt man folgende Vorteile:<\/strong><br \/>\n\u2022 Die \u00f6ffentlichen Leitungen m\u00fcssen nicht ausgebaut werden, weil das Zuviel an Regenwasser im st\u00e4dtischen Bereich durch die fortschreitenden Zementierung nicht vom Boden absorbiert wird, es wird entweder zur\u00fcckgehalten oder geht vor Ort verloren.<br \/>\n\u2022 geringere Gefahr, dass das Kanalnetz \u00fcberl\u00e4uft<br \/>\n\u2022 Speisung des \u00f6rtlichen Grundwassers<\/p>\n<\/div>\n<\/div>\n<p>[\/vc_column_text][\/vc_column][\/vc_row][vc_row][vc_column][vc_separator][vc_column_text css=&#8220;.vc_custom_1633695562230{margin-bottom: 15px !important;}&#8220;]<strong><span lang=\"de\">EMPFOHLENE PRODUKTE<\/span>:<\/strong>[\/vc_column_text][vc_empty_space height=&#8220;10px&#8220;][\/vc_column][vc_column][vc_masonry_grid post_type=&#8220;ids&#8220; element_width=&#8220;3&#8243; grid_id=&#8220;vc_gid:1633695500023-6a4207eb-4b7c-7&#8243; include=&#8220;4620&#8243; el_class=&#8220;text-size-p&#8220;][\/vc_column][\/vc_row]<\/p>\n","protected":false},"excerpt":{"rendered":"<p>Die Verteilbecken mit Atlantis Tank dienen dem Zweck die Wirkung des \u00dcberlaufens abzuschw\u00e4chen, die bei au\u00dfergew\u00f6hnlich heftigen Niederschl\u00e4gen auftritt.<\/p>\n","protected":false},"author":1,"featured_media":61257,"parent":66979,"menu_order":2,"comment_status":"closed","ping_status":"closed","template":"","meta":[],"acf":[],"aioseo_notices":[],"_links":{"self":[{"href":"https:\/\/www.daliform.com\/de\/wp-json\/wp\/v2\/pages\/67752"}],"collection":[{"href":"https:\/\/www.daliform.com\/de\/wp-json\/wp\/v2\/pages"}],"about":[{"href":"https:\/\/www.daliform.com\/de\/wp-json\/wp\/v2\/types\/page"}],"author":[{"embeddable":true,"href":"https:\/\/www.daliform.com\/de\/wp-json\/wp\/v2\/users\/1"}],"replies":[{"embeddable":true,"href":"https:\/\/www.daliform.com\/de\/wp-json\/wp\/v2\/comments?post=67752"}],"version-history":[{"count":0,"href":"https:\/\/www.daliform.com\/de\/wp-json\/wp\/v2\/pages\/67752\/revisions"}],"up":[{"embeddable":true,"href":"https:\/\/www.daliform.com\/de\/wp-json\/wp\/v2\/pages\/66979"}],"wp:featuredmedia":[{"embeddable":true,"href":"https:\/\/www.daliform.com\/de\/wp-json\/wp\/v2\/media\/61257"}],"wp:attachment":[{"href":"https:\/\/www.daliform.com\/de\/wp-json\/wp\/v2\/media?parent=67752"}],"curies":[{"name":"wp","href":"https:\/\/api.w.org\/{rel}","templated":true}]}}