{"id":67704,"date":"2016-05-25T10:18:32","date_gmt":"2016-05-25T08:18:32","guid":{"rendered":"https:\/\/www.daliform.com\/?page_id=67704"},"modified":"2022-03-02T10:34:38","modified_gmt":"2022-03-02T09:34:38","slug":"wasserauffangbecken","status":"publish","type":"page","link":"https:\/\/www.daliform.com\/de\/das-system-fur-wasserspeicher-aus-beton\/anwendungen-atlantis-tank\/wasserauffangbecken\/","title":{"rendered":"Wasserauffangbecken"},"content":{"rendered":"<p>[vc_row padding_top=&#8220;0&#8243; padding_bottom=&#8220;0&#8243;][vc_column]\n\t<div class=\"custom-heading wpb_content_element  heading-medium\">\n\t\t<h2 class=\"heading-title\" >Durch die Modularit\u00e4t, Handlichkeit, schnelle Herstellung und das gro\u00dfe vertikale Fassungsverm\u00f6gen ist Atlantis das ideale Instrument um gro\u00dfr\u00e4umige Becken mit extrem niedrigen Kosten herzustellen.<\/h2>\n\t\t<span class=\"heading-line primary\"><\/span>\n\t<\/div>[\/vc_column][\/vc_row][vc_row][vc_column width=&#8220;1\/2&#8243;][vc_single_image image=&#8220;61231&#8243; img_size=&#8220;full&#8220;][\/vc_column][vc_column width=&#8220;1\/2&#8243;][vc_column_text]<\/p>\n<div>\n<p style=\"text-align: justify;\">Seine Struktur mit kugelf\u00f6rmiger Abdeckung verleiht der Betonsch\u00fcttung mit den ausgef\u00fchrten Dicken einen erheblichen Widerstand, der es erlaubt die Oberseite des Beckens als Parkplatz (z.B.: Parkplatz IKEA in Amsterdam) oder Sportanlage (z.B.: Tennispl\u00e4tze, Fu\u00dfballfelder, usw.) zu nutzen. Das gleiche Prinzip wird auch beim Wohnungsbau, sowohl f\u00fcr Einzelh\u00e4user als auch f\u00fcr Parzellierungen angewandt. Man kann entsprechende R\u00e4ume mit den <strong>Schalungen Atlantis<\/strong> abdecken, die anschlie\u00dfend mit Regenwasser gef\u00fcllt werden, dass von einem Regenwasser-Ablaufsystem der Geb\u00e4ude aufgefangen wird. Die aufgefangene Wassermenge kann f\u00fcr alle Anwendungen, die kein Trinkwasser verlangen, verwendet werden, wie beispielsweise Toilettensp\u00fclungen, Waschmaschine, Gartenbew\u00e4sserung, L\u00f6schpumpen, usw. Das Becken muss wasserdicht sein und einen \u00dcberlauf haben.<\/p>\n<p style=\"text-align: justify;\"><strong>Die Instandhaltung der Becken ist durch breite begehbare Stege im Becken gew\u00e4hrleistet, die durch die gemeinsame Benutzung des Systems Atlantis und des Zubeh\u00f6rs Beton Up entstehen.<\/strong><br \/>\nDer Abstand den man zwischen den S\u00e4ulen mit Atlantis 100% erzielt, ist besonders gro\u00dfz\u00fcgig.<\/p>\n<\/div>\n<p>[\/vc_column_text][\/vc_column][\/vc_row][vc_row][vc_column][vc_column_text]<\/p>\n<div>\n<div>\n<div>\n<p style=\"text-align: justify;\"><strong>Das Becken kann direkt auf die Haube gesetzt oder in die Erde eingebettet und auf der Oberfl\u00e4che kann ein asphaltierter Parkplatz oder eine Gr\u00fcnanlage angelegt werden.<\/strong><\/p>\n<p style=\"text-align: justify;\">Im <strong>Privatbereich kann<\/strong> 50% des t\u00e4glichen Wasserbedarfs durch Regenwasser gedeckt werden:<br \/>\n\u2022 f\u00fcr Bew\u00e4sserung (unterst\u00fctzt die optimale Aufnahme der Mineralien);<br \/>\n\u2022 f\u00fcr Waschmaschine und Hausreinigung (Regenwasser f\u00fchrt nicht zu Kalkbildung);<br \/>\n\u2022 f\u00fcr die Toilettensp\u00fclung;<br \/>\n\u2022 zum Waschen des Autos<br \/>\nselbstverst\u00e4ndlich ist Regenwasser kostenlos.<br \/>\nAuch auf dem Industriesektor (Fabriken, B\u00fcros) kann in den Herstellungsabl\u00e4ufen der K\u00fchlung, W\u00e4sche, Nachsp\u00fclung und in jeder anderen Nonfood-Verarbeitung Regenwasser benutzt werden, das gleiche gilt f\u00fcr die L\u00f6schanlagen, die Sammelbecken benutzen k\u00f6nnen.<\/p>\n<\/div>\n<\/div>\n<\/div>\n<p>[\/vc_column_text][\/vc_column][\/vc_row][vc_row][vc_column][vc_separator][vc_column_text css=&#8220;.vc_custom_1633693942897{margin-bottom: 15px !important;}&#8220;]<strong><span lang=\"de\">EMPFOHLENE PRODUKTE<\/span>:<br \/>\n<\/strong>[\/vc_column_text][vc_empty_space height=&#8220;10px&#8220;][\/vc_column][vc_column][vc_masonry_grid post_type=&#8220;ids&#8220; element_width=&#8220;3&#8243; grid_id=&#8220;vc_gid:1633693895611-d3a101b9-43c4-4&#8243; include=&#8220;4620&#8243; el_class=&#8220;text-size-p&#8220;][\/vc_column][\/vc_row]<\/p>\n","protected":false},"excerpt":{"rendered":"<p>Atlantis Tank das ideale Instrument um gro\u00dfr\u00e4umige Becken mit extrem niedrigen Kosten herzustellen.<\/p>\n","protected":false},"author":1,"featured_media":61105,"parent":66979,"menu_order":1,"comment_status":"closed","ping_status":"closed","template":"","meta":[],"acf":[],"aioseo_notices":[],"_links":{"self":[{"href":"https:\/\/www.daliform.com\/de\/wp-json\/wp\/v2\/pages\/67704"}],"collection":[{"href":"https:\/\/www.daliform.com\/de\/wp-json\/wp\/v2\/pages"}],"about":[{"href":"https:\/\/www.daliform.com\/de\/wp-json\/wp\/v2\/types\/page"}],"author":[{"embeddable":true,"href":"https:\/\/www.daliform.com\/de\/wp-json\/wp\/v2\/users\/1"}],"replies":[{"embeddable":true,"href":"https:\/\/www.daliform.com\/de\/wp-json\/wp\/v2\/comments?post=67704"}],"version-history":[{"count":0,"href":"https:\/\/www.daliform.com\/de\/wp-json\/wp\/v2\/pages\/67704\/revisions"}],"up":[{"embeddable":true,"href":"https:\/\/www.daliform.com\/de\/wp-json\/wp\/v2\/pages\/66979"}],"wp:featuredmedia":[{"embeddable":true,"href":"https:\/\/www.daliform.com\/de\/wp-json\/wp\/v2\/media\/61105"}],"wp:attachment":[{"href":"https:\/\/www.daliform.com\/de\/wp-json\/wp\/v2\/media?parent=67704"}],"curies":[{"name":"wp","href":"https:\/\/api.w.org\/{rel}","templated":true}]}}