{"id":67660,"date":"2016-05-25T10:13:36","date_gmt":"2016-05-25T08:13:36","guid":{"rendered":"https:\/\/www.daliform.com\/?page_id=67660"},"modified":"2022-03-02T10:32:30","modified_gmt":"2022-03-02T09:32:30","slug":"neustrukturierung-von-schwimmbecken","status":"publish","type":"page","link":"https:\/\/www.daliform.com\/de\/das-system-fur-wasserspeicher-aus-beton\/anwendungen-atlantis-tank\/neustrukturierung-von-schwimmbecken\/","title":{"rendered":"Neustrukturierung von Schwimmbecken"},"content":{"rendered":"<p>[vc_row padding_top=&#8220;0&#8243; padding_bottom=&#8220;0&#8243;][vc_column]\n\t<div class=\"custom-heading wpb_content_element  heading-medium\">\n\t\t<h2 class=\"heading-title\" >Atlantis stellt die ideale L\u00f6sung f\u00fcr die Neustrukturierung von \u00f6ffentlichen und privaten Schwimmbecken, in Ferienanlagen und Wellnesscentern dar, eignet sich aber auch f\u00fcr die Konstruktion eines neuen Schwimmbeckens innerhalb des bereits vorhandenen.<\/h2>\n\t\t<span class=\"heading-line primary\"><\/span>\n\t<\/div>[\/vc_column][\/vc_row][vc_row][vc_column width=&#8220;1\/2&#8243;][vc_masonry_media_grid element_width=&#8220;6&#8243; grid_id=&#8220;vc_gid:1633688310636-ef5f380b-a38b-9&#8243; include=&#8220;38268,61194,61204,61214&#8243;][\/vc_column][vc_column width=&#8220;1\/2&#8243;][vc_column_text]<\/p>\n<p style=\"text-align: justify;\">Falls eine Erneuerung des Schwimmbeckens aus \u00e4sthetischen oder funktionellen Gr\u00fcnden notwendig ist,<\/p>\n<h5 style=\"text-align: justify;\"><strong>stellt Atlantis das ideale System zur Herstellung geneigter oder mehrstufiger Fl\u00e4chen dar, wenn eine gr\u00f6\u00dfere Dicke zur Verf\u00fcgung steht.<\/strong><\/h5>\n<p>Dank den nach Ma\u00df lieferbaren Heberohren ist die Herstellung geneigter Fl\u00e4chen bis zu einer maximalen H\u00f6he von 300 cm m\u00f6glich. Da man das Heberohr auf den Zentimeter genau in der H\u00f6he einstellen kann, ist es au\u00dferdem m\u00f6glich, problemlos Neigungen an Strukturen mit schr\u00e4gem Boden und Oberfl\u00e4che mit unterschiedlichen Neigungen herzustellen, wobei man eine erhebliche Zeit- und Kosteneinsparung erzielt.<br \/>\nDas System kann auch f\u00fcr Terrassierungen verwendet werden.[\/vc_column_text][\/vc_column][\/vc_row][vc_row][vc_column][vc_separator][vc_column_text css=&#8220;.vc_custom_1633688396291{margin-bottom: 15px !important;}&#8220;]<strong><span lang=\"de\">EMPFOHLENE PRODUKTE<\/span>:<br \/>\n<\/strong>[\/vc_column_text][vc_empty_space height=&#8220;10px&#8220;][\/vc_column][vc_column][vc_masonry_grid post_type=&#8220;ids&#8220; element_width=&#8220;3&#8243; grid_id=&#8220;vc_gid:1633688310637-6aaaf34c-0ca9-9&#8243; include=&#8220;4620&#8243; el_class=&#8220;text-size-p&#8220;][\/vc_column][\/vc_row]<\/p>\n","protected":false},"excerpt":{"rendered":"<p>Atlantis stellt die ideale L\u00f6sung f\u00fcr die Neustrukturierung von \u00f6ffentlichen und privaten Schwimmbecken, in Ferienanlagen und Wellnesscentern dar.<\/p>\n","protected":false},"author":1,"featured_media":61184,"parent":66979,"menu_order":0,"comment_status":"closed","ping_status":"closed","template":"","meta":[],"acf":[],"aioseo_notices":[],"_links":{"self":[{"href":"https:\/\/www.daliform.com\/de\/wp-json\/wp\/v2\/pages\/67660"}],"collection":[{"href":"https:\/\/www.daliform.com\/de\/wp-json\/wp\/v2\/pages"}],"about":[{"href":"https:\/\/www.daliform.com\/de\/wp-json\/wp\/v2\/types\/page"}],"author":[{"embeddable":true,"href":"https:\/\/www.daliform.com\/de\/wp-json\/wp\/v2\/users\/1"}],"replies":[{"embeddable":true,"href":"https:\/\/www.daliform.com\/de\/wp-json\/wp\/v2\/comments?post=67660"}],"version-history":[{"count":0,"href":"https:\/\/www.daliform.com\/de\/wp-json\/wp\/v2\/pages\/67660\/revisions"}],"up":[{"embeddable":true,"href":"https:\/\/www.daliform.com\/de\/wp-json\/wp\/v2\/pages\/66979"}],"wp:featuredmedia":[{"embeddable":true,"href":"https:\/\/www.daliform.com\/de\/wp-json\/wp\/v2\/media\/61184"}],"wp:attachment":[{"href":"https:\/\/www.daliform.com\/de\/wp-json\/wp\/v2\/media?parent=67660"}],"curies":[{"name":"wp","href":"https:\/\/api.w.org\/{rel}","templated":true}]}}