{"id":66619,"date":"2016-05-19T16:01:52","date_gmt":"2016-05-19T14:01:52","guid":{"rendered":"https:\/\/www.daliform.com\/?page_id=66619"},"modified":"2024-07-31T16:25:51","modified_gmt":"2024-07-31T14:25:51","slug":"das-system-fur-wasserspeicher-aus-beton","status":"publish","type":"page","link":"https:\/\/www.daliform.com\/de\/das-system-fur-wasserspeicher-aus-beton\/","title":{"rendered":"Atlantis Tank"},"content":{"rendered":"<p>[vc_row][vc_column width=&#8220;1\/4&#8243;][vc_single_image image=&#8220;66623&#8243; img_size=&#8220;large&#8220;][\/vc_column][vc_column width=&#8220;3\/4&#8243;][vc_column_text]<\/p>\n<h5 style=\"text-align: justify;\"><strong>Atlantis Tank ist ein patentiertes System zur Herstellung von gesch\u00fctteten Becken zum Sammeln oder zur Dispersion gro\u00dfer Wassermengen auf kleinem Raum.<\/strong><\/h5>\n<p style=\"text-align: justify;\">Die Stahlbetonstruktur, die man mit dem Atlantis Tank erh\u00e4lt, besteht aus einer Plattform, den umlaufenden Mauern und einer von Pfeilen getragenen Sohle; die so geformte Struktur garantiert eine hohen Widerstand gegen st\u00e4ndige und pl\u00f6tzliche \u00dcberlastungen.<\/p>\n<p>[\/vc_column_text][vc_column_text]Das mit Atlantis Tank geformte Becken in die Erde eingebettet, wenn man dar\u00fcber einen gr\u00fcnen Bereich anlegen m\u00f6chte oder kann direkt auf Fahrzeuge auch Schwertransporte zur Weiterbef\u00f6rderung geladen werden.<br \/>\nSchnelligkeit, Einfachheit und Kosteneffizienz sind die Hauptmerkmale dieses Systems aus <strong>recyceltem Kunststoff.<\/strong>[\/vc_column_text][\/vc_column][\/vc_row]<\/p>\n","protected":false},"excerpt":{"rendered":"<p>Atlantis Tank ist die ideale L\u00f6sung f\u00fcr gesch\u00fcttete Becken zum Sammeln und\/oder Verteilen des Wassers und f\u00fcr die Umstrukturierung von Schwimmbecken. <\/p>\n","protected":false},"author":1,"featured_media":61105,"parent":0,"menu_order":27,"comment_status":"closed","ping_status":"closed","template":"template-product.php","meta":[],"acf":[],"aioseo_notices":[],"_links":{"self":[{"href":"https:\/\/www.daliform.com\/de\/wp-json\/wp\/v2\/pages\/66619"}],"collection":[{"href":"https:\/\/www.daliform.com\/de\/wp-json\/wp\/v2\/pages"}],"about":[{"href":"https:\/\/www.daliform.com\/de\/wp-json\/wp\/v2\/types\/page"}],"author":[{"embeddable":true,"href":"https:\/\/www.daliform.com\/de\/wp-json\/wp\/v2\/users\/1"}],"replies":[{"embeddable":true,"href":"https:\/\/www.daliform.com\/de\/wp-json\/wp\/v2\/comments?post=66619"}],"version-history":[{"count":1,"href":"https:\/\/www.daliform.com\/de\/wp-json\/wp\/v2\/pages\/66619\/revisions"}],"predecessor-version":[{"id":112943,"href":"https:\/\/www.daliform.com\/de\/wp-json\/wp\/v2\/pages\/66619\/revisions\/112943"}],"wp:featuredmedia":[{"embeddable":true,"href":"https:\/\/www.daliform.com\/de\/wp-json\/wp\/v2\/media\/61105"}],"wp:attachment":[{"href":"https:\/\/www.daliform.com\/de\/wp-json\/wp\/v2\/media?parent=66619"}],"curies":[{"name":"wp","href":"https:\/\/api.w.org\/{rel}","templated":true}]}}